{"id":3884,"date":"2025-12-07T19:56:46","date_gmt":"2025-12-07T18:56:46","guid":{"rendered":"https:\/\/diverkion.com\/?post_type=product&#038;p=3884"},"modified":"2025-12-07T20:07:16","modified_gmt":"2025-12-07T19:07:16","slug":"huella-magica-de-los-reyes-magos","status":"publish","type":"product","link":"https:\/\/diverkion.com\/ca\/producte\/huella-magica-de-los-reyes-magos\/","title":{"rendered":"Huella m\u00e1gica de los Reyes magos"},"content":{"rendered":"<p data-start=\"134\" data-end=\"413\">Haz que la llegada de los Reyes Magos sea todav\u00eda m\u00e1s especial con nuestra <strong data-start=\"210\" data-end=\"250\">huella m\u00e1gica de los reyes magos<\/strong>. Es ideal para sorprender a los m\u00e1s peque\u00f1os la ma\u00f1ana del 6 de enero. Ver huellas en el suelo los har\u00e1 sentir que Sus Majestades han estado realmente en casa.<\/p>\n<p data-start=\"415\" data-end=\"941\">La plantilla est\u00e1 fabricada en <strong data-start=\"446\" data-end=\"474\">madera de 2.5 mm de grosor<\/strong>. Es resistente, duradera y podr\u00e1s reutilizarla cada a\u00f1o. Sus medidas son <strong data-start=\"548\" data-end=\"562\">23 x 16 cm<\/strong>, y el tama\u00f1o de la huella resultante es de unos <strong data-start=\"611\" data-end=\"624\">21 x 9 cm<\/strong>, perfecta para simular la suela de una gran bota real. El dise\u00f1o incluye las <strong data-start=\"702\" data-end=\"712\">coronas de los tres reyes magos<\/strong>\u00a0y un <strong data-start=\"735\" data-end=\"752\">copo de nieve<\/strong>. Tamb\u00e9 incorpora una <strong data-start=\"774\" data-end=\"792\">estrella fugaz<\/strong>, que hace referencia a la tradicional estrella que guio a los reyes magos hacia el portal. Cada detalle est\u00e1 pensado para dar un toque de magia y autenticidad.<\/p>\n<p data-start=\"943\" data-end=\"1359\">Su uso es muy sencillo. Solo debes colocar la plantilla sobre el suelo. Despu\u00e9s, espolvorea harina, talco, cacao en polvo, purpurina o nieve artificial por encima. Ret\u00edrala con cuidado. Y listo: aparecer\u00e1 una pisada perfecta. Podr\u00e1s crear un camino entero desde la puerta hasta donde hayan dejado los regalos. Tambi\u00e9n puedes decorar balcones, pasillos, la chimenea o la zona del \u00e1rbol. Los ni\u00f1os quedar\u00e1n fascinados.<\/p>\n<p data-start=\"1361\" data-end=\"1656\">Esta huella m\u00e1gica de los reyes magos es ideal para familias que viven intensamente la tradici\u00f3n de los Reyes Magos. Tambi\u00e9n es perfecta para escuelas, guarder\u00edas, comercios o actividades navide\u00f1as. Permite crear un ambiente lleno de ilusi\u00f3n en cualquier espacio. Adem\u00e1s, se guarda sin ocupar espacio y es f\u00e1cil de limpiar.<\/p>\n<p data-start=\"1658\" data-end=\"1913\">Convertir la noche de Reyes en una experiencia inolvidable es muy sencillo. Los m\u00e1s peque\u00f1os mirar\u00e1n el suelo con sorpresa y mucha emoci\u00f3n. Estas huellas se convertir\u00e1n en un recuerdo que perdurar\u00e1 en el tiempo. Una tradici\u00f3n que podr\u00e1n repetir a\u00f1o tras a\u00f1o.<\/p>\n<p data-start=\"1915\" data-end=\"2067\">A\u00f1ade esta huella m\u00e1gica de los reyes magos a tus celebraciones. Vive la magia. Comparte la ilusi\u00f3n.<br data-start=\"2003\" data-end=\"2006\" \/><strong data-start=\"2006\" data-end=\"2062\">\u00a1Los Reyes Magos est\u00e1n a punto de llegar a tu hogar!<\/strong><\/p>","protected":false},"excerpt":{"rendered":"<p>Haz que la llegada de los Reyes Magos sea todav\u00eda m\u00e1s especial con nuestra huella m\u00e1gica de los reyes magos. Es ideal para sorprender a los m\u00e1s peque\u00f1os la ma\u00f1ana del 6 de enero. Ver huellas en el suelo los har\u00e1 sentir que Sus Majestades han estado realmente en casa.&hellip; <\/p>","protected":false},"featured_media":3880,"comment_status":"open","ping_status":"closed","template":"","meta":[],"product_brand":[],"product_cat":[194],"product_tag":[226,92,228,231],"class_list":{"0":"post-3884","1":"product","2":"type-product","3":"status-publish","4":"has-post-thumbnail","6":"product_cat-complementos","7":"product_tag-laser","8":"product_tag-madera","9":"product_tag-navidad","10":"product_tag-reyes-magos","12":"first","13":"instock","14":"shipping-taxable","15":"purchasable","16":"product-type-simple"},"yoast_head":"<!-- This site is optimized with the Yoast SEO plugin v27.4 - https:\/\/yoast.com\/product\/yoast-seo-wordpress\/ -->\n<title>Huella m\u00e1gica de los Reyes magos - DIVERKION.COM<\/title>\n<meta name=\"description\" content=\"A\u00f1ade esta huella m\u00e1gica de los reyes magos a tus celebraciones de navidad. Vive la magia con los tuyos. Comparte la ilusi\u00f3n.\" \/>\n<meta name=\"robots\" content=\"index, follow, max-snippet:-1, max-image-preview:large, max-video-preview:-1\" \/>\n<link rel=\"canonical\" href=\"https:\/\/diverkion.com\/ca\/producte\/huella-magica-de-los-reyes-magos\/\" \/>\n<meta property=\"og:locale\" content=\"ca_ES\" \/>\n<meta property=\"og:type\" content=\"article\" \/>\n<meta property=\"og:title\" content=\"Huella m\u00e1gica de los Reyes magos - DIVERKION.COM\" \/>\n<meta property=\"og:description\" content=\"A\u00f1ade esta huella m\u00e1gica de los reyes magos a tus celebraciones de navidad. Vive la magia con los tuyos. Comparte la ilusi\u00f3n.\" \/>\n<meta property=\"og:url\" content=\"https:\/\/diverkion.com\/ca\/producte\/huella-magica-de-los-reyes-magos\/\" \/>\n<meta property=\"og:site_name\" content=\"DIVERKION.COM\" \/>\n<meta property=\"article:publisher\" content=\"https:\/\/www.facebook.com\/Diverkion-113642764558588\" \/>\n<meta property=\"article:modified_time\" content=\"2025-12-07T19:07:16+00:00\" \/>\n<meta property=\"og:image\" content=\"https:\/\/diverkion.com\/wp-content\/uploads\/2025\/12\/PETJADA-REIS-MAGS.jpg\" \/>\n\t<meta property=\"og:image:width\" content=\"500\" \/>\n\t<meta property=\"og:image:height\" content=\"500\" \/>\n\t<meta property=\"og:image:type\" content=\"image\/jpeg\" \/>\n<meta name=\"twitter:card\" content=\"summary_large_image\" \/>\n<meta name=\"twitter:label1\" content=\"Temps estimat de lectura\" \/>\n\t<meta name=\"twitter:data1\" content=\"2 minuts\" \/>\n<script type=\"application\/ld+json\" class=\"yoast-schema-graph\">{\"@context\":\"https:\\\/\\\/schema.org\",\"@graph\":[{\"@type\":\"WebPage\",\"@id\":\"https:\\\/\\\/diverkion.com\\\/producto\\\/huella-magica-de-los-reyes-magos\\\/\",\"url\":\"https:\\\/\\\/diverkion.com\\\/producto\\\/huella-magica-de-los-reyes-magos\\\/\",\"name\":\"Huella m\u00e1gica de los Reyes magos - DIVERKION.COM\",\"isPartOf\":{\"@id\":\"https:\\\/\\\/diverkion.com\\\/#website\"},\"primaryImageOfPage\":{\"@id\":\"https:\\\/\\\/diverkion.com\\\/producto\\\/huella-magica-de-los-reyes-magos\\\/#primaryimage\"},\"image\":{\"@id\":\"https:\\\/\\\/diverkion.com\\\/producto\\\/huella-magica-de-los-reyes-magos\\\/#primaryimage\"},\"thumbnailUrl\":\"https:\\\/\\\/i0.wp.com\\\/diverkion.com\\\/wp-content\\\/uploads\\\/2025\\\/12\\\/PETJADA-REIS-MAGS.jpg?fit=500%2C500&ssl=1\",\"datePublished\":\"2025-12-07T18:56:46+00:00\",\"dateModified\":\"2025-12-07T19:07:16+00:00\",\"description\":\"A\u00f1ade esta huella m\u00e1gica de los reyes magos a tus celebraciones de navidad. Vive la magia con los tuyos. Comparte la ilusi\u00f3n.\",\"breadcrumb\":{\"@id\":\"https:\\\/\\\/diverkion.com\\\/producto\\\/huella-magica-de-los-reyes-magos\\\/#breadcrumb\"},\"inLanguage\":\"ca\",\"potentialAction\":[{\"@type\":\"ReadAction\",\"target\":[\"https:\\\/\\\/diverkion.com\\\/producto\\\/huella-magica-de-los-reyes-magos\\\/\"]}]},{\"@type\":\"ImageObject\",\"inLanguage\":\"ca\",\"@id\":\"https:\\\/\\\/diverkion.com\\\/producto\\\/huella-magica-de-los-reyes-magos\\\/#primaryimage\",\"url\":\"https:\\\/\\\/i0.wp.com\\\/diverkion.com\\\/wp-content\\\/uploads\\\/2025\\\/12\\\/PETJADA-REIS-MAGS.jpg?fit=500%2C500&ssl=1\",\"contentUrl\":\"https:\\\/\\\/i0.wp.com\\\/diverkion.com\\\/wp-content\\\/uploads\\\/2025\\\/12\\\/PETJADA-REIS-MAGS.jpg?fit=500%2C500&ssl=1\",\"width\":500,\"height\":500,\"caption\":\"Huella m\u00e1gica de los reyes magos\"},{\"@type\":\"BreadcrumbList\",\"@id\":\"https:\\\/\\\/diverkion.com\\\/producto\\\/huella-magica-de-los-reyes-magos\\\/#breadcrumb\",\"itemListElement\":[{\"@type\":\"ListItem\",\"position\":1,\"name\":\"Portada\",\"item\":\"https:\\\/\\\/diverkion.com\\\/\"},{\"@type\":\"ListItem\",\"position\":2,\"name\":\"Productos\",\"item\":\"https:\\\/\\\/diverkion.com\\\/productos\\\/\"},{\"@type\":\"ListItem\",\"position\":3,\"name\":\"Huella m\u00e1gica de los Reyes magos\"}]},{\"@type\":\"WebSite\",\"@id\":\"https:\\\/\\\/diverkion.com\\\/#website\",\"url\":\"https:\\\/\\\/diverkion.com\\\/\",\"name\":\"DIVERKION.COM\",\"description\":\"DIVERKION\",\"publisher\":{\"@id\":\"https:\\\/\\\/diverkion.com\\\/#organization\"},\"potentialAction\":[{\"@type\":\"SearchAction\",\"target\":{\"@type\":\"EntryPoint\",\"urlTemplate\":\"https:\\\/\\\/diverkion.com\\\/?s={search_term_string}\"},\"query-input\":{\"@type\":\"PropertyValueSpecification\",\"valueRequired\":true,\"valueName\":\"search_term_string\"}}],\"inLanguage\":\"ca\"},{\"@type\":\"Organization\",\"@id\":\"https:\\\/\\\/diverkion.com\\\/#organization\",\"name\":\"DIVERKION.COM\",\"url\":\"https:\\\/\\\/diverkion.com\\\/\",\"logo\":{\"@type\":\"ImageObject\",\"inLanguage\":\"ca\",\"@id\":\"https:\\\/\\\/diverkion.com\\\/#\\\/schema\\\/logo\\\/image\\\/\",\"url\":\"https:\\\/\\\/i0.wp.com\\\/diverkion.com\\\/wp-content\\\/uploads\\\/2022\\\/07\\\/LOGO-1-NOU.jpg?fit=1600%2C572&ssl=1\",\"contentUrl\":\"https:\\\/\\\/i0.wp.com\\\/diverkion.com\\\/wp-content\\\/uploads\\\/2022\\\/07\\\/LOGO-1-NOU.jpg?fit=1600%2C572&ssl=1\",\"width\":1600,\"height\":572,\"caption\":\"DIVERKION.COM\"},\"image\":{\"@id\":\"https:\\\/\\\/diverkion.com\\\/#\\\/schema\\\/logo\\\/image\\\/\"},\"sameAs\":[\"https:\\\/\\\/www.facebook.com\\\/Diverkion-113642764558588\",\"https:\\\/\\\/www.instagram.com\\\/diver_kion\\\/\"]}]}<\/script>\n<!-- \/ Yoast SEO plugin. -->","yoast_head_json":{"title":"Huella m\u00e1gica de los Reyes magos - DIVERKION.COM","description":"A\u00f1ade esta huella m\u00e1gica de los reyes magos a tus celebraciones de navidad. Vive la magia con los tuyos. Comparte la ilusi\u00f3n.","robots":{"index":"index","follow":"follow","max-snippet":"max-snippet:-1","max-image-preview":"max-image-preview:large","max-video-preview":"max-video-preview:-1"},"canonical":"https:\/\/diverkion.com\/ca\/producte\/huella-magica-de-los-reyes-magos\/","og_locale":"ca_ES","og_type":"article","og_title":"Huella m\u00e1gica de los Reyes magos - DIVERKION.COM","og_description":"A\u00f1ade esta huella m\u00e1gica de los reyes magos a tus celebraciones de navidad. Vive la magia con los tuyos. Comparte la ilusi\u00f3n.","og_url":"https:\/\/diverkion.com\/ca\/producte\/huella-magica-de-los-reyes-magos\/","og_site_name":"DIVERKION.COM","article_publisher":"https:\/\/www.facebook.com\/Diverkion-113642764558588","article_modified_time":"2025-12-07T19:07:16+00:00","og_image":[{"width":500,"height":500,"url":"https:\/\/diverkion.com\/wp-content\/uploads\/2025\/12\/PETJADA-REIS-MAGS.jpg","type":"image\/jpeg"}],"twitter_card":"summary_large_image","twitter_misc":{"Temps estimat de lectura":"2 minuts"},"schema":{"@context":"https:\/\/schema.org","@graph":[{"@type":"WebPage","@id":"https:\/\/diverkion.com\/producto\/huella-magica-de-los-reyes-magos\/","url":"https:\/\/diverkion.com\/producto\/huella-magica-de-los-reyes-magos\/","name":"Huella m\u00e1gica de los Reyes magos - DIVERKION.COM","isPartOf":{"@id":"https:\/\/diverkion.com\/#website"},"primaryImageOfPage":{"@id":"https:\/\/diverkion.com\/producto\/huella-magica-de-los-reyes-magos\/#primaryimage"},"image":{"@id":"https:\/\/diverkion.com\/producto\/huella-magica-de-los-reyes-magos\/#primaryimage"},"thumbnailUrl":"https:\/\/i0.wp.com\/diverkion.com\/wp-content\/uploads\/2025\/12\/PETJADA-REIS-MAGS.jpg?fit=500%2C500&ssl=1","datePublished":"2025-12-07T18:56:46+00:00","dateModified":"2025-12-07T19:07:16+00:00","description":"A\u00f1ade esta huella m\u00e1gica de los reyes magos a tus celebraciones de navidad. Vive la magia con los tuyos. Comparte la ilusi\u00f3n.","breadcrumb":{"@id":"https:\/\/diverkion.com\/producto\/huella-magica-de-los-reyes-magos\/#breadcrumb"},"inLanguage":"ca","potentialAction":[{"@type":"ReadAction","target":["https:\/\/diverkion.com\/producto\/huella-magica-de-los-reyes-magos\/"]}]},{"@type":"ImageObject","inLanguage":"ca","@id":"https:\/\/diverkion.com\/producto\/huella-magica-de-los-reyes-magos\/#primaryimage","url":"https:\/\/i0.wp.com\/diverkion.com\/wp-content\/uploads\/2025\/12\/PETJADA-REIS-MAGS.jpg?fit=500%2C500&ssl=1","contentUrl":"https:\/\/i0.wp.com\/diverkion.com\/wp-content\/uploads\/2025\/12\/PETJADA-REIS-MAGS.jpg?fit=500%2C500&ssl=1","width":500,"height":500,"caption":"Huella m\u00e1gica de los reyes magos"},{"@type":"BreadcrumbList","@id":"https:\/\/diverkion.com\/producto\/huella-magica-de-los-reyes-magos\/#breadcrumb","itemListElement":[{"@type":"ListItem","position":1,"name":"Portada","item":"https:\/\/diverkion.com\/"},{"@type":"ListItem","position":2,"name":"Productos","item":"https:\/\/diverkion.com\/productos\/"},{"@type":"ListItem","position":3,"name":"Huella m\u00e1gica de los Reyes magos"}]},{"@type":"WebSite","@id":"https:\/\/diverkion.com\/#website","url":"https:\/\/diverkion.com\/","name":"DIVERKION.COM","description":"DIVERKION","publisher":{"@id":"https:\/\/diverkion.com\/#organization"},"potentialAction":[{"@type":"SearchAction","target":{"@type":"EntryPoint","urlTemplate":"https:\/\/diverkion.com\/?s={search_term_string}"},"query-input":{"@type":"PropertyValueSpecification","valueRequired":true,"valueName":"search_term_string"}}],"inLanguage":"ca"},{"@type":"Organization","@id":"https:\/\/diverkion.com\/#organization","name":"DIVERKION.COM","url":"https:\/\/diverkion.com\/","logo":{"@type":"ImageObject","inLanguage":"ca","@id":"https:\/\/diverkion.com\/#\/schema\/logo\/image\/","url":"https:\/\/i0.wp.com\/diverkion.com\/wp-content\/uploads\/2022\/07\/LOGO-1-NOU.jpg?fit=1600%2C572&ssl=1","contentUrl":"https:\/\/i0.wp.com\/diverkion.com\/wp-content\/uploads\/2022\/07\/LOGO-1-NOU.jpg?fit=1600%2C572&ssl=1","width":1600,"height":572,"caption":"DIVERKION.COM"},"image":{"@id":"https:\/\/diverkion.com\/#\/schema\/logo\/image\/"},"sameAs":["https:\/\/www.facebook.com\/Diverkion-113642764558588","https:\/\/www.instagram.com\/diver_kion\/"]}]}},"jetpack-related-posts":[{"id":3877,"url":"https:\/\/diverkion.com\/ca\/producte\/huella-magica-de-papa-noel\/","url_meta":{"origin":3884,"position":0},"title":"Huella m\u00e1gica de Pap\u00e1 Noel","author":"diveradmin","date":"0707\/1212\/pmpmpmpm","format":false,"excerpt":"Haz que la noche m\u00e1s m\u00e1gica del a\u00f1o sea a\u00fan m\u00e1s especial con nuestras plantillas para crear la huella m\u00e1gica de Pap\u00e1 Noel. Un accesorio original, divertido y lleno de ilusi\u00f3n que har\u00e1 que los ni\u00f1os y ni\u00f1as se queden boquiabiertos al descubrir que Santa Claus ha pasado por casa\u2026","rel":"","context":"Entrada similar","block_context":{"text":"Entrada similar","link":""},"img":{"alt_text":"Huella m\u00e1gica de Pap\u00e1 Noel","src":"https:\/\/i0.wp.com\/diverkion.com\/wp-content\/uploads\/2025\/12\/PETJADA-PARE-NOEL.jpg?fit=500%2C500&ssl=1&resize=350%2C200","width":350,"height":200},"classes":[]},{"id":2328,"url":"https:\/\/diverkion.com\/ca\/producte\/espejito-de-seguridad\/","url_meta":{"origin":3884,"position":1},"title":"Espejito de seguridad","author":"diveradmin","date":"1111\/1212\/pmpmpmpm","format":false,"excerpt":"Espejo irrompible con estructura de madera. Va a proporcionar gran cantidad de est\u00edmulos y diversi\u00f3n a tu beb\u00e9. Sus medidas son 15 x 15 x 1 cm. Reflexi\u00f3n perfecta sin distorsi\u00f3n. El espejito de seguridad es un art\u00edculo muy simple con muchas posibilidades y que es un complemento perfecto para\u2026","rel":"","context":"Entrada similar","block_context":{"text":"Entrada similar","link":""},"img":{"alt_text":"espejito de seguridad","src":"https:\/\/i0.wp.com\/diverkion.com\/wp-content\/uploads\/2022\/03\/MIRALLET-DE-CARA.jpg?fit=500%2C500&ssl=1&resize=350%2C200","width":350,"height":200},"classes":[]},{"id":1867,"url":"https:\/\/diverkion.com\/ca\/producte\/cadena-inox\/","url_meta":{"origin":3884,"position":2},"title":"Cadena INOX","author":"diveradmin","date":"2727\/1010\/pmpmpmpm","format":false,"excerpt":"Cadena de acero inoxidable de24 cm de largo. Tama\u00f1o peque\u00f1o ideal para las manitas del beb\u00e9. De muy f\u00e1cil agarre. Suficientemente corta como para evitar dar la vuelta entera al cuello del beb\u00e9. Le va a encantar arrastrarla por el suelo. Su temperatura fr\u00eda. su brillo caracter\u00edstico. Su sonido met\u00e1lico\u2026","rel":"","context":"Entrada similar","block_context":{"text":"Entrada similar","link":""},"img":{"alt_text":"Cadena met\u00e1lica","src":"https:\/\/i0.wp.com\/diverkion.com\/wp-content\/uploads\/2022\/10\/CADENA-METALL.jpg?fit=500%2C500&ssl=1&resize=350%2C200","width":350,"height":200},"classes":[]},{"id":3907,"url":"https:\/\/diverkion.com\/ca\/producte\/personajes-de-la-leyenda-de-sant-jordi-para-colorear\/","url_meta":{"origin":3884,"position":3},"title":"Personajes de la leyenda de Sant Jordi para colorear","author":"diveradmin","date":"2323\/0202\/pmpmpmpm","format":false,"excerpt":"Descubre este pack creativo de madera de los personajes de la leyenda de Sant Jordi para colorear, una propuesta ideal para unir manualidades, juego simb\u00f3lico y tradici\u00f3n. Es perfecto para que los ni\u00f1os conozcan la historia de una forma divertida y participativa. Pintan, juegan y recrean la leyenda en casa.\u2026","rel":"","context":"Entrada similar","block_context":{"text":"Entrada similar","link":""},"img":{"alt_text":"Personajes de la leyenda de Sant Jordi para colorear","src":"https:\/\/i0.wp.com\/diverkion.com\/wp-content\/uploads\/2026\/02\/CM-ST-JORDI.jpg?fit=500%2C500&ssl=1&resize=350%2C200","width":350,"height":200},"classes":[]},{"id":2241,"url":"https:\/\/diverkion.com\/ca\/producte\/divertubs\/","url_meta":{"origin":3884,"position":4},"title":"Divertubs","author":"diveradmin","date":"2828\/1010\/pmpmpmpm","format":false,"excerpt":"El pack Divertubs est\u00e1 compuesto por 7 tubos de colores con la capacidad de estirarse y contraerse. Pueden unirse entre ellos formando uno de muy largo. Realizan un sonido muy caracter\u00edstico en el momento de estirarlos, que gusta mucho a los m\u00e1s peques. Con ellos puedes realizar formas, letras, c\u00edrculos...\u2026","rel":"","context":"Entrada similar","block_context":{"text":"Entrada similar","link":""},"img":{"alt_text":"Divertubs","src":"https:\/\/i0.wp.com\/diverkion.com\/wp-content\/uploads\/2023\/10\/DIVERTUBS.jpg?fit=500%2C500&ssl=1&resize=350%2C200","width":350,"height":200},"classes":[]},{"id":1212,"url":"https:\/\/diverkion.com\/ca\/producte\/anilla-de-madera-de-7-cm\/","url_meta":{"origin":3884,"position":5},"title":"Anella de fusta de 7 cm de di\u00e0metre","author":"diveradmin","date":"2222\/0101\/pmpmpmpm","format":false,"excerpt":"Anilla de madera de 7 cm de di\u00e1metro exterior Elaborada con madera de haya La anilla de madera es un material muy simple, con muchas posibilidades y que es un complemento perfecto para la cesta de los tesoros.","rel":"","context":"Entrada similar","block_context":{"text":"Entrada similar","link":""},"img":{"alt_text":"anilla de madera","src":"https:\/\/i0.wp.com\/diverkion.com\/wp-content\/uploads\/2022\/01\/ANELLA-FUSTA-DK-SOBRE.jpg?fit=500%2C500&ssl=1&resize=350%2C200","width":350,"height":200},"classes":[]}],"jetpack_sharing_enabled":true,"_links":{"self":[{"href":"https:\/\/diverkion.com\/ca\/wp-json\/wp\/v2\/product\/3884","targetHints":{"allow":["GET"]}}],"collection":[{"href":"https:\/\/diverkion.com\/ca\/wp-json\/wp\/v2\/product"}],"about":[{"href":"https:\/\/diverkion.com\/ca\/wp-json\/wp\/v2\/types\/product"}],"replies":[{"embeddable":true,"href":"https:\/\/diverkion.com\/ca\/wp-json\/wp\/v2\/comments?post=3884"}],"wp:featuredmedia":[{"embeddable":true,"href":"https:\/\/diverkion.com\/ca\/wp-json\/wp\/v2\/media\/3880"}],"wp:attachment":[{"href":"https:\/\/diverkion.com\/ca\/wp-json\/wp\/v2\/media?parent=3884"}],"wp:term":[{"taxonomy":"product_brand","embeddable":true,"href":"https:\/\/diverkion.com\/ca\/wp-json\/wp\/v2\/product_brand?post=3884"},{"taxonomy":"product_cat","embeddable":true,"href":"https:\/\/diverkion.com\/ca\/wp-json\/wp\/v2\/product_cat?post=3884"},{"taxonomy":"product_tag","embeddable":true,"href":"https:\/\/diverkion.com\/ca\/wp-json\/wp\/v2\/product_tag?post=3884"}],"curies":[{"name":"wp","href":"https:\/\/api.w.org\/{rel}","templated":true}]}}