{"id":3746,"date":"2025-09-20T16:45:13","date_gmt":"2025-09-20T15:45:13","guid":{"rendered":"https:\/\/diverkion.com\/?post_type=product&#038;p=3746"},"modified":"2025-09-21T08:29:27","modified_gmt":"2025-09-21T07:29:27","slug":"cesta-de-los-tesoros-natura","status":"publish","type":"product","link":"https:\/\/diverkion.com\/ca\/producte\/cesta-de-los-tesoros-natura\/","title":{"rendered":"Cesta de los tesoros NATURA"},"content":{"rendered":"<p data-start=\"261\" data-end=\"674\">La infancia est\u00e1 llena de momentos m\u00e1gicos, y uno de los m\u00e1s importantes es cuando los beb\u00e9s empiezan a descubrir el mundo que les rodea. Todo lo quieren tocar, morder, agitar o golpear para entender c\u00f3mo funciona. Con esta idea naci\u00f3 la <strong data-start=\"499\" data-end=\"524\">Cesta de los Tesoros<\/strong>, una propuesta educativa inspirada en la metodolog\u00eda Montessori y en el juego heur\u00edstico, pensada especialmente para beb\u00e9s a partir de los 6 meses.<\/p>\n<p data-start=\"676\" data-end=\"1111\">Nuestra cesta de los tesoros NATURA ya viene <strong data-start=\"700\" data-end=\"742\">elaborada con art\u00edculos naturales<\/strong>. Los seleccionamos con mimo para ofrecer a tu peque\u00f1o una experiencia sensorial rica y segura. Cada objeto ha sido escogido para invitar a explorar distintas formas, texturas, pesos, temperaturas y sonidos. As\u00ed, el beb\u00e9 puede experimentar libremente y a su ritmo, mientras desarrolla su curiosidad innata, la motricidad fina, la coordinaci\u00f3n ojo-mano y la concentraci\u00f3n.<\/p>\n<p data-start=\"1113\" data-end=\"1554\">Lo m\u00e1s bonito es que, con la cesta de los tesoros NATURA, tu hijo no solo juega: <strong data-start=\"1173\" data-end=\"1195\">aprende explorando<\/strong>. Al coger un objeto de madera siente la calidez de un material natural. Al descubrir una tela suave, disfruta del contraste con otro tejido m\u00e1s rugoso. Y al agitar un elemento sonoro, comprende que sus acciones provocan cambios en el entorno. Todo esto sienta las bases de un aprendizaje profundo y significativo, que va mucho m\u00e1s all\u00e1 del juego tradicional.<\/p>\n<p data-start=\"1556\" data-end=\"1877\">T\u00fa tambi\u00e9n puedes personalizar esta cesta tan especial: elige el <strong data-start=\"1622\" data-end=\"1651\">tipo y color de la cesta<\/strong> que m\u00e1s se adapte a tu estilo o al espacio de juego de tu beb\u00e9. Tanto si la prefieres de ganchillo o de cuerda, todas de algod\u00f3n, elije el color concreto que te guste m\u00e1s o combine mejor con la decoraci\u00f3n de casa. Podr\u00e1s tener una cesta \u00fanica, pensada para vosotros.<\/p>\n<p data-start=\"1879\" data-end=\"2163\">La <strong data-start=\"1882\" data-end=\"1907\">cesta de los tesoros NATURA<\/strong> no es solo un conjunto de objetos: es una invitaci\u00f3n a compartir momentos de calma, descubrimiento y conexi\u00f3n. Porque cuando ofreces materiales naturales y seguros, permites que tu beb\u00e9 explore el mundo de la forma m\u00e1s aut\u00e9ntica y enriquecedora posible.<\/p>\n<p data-start=\"1879\" data-end=\"2163\">Opciones de cesta: <a href=\"https:\/\/diverkion.com\/ca\/producte\/cesta-de-algodon-de-ganchillo-22cm\/\">CESTA DE GANCHILLO 22cm<\/a>\u00a0 \u00a0<a href=\"https:\/\/diverkion.com\/ca\/producte\/cesta-de-cuerda-de-algodon\/\">CESTA DE CUERDA 23cm<\/a><\/p>\n<p data-start=\"1879\" data-end=\"2163\">Otros packs de cestas de los tesoros: <a href=\"https:\/\/diverkion.com\/ca\/producte\/cesta-de-los-tesoros-natura\/\">NATURA<\/a>\u00a0 <a href=\"https:\/\/diverkion.com\/ca\/producte\/cesta-de-los-tesoros-mirar\/\">MIRAR<\/a>\u00a0 <a href=\"https:\/\/diverkion.com\/ca\/producte\/cesta-de-los-tesoros-sentir\/\">SENTIR<\/a>\u00a0 <a href=\"https:\/\/diverkion.com\/ca\/producte\/cesta-de-los-tesoros-tocar\/\">TOCAR<\/a>\u00a0 <a href=\"https:\/\/diverkion.com\/ca\/producte\/cesta-de-los-tesoros-crear\/\">CREAR<\/a><\/p>","protected":false},"excerpt":{"rendered":"<p>La infancia est\u00e1 llena de momentos m\u00e1gicos, y uno de los m\u00e1s importantes es cuando los beb\u00e9s empiezan a descubrir el mundo que les rodea. Todo lo quieren tocar, morder, agitar o golpear para entender c\u00f3mo funciona. Con esta idea naci\u00f3 la Cesta de los Tesoros, una propuesta educativa inspirada&hellip; <\/p>","protected":false},"featured_media":3758,"comment_status":"open","ping_status":"closed","template":"","meta":[],"product_brand":[],"product_cat":[27,195],"product_tag":[213,222,106,204,212,92,206,208,137,103,187,209,94,96],"class_list":{"0":"post-3746","1":"product","2":"type-product","3":"status-publish","4":"has-post-thumbnail","6":"product_cat-cestatesoros","7":"product_cat-packs","8":"product_tag-algodon","9":"product_tag-cesta","10":"product_tag-color","11":"product_tag-corcho","12":"product_tag-cuerda","13":"product_tag-madera","14":"product_tag-mordedor","15":"product_tag-natural","16":"product_tag-packs","17":"product_tag-pelota","18":"product_tag-pikler","19":"product_tag-rodaja","20":"product_tag-ropa","21":"product_tag-sensorial","23":"first","24":"instock","25":"shipping-taxable","26":"purchasable","27":"product-type-variable"},"yoast_head":"<!-- This site is optimized with the Yoast SEO plugin v27.4 - https:\/\/yoast.com\/product\/yoast-seo-wordpress\/ -->\n<title>Cesta de los tesoros NATURA - DIVERKION.COM<\/title>\n<meta name=\"description\" content=\"Panera de los Tesoros NATURA. Con objetos naturales, segura y personalizable, que estimula sentidos, curiosidad, motricidad fina y aprendizaje temprano.\" \/>\n<meta name=\"robots\" content=\"index, follow, max-snippet:-1, max-image-preview:large, max-video-preview:-1\" \/>\n<link rel=\"canonical\" href=\"https:\/\/diverkion.com\/ca\/producte\/cesta-de-los-tesoros-natura\/\" \/>\n<meta property=\"og:locale\" content=\"ca_ES\" \/>\n<meta property=\"og:type\" content=\"article\" \/>\n<meta property=\"og:title\" content=\"Cesta de los tesoros NATURA - DIVERKION.COM\" \/>\n<meta property=\"og:description\" content=\"Panera de los Tesoros NATURA. Con objetos naturales, segura y personalizable, que estimula sentidos, curiosidad, motricidad fina y aprendizaje temprano.\" \/>\n<meta property=\"og:url\" content=\"https:\/\/diverkion.com\/ca\/producte\/cesta-de-los-tesoros-natura\/\" \/>\n<meta property=\"og:site_name\" content=\"DIVERKION.COM\" \/>\n<meta property=\"article:publisher\" content=\"https:\/\/www.facebook.com\/Diverkion-113642764558588\" \/>\n<meta property=\"article:modified_time\" content=\"2025-09-21T07:29:27+00:00\" \/>\n<meta property=\"og:image\" content=\"https:\/\/diverkion.com\/wp-content\/uploads\/2025\/09\/DIVERCESTA-NATURA.jpg\" \/>\n\t<meta property=\"og:image:width\" content=\"500\" \/>\n\t<meta property=\"og:image:height\" content=\"500\" \/>\n\t<meta property=\"og:image:type\" content=\"image\/jpeg\" \/>\n<meta name=\"twitter:card\" content=\"summary_large_image\" \/>\n<meta name=\"twitter:label1\" content=\"Temps estimat de lectura\" \/>\n\t<meta name=\"twitter:data1\" content=\"2 minuts\" \/>\n<script type=\"application\/ld+json\" class=\"yoast-schema-graph\">{\"@context\":\"https:\\\/\\\/schema.org\",\"@graph\":[{\"@type\":\"WebPage\",\"@id\":\"https:\\\/\\\/diverkion.com\\\/producto\\\/cesta-de-los-tesoros-natura\\\/\",\"url\":\"https:\\\/\\\/diverkion.com\\\/producto\\\/cesta-de-los-tesoros-natura\\\/\",\"name\":\"Cesta de los tesoros NATURA - DIVERKION.COM\",\"isPartOf\":{\"@id\":\"https:\\\/\\\/diverkion.com\\\/#website\"},\"primaryImageOfPage\":{\"@id\":\"https:\\\/\\\/diverkion.com\\\/producto\\\/cesta-de-los-tesoros-natura\\\/#primaryimage\"},\"image\":{\"@id\":\"https:\\\/\\\/diverkion.com\\\/producto\\\/cesta-de-los-tesoros-natura\\\/#primaryimage\"},\"thumbnailUrl\":\"https:\\\/\\\/i0.wp.com\\\/diverkion.com\\\/wp-content\\\/uploads\\\/2025\\\/09\\\/DIVERCESTA-NATURA.jpg?fit=500%2C500&ssl=1\",\"datePublished\":\"2025-09-20T15:45:13+00:00\",\"dateModified\":\"2025-09-21T07:29:27+00:00\",\"description\":\"Panera de los Tesoros NATURA. Con objetos naturales, segura y personalizable, que estimula sentidos, curiosidad, motricidad fina y aprendizaje temprano.\",\"breadcrumb\":{\"@id\":\"https:\\\/\\\/diverkion.com\\\/producto\\\/cesta-de-los-tesoros-natura\\\/#breadcrumb\"},\"inLanguage\":\"ca\",\"potentialAction\":[{\"@type\":\"ReadAction\",\"target\":[\"https:\\\/\\\/diverkion.com\\\/producto\\\/cesta-de-los-tesoros-natura\\\/\"]}]},{\"@type\":\"ImageObject\",\"inLanguage\":\"ca\",\"@id\":\"https:\\\/\\\/diverkion.com\\\/producto\\\/cesta-de-los-tesoros-natura\\\/#primaryimage\",\"url\":\"https:\\\/\\\/i0.wp.com\\\/diverkion.com\\\/wp-content\\\/uploads\\\/2025\\\/09\\\/DIVERCESTA-NATURA.jpg?fit=500%2C500&ssl=1\",\"contentUrl\":\"https:\\\/\\\/i0.wp.com\\\/diverkion.com\\\/wp-content\\\/uploads\\\/2025\\\/09\\\/DIVERCESTA-NATURA.jpg?fit=500%2C500&ssl=1\",\"width\":500,\"height\":500,\"caption\":\"Cesta de los tesoros NATURA\"},{\"@type\":\"BreadcrumbList\",\"@id\":\"https:\\\/\\\/diverkion.com\\\/producto\\\/cesta-de-los-tesoros-natura\\\/#breadcrumb\",\"itemListElement\":[{\"@type\":\"ListItem\",\"position\":1,\"name\":\"Portada\",\"item\":\"https:\\\/\\\/diverkion.com\\\/\"},{\"@type\":\"ListItem\",\"position\":2,\"name\":\"Productos\",\"item\":\"https:\\\/\\\/diverkion.com\\\/productos\\\/\"},{\"@type\":\"ListItem\",\"position\":3,\"name\":\"Cesta de los tesoros NATURA\"}]},{\"@type\":\"WebSite\",\"@id\":\"https:\\\/\\\/diverkion.com\\\/#website\",\"url\":\"https:\\\/\\\/diverkion.com\\\/\",\"name\":\"DIVERKION.COM\",\"description\":\"DIVERKION\",\"publisher\":{\"@id\":\"https:\\\/\\\/diverkion.com\\\/#organization\"},\"potentialAction\":[{\"@type\":\"SearchAction\",\"target\":{\"@type\":\"EntryPoint\",\"urlTemplate\":\"https:\\\/\\\/diverkion.com\\\/?s={search_term_string}\"},\"query-input\":{\"@type\":\"PropertyValueSpecification\",\"valueRequired\":true,\"valueName\":\"search_term_string\"}}],\"inLanguage\":\"ca\"},{\"@type\":\"Organization\",\"@id\":\"https:\\\/\\\/diverkion.com\\\/#organization\",\"name\":\"DIVERKION.COM\",\"url\":\"https:\\\/\\\/diverkion.com\\\/\",\"logo\":{\"@type\":\"ImageObject\",\"inLanguage\":\"ca\",\"@id\":\"https:\\\/\\\/diverkion.com\\\/#\\\/schema\\\/logo\\\/image\\\/\",\"url\":\"https:\\\/\\\/i0.wp.com\\\/diverkion.com\\\/wp-content\\\/uploads\\\/2022\\\/07\\\/LOGO-1-NOU.jpg?fit=1600%2C572&ssl=1\",\"contentUrl\":\"https:\\\/\\\/i0.wp.com\\\/diverkion.com\\\/wp-content\\\/uploads\\\/2022\\\/07\\\/LOGO-1-NOU.jpg?fit=1600%2C572&ssl=1\",\"width\":1600,\"height\":572,\"caption\":\"DIVERKION.COM\"},\"image\":{\"@id\":\"https:\\\/\\\/diverkion.com\\\/#\\\/schema\\\/logo\\\/image\\\/\"},\"sameAs\":[\"https:\\\/\\\/www.facebook.com\\\/Diverkion-113642764558588\",\"https:\\\/\\\/www.instagram.com\\\/diver_kion\\\/\"]}]}<\/script>\n<!-- \/ Yoast SEO plugin. -->","yoast_head_json":{"title":"Cesta de los tesoros NATURA - DIVERKION.COM","description":"Panera de los Tesoros NATURA. Con objetos naturales, segura y personalizable, que estimula sentidos, curiosidad, motricidad fina y aprendizaje temprano.","robots":{"index":"index","follow":"follow","max-snippet":"max-snippet:-1","max-image-preview":"max-image-preview:large","max-video-preview":"max-video-preview:-1"},"canonical":"https:\/\/diverkion.com\/ca\/producte\/cesta-de-los-tesoros-natura\/","og_locale":"ca_ES","og_type":"article","og_title":"Cesta de los tesoros NATURA - DIVERKION.COM","og_description":"Panera de los Tesoros NATURA. Con objetos naturales, segura y personalizable, que estimula sentidos, curiosidad, motricidad fina y aprendizaje temprano.","og_url":"https:\/\/diverkion.com\/ca\/producte\/cesta-de-los-tesoros-natura\/","og_site_name":"DIVERKION.COM","article_publisher":"https:\/\/www.facebook.com\/Diverkion-113642764558588","article_modified_time":"2025-09-21T07:29:27+00:00","og_image":[{"width":500,"height":500,"url":"https:\/\/diverkion.com\/wp-content\/uploads\/2025\/09\/DIVERCESTA-NATURA.jpg","type":"image\/jpeg"}],"twitter_card":"summary_large_image","twitter_misc":{"Temps estimat de lectura":"2 minuts"},"schema":{"@context":"https:\/\/schema.org","@graph":[{"@type":"WebPage","@id":"https:\/\/diverkion.com\/producto\/cesta-de-los-tesoros-natura\/","url":"https:\/\/diverkion.com\/producto\/cesta-de-los-tesoros-natura\/","name":"Cesta de los tesoros NATURA - DIVERKION.COM","isPartOf":{"@id":"https:\/\/diverkion.com\/#website"},"primaryImageOfPage":{"@id":"https:\/\/diverkion.com\/producto\/cesta-de-los-tesoros-natura\/#primaryimage"},"image":{"@id":"https:\/\/diverkion.com\/producto\/cesta-de-los-tesoros-natura\/#primaryimage"},"thumbnailUrl":"https:\/\/i0.wp.com\/diverkion.com\/wp-content\/uploads\/2025\/09\/DIVERCESTA-NATURA.jpg?fit=500%2C500&ssl=1","datePublished":"2025-09-20T15:45:13+00:00","dateModified":"2025-09-21T07:29:27+00:00","description":"Panera de los Tesoros NATURA. Con objetos naturales, segura y personalizable, que estimula sentidos, curiosidad, motricidad fina y aprendizaje temprano.","breadcrumb":{"@id":"https:\/\/diverkion.com\/producto\/cesta-de-los-tesoros-natura\/#breadcrumb"},"inLanguage":"ca","potentialAction":[{"@type":"ReadAction","target":["https:\/\/diverkion.com\/producto\/cesta-de-los-tesoros-natura\/"]}]},{"@type":"ImageObject","inLanguage":"ca","@id":"https:\/\/diverkion.com\/producto\/cesta-de-los-tesoros-natura\/#primaryimage","url":"https:\/\/i0.wp.com\/diverkion.com\/wp-content\/uploads\/2025\/09\/DIVERCESTA-NATURA.jpg?fit=500%2C500&ssl=1","contentUrl":"https:\/\/i0.wp.com\/diverkion.com\/wp-content\/uploads\/2025\/09\/DIVERCESTA-NATURA.jpg?fit=500%2C500&ssl=1","width":500,"height":500,"caption":"Cesta de los tesoros NATURA"},{"@type":"BreadcrumbList","@id":"https:\/\/diverkion.com\/producto\/cesta-de-los-tesoros-natura\/#breadcrumb","itemListElement":[{"@type":"ListItem","position":1,"name":"Portada","item":"https:\/\/diverkion.com\/"},{"@type":"ListItem","position":2,"name":"Productos","item":"https:\/\/diverkion.com\/productos\/"},{"@type":"ListItem","position":3,"name":"Cesta de los tesoros NATURA"}]},{"@type":"WebSite","@id":"https:\/\/diverkion.com\/#website","url":"https:\/\/diverkion.com\/","name":"DIVERKION.COM","description":"DIVERKION","publisher":{"@id":"https:\/\/diverkion.com\/#organization"},"potentialAction":[{"@type":"SearchAction","target":{"@type":"EntryPoint","urlTemplate":"https:\/\/diverkion.com\/?s={search_term_string}"},"query-input":{"@type":"PropertyValueSpecification","valueRequired":true,"valueName":"search_term_string"}}],"inLanguage":"ca"},{"@type":"Organization","@id":"https:\/\/diverkion.com\/#organization","name":"DIVERKION.COM","url":"https:\/\/diverkion.com\/","logo":{"@type":"ImageObject","inLanguage":"ca","@id":"https:\/\/diverkion.com\/#\/schema\/logo\/image\/","url":"https:\/\/i0.wp.com\/diverkion.com\/wp-content\/uploads\/2022\/07\/LOGO-1-NOU.jpg?fit=1600%2C572&ssl=1","contentUrl":"https:\/\/i0.wp.com\/diverkion.com\/wp-content\/uploads\/2022\/07\/LOGO-1-NOU.jpg?fit=1600%2C572&ssl=1","width":1600,"height":572,"caption":"DIVERKION.COM"},"image":{"@id":"https:\/\/diverkion.com\/#\/schema\/logo\/image\/"},"sameAs":["https:\/\/www.facebook.com\/Diverkion-113642764558588","https:\/\/www.instagram.com\/diver_kion\/"]}]}},"jetpack-related-posts":[{"id":3795,"url":"https:\/\/diverkion.com\/ca\/producte\/cesta-de-los-tesoros-crear\/","url_meta":{"origin":3746,"position":0},"title":"Cesta de los tesoros CREAR","author":"diveradmin","date":"2121\/0909\/amamamam","format":false,"excerpt":"Cuando los beb\u00e9s comienzan a explorar, todo se convierte en un descubrimiento: el tacto de un tejido, el sonido de un objeto met\u00e1lico, la temperatura de la madera al contacto con sus manos. Cada peque\u00f1a experiencia es un aprendizaje, y la cesta de los tesoros CREAR\u00a0est\u00e1 dise\u00f1ada para ofrecer precisamente\u2026","rel":"","context":"Entrada similar","block_context":{"text":"Entrada similar","link":""},"img":{"alt_text":"Cesta de los tesoros CREAR","src":"https:\/\/i0.wp.com\/diverkion.com\/wp-content\/uploads\/2025\/09\/DIVERCESTA-CREAR.jpg?fit=500%2C500&ssl=1&resize=350%2C200","width":350,"height":200},"classes":[]},{"id":3783,"url":"https:\/\/diverkion.com\/ca\/producte\/cesta-de-los-tesoros-tocar\/","url_meta":{"origin":3746,"position":1},"title":"Cesta de los tesoros TOCAR","author":"diveradmin","date":"2121\/0909\/amamamam","format":false,"excerpt":"Cuando los beb\u00e9s comienzan a explorar, todo se convierte en un descubrimiento: el tacto de un tejido, el sonido de un objeto met\u00e1lico, la temperatura de la madera al contacto con sus manos. Cada peque\u00f1a experiencia es un aprendizaje, y la cesta de los tesoros TOCAR\u00a0est\u00e1 dise\u00f1ada para ofrecer precisamente\u2026","rel":"","context":"Entrada similar","block_context":{"text":"Entrada similar","link":""},"img":{"alt_text":"cesta de los tesoros TOCAR","src":"https:\/\/i0.wp.com\/diverkion.com\/wp-content\/uploads\/2025\/09\/DIVERCESTA-TOCAR.jpg?fit=500%2C500&ssl=1&resize=350%2C200","width":350,"height":200},"classes":[]},{"id":3771,"url":"https:\/\/diverkion.com\/ca\/producte\/cesta-de-los-tesoros-sentir\/","url_meta":{"origin":3746,"position":2},"title":"Cesta de los tesoros SENTIR","author":"diveradmin","date":"2121\/0909\/amamamam","format":false,"excerpt":"Cuando los beb\u00e9s comienzan a explorar, todo se convierte en un descubrimiento: el tacto de un tejido, el sonido de un objeto met\u00e1lico, la temperatura de la madera al contacto con sus manos. Cada peque\u00f1a experiencia es un aprendizaje, y la cesta de los tesoros SENTIR\u00a0est\u00e1 dise\u00f1ada para ofrecer precisamente\u2026","rel":"","context":"Entrada similar","block_context":{"text":"Entrada similar","link":""},"img":{"alt_text":"Cesta de los tesoros SENTIR","src":"https:\/\/i0.wp.com\/diverkion.com\/wp-content\/uploads\/2025\/09\/DIVERCESTA-SENTIR.jpg?fit=500%2C500&ssl=1&resize=350%2C200","width":350,"height":200},"classes":[]},{"id":3759,"url":"https:\/\/diverkion.com\/ca\/producte\/cesta-de-los-tesoros-mirar\/","url_meta":{"origin":3746,"position":3},"title":"Cesta de los tesoros MIRAR","author":"diveradmin","date":"2121\/0909\/amamamam","format":false,"excerpt":"Cuando los beb\u00e9s comienzan a explorar, todo se convierte en un descubrimiento: el tacto de un tejido, el sonido de un objeto met\u00e1lico, la temperatura de la madera al contacto con sus manos. Cada peque\u00f1a experiencia es un aprendizaje, y la cesta de los tesoros MIRAR est\u00e1 dise\u00f1ada para ofrecer\u2026","rel":"","context":"Entrada similar","block_context":{"text":"Entrada similar","link":""},"img":{"alt_text":"cesta de los tesoros MIRAR","src":"https:\/\/i0.wp.com\/diverkion.com\/wp-content\/uploads\/2025\/09\/DIVERCESTA-MIRAR.jpg?fit=500%2C500&ssl=1&resize=350%2C200","width":350,"height":200},"classes":[]},{"id":1726,"url":"https:\/\/diverkion.com\/ca\/producte\/diverballs\/","url_meta":{"origin":3746,"position":4},"title":"Diverballs","author":"diveradmin","date":"2727\/0505\/pmpmpmpm","format":false,"excerpt":"Pack de 6 unidades de pelotas sensoriales de pl\u00e1stico. Una de cada color y con diferente dise\u00f1o. Cada una presenta una forma y textura diferentes. Especialmente dise\u00f1adas para estimular la vista y el tacto de tu beb\u00e9. Adem\u00e1s al presionar la pelota suena, para as\u00ed estimular el o\u00eddo del beb\u00e9.\u2026","rel":"","context":"Entrada similar","block_context":{"text":"Entrada similar","link":""},"img":{"alt_text":"Diverballs","src":"https:\/\/i0.wp.com\/diverkion.com\/wp-content\/uploads\/2023\/10\/DIVERBALLS-2.jpg?fit=500%2C500&ssl=1&resize=350%2C200","width":350,"height":200},"classes":[]},{"id":1866,"url":"https:\/\/diverkion.com\/ca\/producte\/seta-de-madera\/","url_meta":{"origin":3746,"position":5},"title":"Seta de madera","author":"diveradmin","date":"2727\/1010\/pmpmpmpm","format":false,"excerpt":"Seta de madera de haya de 8 cm de alto. Tama\u00f1o ideal para las manitas del beb\u00e9. De muy f\u00e1cil agarre. Suficientemente grande para que no puedan met\u00e9rselo entero en la boca. La seta de madera es un juguete muy simple, con muchas posibilidades y que es un complemento perfecto\u2026","rel":"","context":"Entrada similar","block_context":{"text":"Entrada similar","link":""},"img":{"alt_text":"Seta de madera","src":"https:\/\/i0.wp.com\/diverkion.com\/wp-content\/uploads\/2022\/10\/BOLET-FUSTA.jpg?fit=500%2C500&ssl=1&resize=350%2C200","width":350,"height":200},"classes":[]}],"jetpack_sharing_enabled":true,"_links":{"self":[{"href":"https:\/\/diverkion.com\/ca\/wp-json\/wp\/v2\/product\/3746","targetHints":{"allow":["GET"]}}],"collection":[{"href":"https:\/\/diverkion.com\/ca\/wp-json\/wp\/v2\/product"}],"about":[{"href":"https:\/\/diverkion.com\/ca\/wp-json\/wp\/v2\/types\/product"}],"replies":[{"embeddable":true,"href":"https:\/\/diverkion.com\/ca\/wp-json\/wp\/v2\/comments?post=3746"}],"wp:featuredmedia":[{"embeddable":true,"href":"https:\/\/diverkion.com\/ca\/wp-json\/wp\/v2\/media\/3758"}],"wp:attachment":[{"href":"https:\/\/diverkion.com\/ca\/wp-json\/wp\/v2\/media?parent=3746"}],"wp:term":[{"taxonomy":"product_brand","embeddable":true,"href":"https:\/\/diverkion.com\/ca\/wp-json\/wp\/v2\/product_brand?post=3746"},{"taxonomy":"product_cat","embeddable":true,"href":"https:\/\/diverkion.com\/ca\/wp-json\/wp\/v2\/product_cat?post=3746"},{"taxonomy":"product_tag","embeddable":true,"href":"https:\/\/diverkion.com\/ca\/wp-json\/wp\/v2\/product_tag?post=3746"}],"curies":[{"name":"wp","href":"https:\/\/api.w.org\/{rel}","templated":true}]}}