{"id":2328,"date":"2023-12-11T23:21:22","date_gmt":"2023-12-11T22:21:22","guid":{"rendered":"https:\/\/diverkion.com\/?post_type=product&#038;p=2328"},"modified":"2024-11-26T23:17:29","modified_gmt":"2024-11-26T22:17:29","slug":"espejito-de-seguridad","status":"publish","type":"product","link":"https:\/\/diverkion.com\/ca\/producte\/espejito-de-seguridad\/","title":{"rendered":"Espejito de seguridad"},"content":{"rendered":"<p>Espejo irrompible con estructura de madera. Va a proporcionar gran cantidad de est\u00edmulos y diversi\u00f3n a tu beb\u00e9.<\/p>\n<p>Sus medidas son 15 x 15 x 1 cm. Reflexi\u00f3n perfecta sin distorsi\u00f3n.<\/p>\n<p>El espejito de seguridad es un art\u00edculo muy simple con muchas posibilidades y que es un complemento perfecto para la cesta de los tesoros.<\/p>","protected":false},"excerpt":{"rendered":"<p>Espejo irrompible con estructura de madera. Va a proporcionar gran cantidad de est\u00edmulos y diversi\u00f3n a tu beb\u00e9. Sus medidas son 15 x 15 x 1 cm. Reflexi\u00f3n perfecta sin distorsi\u00f3n. El espejito de seguridad es un art\u00edculo muy simple con muchas posibilidades y que es un complemento perfecto para&hellip; <\/p>","protected":false},"featured_media":2320,"comment_status":"open","ping_status":"closed","template":"","meta":[],"product_brand":[],"product_cat":[27,220],"product_tag":[217,92],"class_list":{"0":"post-2328","1":"product","2":"type-product","3":"status-publish","4":"has-post-thumbnail","6":"product_cat-cestatesoros","7":"product_cat-personalizable","8":"product_tag-espejo","9":"product_tag-madera","11":"first","12":"instock","13":"shipping-taxable","14":"purchasable","15":"product-type-simple"},"yoast_head":"<!-- This site is optimized with the Yoast SEO plugin v27.4 - https:\/\/yoast.com\/product\/yoast-seo-wordpress\/ -->\n<title>Espejito de seguridad - DIVERKION.COM<\/title>\n<meta name=\"description\" content=\"Espejo de seguridad irrompible con estructura de madera. Va a proporcionar gran cantidad de est\u00edmulos y diversi\u00f3n a tu beb\u00e9.\" \/>\n<meta name=\"robots\" content=\"index, follow, max-snippet:-1, max-image-preview:large, max-video-preview:-1\" \/>\n<link rel=\"canonical\" href=\"https:\/\/diverkion.com\/ca\/producte\/espejito-de-seguridad\/\" \/>\n<meta property=\"og:locale\" content=\"ca_ES\" \/>\n<meta property=\"og:type\" content=\"article\" \/>\n<meta property=\"og:title\" content=\"Espejito de seguridad - DIVERKION.COM\" \/>\n<meta property=\"og:description\" content=\"Espejo de seguridad irrompible con estructura de madera. Va a proporcionar gran cantidad de est\u00edmulos y diversi\u00f3n a tu beb\u00e9.\" \/>\n<meta property=\"og:url\" content=\"https:\/\/diverkion.com\/ca\/producte\/espejito-de-seguridad\/\" \/>\n<meta property=\"og:site_name\" content=\"DIVERKION.COM\" \/>\n<meta property=\"article:publisher\" content=\"https:\/\/www.facebook.com\/Diverkion-113642764558588\" \/>\n<meta property=\"article:modified_time\" content=\"2024-11-26T22:17:29+00:00\" \/>\n<meta property=\"og:image\" content=\"https:\/\/diverkion.com\/wp-content\/uploads\/2022\/03\/MIRALLET-DE-CARA.jpg\" \/>\n\t<meta property=\"og:image:width\" content=\"500\" \/>\n\t<meta property=\"og:image:height\" content=\"500\" \/>\n\t<meta property=\"og:image:type\" content=\"image\/jpeg\" \/>\n<meta name=\"twitter:card\" content=\"summary_large_image\" \/>\n<meta name=\"twitter:label1\" content=\"Temps estimat de lectura\" \/>\n\t<meta name=\"twitter:data1\" content=\"1 minut\" \/>\n<script type=\"application\/ld+json\" class=\"yoast-schema-graph\">{\"@context\":\"https:\\\/\\\/schema.org\",\"@graph\":[{\"@type\":\"WebPage\",\"@id\":\"https:\\\/\\\/diverkion.com\\\/producto\\\/espejito-de-seguridad\\\/\",\"url\":\"https:\\\/\\\/diverkion.com\\\/producto\\\/espejito-de-seguridad\\\/\",\"name\":\"Espejito de seguridad - DIVERKION.COM\",\"isPartOf\":{\"@id\":\"https:\\\/\\\/diverkion.com\\\/#website\"},\"primaryImageOfPage\":{\"@id\":\"https:\\\/\\\/diverkion.com\\\/producto\\\/espejito-de-seguridad\\\/#primaryimage\"},\"image\":{\"@id\":\"https:\\\/\\\/diverkion.com\\\/producto\\\/espejito-de-seguridad\\\/#primaryimage\"},\"thumbnailUrl\":\"https:\\\/\\\/i0.wp.com\\\/diverkion.com\\\/wp-content\\\/uploads\\\/2022\\\/03\\\/MIRALLET-DE-CARA.jpg?fit=500%2C500&ssl=1\",\"datePublished\":\"2023-12-11T22:21:22+00:00\",\"dateModified\":\"2024-11-26T22:17:29+00:00\",\"description\":\"Espejo de seguridad irrompible con estructura de madera. Va a proporcionar gran cantidad de est\u00edmulos y diversi\u00f3n a tu beb\u00e9.\",\"breadcrumb\":{\"@id\":\"https:\\\/\\\/diverkion.com\\\/producto\\\/espejito-de-seguridad\\\/#breadcrumb\"},\"inLanguage\":\"ca\",\"potentialAction\":[{\"@type\":\"ReadAction\",\"target\":[\"https:\\\/\\\/diverkion.com\\\/producto\\\/espejito-de-seguridad\\\/\"]}]},{\"@type\":\"ImageObject\",\"inLanguage\":\"ca\",\"@id\":\"https:\\\/\\\/diverkion.com\\\/producto\\\/espejito-de-seguridad\\\/#primaryimage\",\"url\":\"https:\\\/\\\/i0.wp.com\\\/diverkion.com\\\/wp-content\\\/uploads\\\/2022\\\/03\\\/MIRALLET-DE-CARA.jpg?fit=500%2C500&ssl=1\",\"contentUrl\":\"https:\\\/\\\/i0.wp.com\\\/diverkion.com\\\/wp-content\\\/uploads\\\/2022\\\/03\\\/MIRALLET-DE-CARA.jpg?fit=500%2C500&ssl=1\",\"width\":500,\"height\":500,\"caption\":\"espejito de seguridad\"},{\"@type\":\"BreadcrumbList\",\"@id\":\"https:\\\/\\\/diverkion.com\\\/producto\\\/espejito-de-seguridad\\\/#breadcrumb\",\"itemListElement\":[{\"@type\":\"ListItem\",\"position\":1,\"name\":\"Portada\",\"item\":\"https:\\\/\\\/diverkion.com\\\/\"},{\"@type\":\"ListItem\",\"position\":2,\"name\":\"Productos\",\"item\":\"https:\\\/\\\/diverkion.com\\\/productos\\\/\"},{\"@type\":\"ListItem\",\"position\":3,\"name\":\"Espejito de seguridad\"}]},{\"@type\":\"WebSite\",\"@id\":\"https:\\\/\\\/diverkion.com\\\/#website\",\"url\":\"https:\\\/\\\/diverkion.com\\\/\",\"name\":\"DIVERKION.COM\",\"description\":\"DIVERKION\",\"publisher\":{\"@id\":\"https:\\\/\\\/diverkion.com\\\/#organization\"},\"potentialAction\":[{\"@type\":\"SearchAction\",\"target\":{\"@type\":\"EntryPoint\",\"urlTemplate\":\"https:\\\/\\\/diverkion.com\\\/?s={search_term_string}\"},\"query-input\":{\"@type\":\"PropertyValueSpecification\",\"valueRequired\":true,\"valueName\":\"search_term_string\"}}],\"inLanguage\":\"ca\"},{\"@type\":\"Organization\",\"@id\":\"https:\\\/\\\/diverkion.com\\\/#organization\",\"name\":\"DIVERKION.COM\",\"url\":\"https:\\\/\\\/diverkion.com\\\/\",\"logo\":{\"@type\":\"ImageObject\",\"inLanguage\":\"ca\",\"@id\":\"https:\\\/\\\/diverkion.com\\\/#\\\/schema\\\/logo\\\/image\\\/\",\"url\":\"https:\\\/\\\/i0.wp.com\\\/diverkion.com\\\/wp-content\\\/uploads\\\/2022\\\/07\\\/LOGO-1-NOU.jpg?fit=1600%2C572&ssl=1\",\"contentUrl\":\"https:\\\/\\\/i0.wp.com\\\/diverkion.com\\\/wp-content\\\/uploads\\\/2022\\\/07\\\/LOGO-1-NOU.jpg?fit=1600%2C572&ssl=1\",\"width\":1600,\"height\":572,\"caption\":\"DIVERKION.COM\"},\"image\":{\"@id\":\"https:\\\/\\\/diverkion.com\\\/#\\\/schema\\\/logo\\\/image\\\/\"},\"sameAs\":[\"https:\\\/\\\/www.facebook.com\\\/Diverkion-113642764558588\",\"https:\\\/\\\/www.instagram.com\\\/diver_kion\\\/\"]}]}<\/script>\n<!-- \/ Yoast SEO plugin. -->","yoast_head_json":{"title":"Espejito de seguridad - DIVERKION.COM","description":"Espejo de seguridad irrompible con estructura de madera. Va a proporcionar gran cantidad de est\u00edmulos y diversi\u00f3n a tu beb\u00e9.","robots":{"index":"index","follow":"follow","max-snippet":"max-snippet:-1","max-image-preview":"max-image-preview:large","max-video-preview":"max-video-preview:-1"},"canonical":"https:\/\/diverkion.com\/ca\/producte\/espejito-de-seguridad\/","og_locale":"ca_ES","og_type":"article","og_title":"Espejito de seguridad - DIVERKION.COM","og_description":"Espejo de seguridad irrompible con estructura de madera. Va a proporcionar gran cantidad de est\u00edmulos y diversi\u00f3n a tu beb\u00e9.","og_url":"https:\/\/diverkion.com\/ca\/producte\/espejito-de-seguridad\/","og_site_name":"DIVERKION.COM","article_publisher":"https:\/\/www.facebook.com\/Diverkion-113642764558588","article_modified_time":"2024-11-26T22:17:29+00:00","og_image":[{"width":500,"height":500,"url":"https:\/\/diverkion.com\/wp-content\/uploads\/2022\/03\/MIRALLET-DE-CARA.jpg","type":"image\/jpeg"}],"twitter_card":"summary_large_image","twitter_misc":{"Temps estimat de lectura":"1 minut"},"schema":{"@context":"https:\/\/schema.org","@graph":[{"@type":"WebPage","@id":"https:\/\/diverkion.com\/producto\/espejito-de-seguridad\/","url":"https:\/\/diverkion.com\/producto\/espejito-de-seguridad\/","name":"Espejito de seguridad - DIVERKION.COM","isPartOf":{"@id":"https:\/\/diverkion.com\/#website"},"primaryImageOfPage":{"@id":"https:\/\/diverkion.com\/producto\/espejito-de-seguridad\/#primaryimage"},"image":{"@id":"https:\/\/diverkion.com\/producto\/espejito-de-seguridad\/#primaryimage"},"thumbnailUrl":"https:\/\/i0.wp.com\/diverkion.com\/wp-content\/uploads\/2022\/03\/MIRALLET-DE-CARA.jpg?fit=500%2C500&ssl=1","datePublished":"2023-12-11T22:21:22+00:00","dateModified":"2024-11-26T22:17:29+00:00","description":"Espejo de seguridad irrompible con estructura de madera. Va a proporcionar gran cantidad de est\u00edmulos y diversi\u00f3n a tu beb\u00e9.","breadcrumb":{"@id":"https:\/\/diverkion.com\/producto\/espejito-de-seguridad\/#breadcrumb"},"inLanguage":"ca","potentialAction":[{"@type":"ReadAction","target":["https:\/\/diverkion.com\/producto\/espejito-de-seguridad\/"]}]},{"@type":"ImageObject","inLanguage":"ca","@id":"https:\/\/diverkion.com\/producto\/espejito-de-seguridad\/#primaryimage","url":"https:\/\/i0.wp.com\/diverkion.com\/wp-content\/uploads\/2022\/03\/MIRALLET-DE-CARA.jpg?fit=500%2C500&ssl=1","contentUrl":"https:\/\/i0.wp.com\/diverkion.com\/wp-content\/uploads\/2022\/03\/MIRALLET-DE-CARA.jpg?fit=500%2C500&ssl=1","width":500,"height":500,"caption":"espejito de seguridad"},{"@type":"BreadcrumbList","@id":"https:\/\/diverkion.com\/producto\/espejito-de-seguridad\/#breadcrumb","itemListElement":[{"@type":"ListItem","position":1,"name":"Portada","item":"https:\/\/diverkion.com\/"},{"@type":"ListItem","position":2,"name":"Productos","item":"https:\/\/diverkion.com\/productos\/"},{"@type":"ListItem","position":3,"name":"Espejito de seguridad"}]},{"@type":"WebSite","@id":"https:\/\/diverkion.com\/#website","url":"https:\/\/diverkion.com\/","name":"DIVERKION.COM","description":"DIVERKION","publisher":{"@id":"https:\/\/diverkion.com\/#organization"},"potentialAction":[{"@type":"SearchAction","target":{"@type":"EntryPoint","urlTemplate":"https:\/\/diverkion.com\/?s={search_term_string}"},"query-input":{"@type":"PropertyValueSpecification","valueRequired":true,"valueName":"search_term_string"}}],"inLanguage":"ca"},{"@type":"Organization","@id":"https:\/\/diverkion.com\/#organization","name":"DIVERKION.COM","url":"https:\/\/diverkion.com\/","logo":{"@type":"ImageObject","inLanguage":"ca","@id":"https:\/\/diverkion.com\/#\/schema\/logo\/image\/","url":"https:\/\/i0.wp.com\/diverkion.com\/wp-content\/uploads\/2022\/07\/LOGO-1-NOU.jpg?fit=1600%2C572&ssl=1","contentUrl":"https:\/\/i0.wp.com\/diverkion.com\/wp-content\/uploads\/2022\/07\/LOGO-1-NOU.jpg?fit=1600%2C572&ssl=1","width":1600,"height":572,"caption":"DIVERKION.COM"},"image":{"@id":"https:\/\/diverkion.com\/#\/schema\/logo\/image\/"},"sameAs":["https:\/\/www.facebook.com\/Diverkion-113642764558588","https:\/\/www.instagram.com\/diver_kion\/"]}]}},"jetpack-related-posts":[{"id":3884,"url":"https:\/\/diverkion.com\/ca\/producte\/huella-magica-de-los-reyes-magos\/","url_meta":{"origin":2328,"position":0},"title":"Huella m\u00e1gica de los Reyes magos","author":"diveradmin","date":"0707\/1212\/pmpmpmpm","format":false,"excerpt":"Haz que la llegada de los Reyes Magos sea todav\u00eda m\u00e1s especial con nuestra huella m\u00e1gica de los reyes magos. Es ideal para sorprender a los m\u00e1s peque\u00f1os la ma\u00f1ana del 6 de enero. Ver huellas en el suelo los har\u00e1 sentir que Sus Majestades han estado realmente en casa.\u2026","rel":"","context":"Entrada similar","block_context":{"text":"Entrada similar","link":""},"img":{"alt_text":"Huella m\u00e1gica de los reyes magos","src":"https:\/\/i0.wp.com\/diverkion.com\/wp-content\/uploads\/2025\/12\/PETJADA-REIS-MAGS.jpg?fit=500%2C500&ssl=1&resize=350%2C200","width":350,"height":200},"classes":[]},{"id":2239,"url":"https:\/\/diverkion.com\/ca\/producte\/tubo-transparente-de-silicona\/","url_meta":{"origin":2328,"position":1},"title":"Tubo transparente de silicona","author":"diveradmin","date":"2828\/1010\/pmpmpmpm","format":false,"excerpt":"Tubo transparente de silicona de grado alimentario. Aporta ligereza, sencillez y a la misma hora estimulaci\u00f3n al tacto y a la vista. Tubo de unos 15 cm de largo aprox, por 14mm de di\u00e1metro exterior. El tubo transparente de silicona es un material muy simple, con muchas posibilidades y que\u2026","rel":"","context":"Entrada similar","block_context":{"text":"Entrada similar","link":""},"img":{"alt_text":"Tubo transparente de silicona","src":"https:\/\/i0.wp.com\/diverkion.com\/wp-content\/uploads\/2023\/10\/TUBO-TRANSPARENTE-1.jpg?fit=500%2C500&ssl=1&resize=350%2C200","width":350,"height":200},"classes":[]},{"id":2016,"url":"https:\/\/diverkion.com\/ca\/producte\/saquitos-sensoriales\/","url_meta":{"origin":2328,"position":2},"title":"Saquets sensorials","author":"diveradmin","date":"1111\/0202\/pmpmpmpm","format":false,"excerpt":"4 saquitos de diferente color con tela de algod\u00f3n certificada oeko-tex. Rellenos de diferentes materiales: bolas de madera dados acr\u00edlicos anillas met\u00e1licas piedras Cada material aporta un peso, ruido y tacto caracter\u00edsticos Podr\u00e1s adivinar qu\u00e9 material hay en cada saquito? \u00a0 Los saquitos sensoriales est\u00e1n cerrados con doble costura para\u2026","rel":"","context":"Entrada similar","block_context":{"text":"Entrada similar","link":""},"img":{"alt_text":"saquitos sensoriales","src":"https:\/\/i0.wp.com\/diverkion.com\/wp-content\/uploads\/2023\/02\/SAQUETS-SENSORIALS.jpg?fit=500%2C500&ssl=1&resize=350%2C200","width":350,"height":200},"classes":[]},{"id":2241,"url":"https:\/\/diverkion.com\/ca\/producte\/divertubs\/","url_meta":{"origin":2328,"position":3},"title":"Divertubs","author":"diveradmin","date":"2828\/1010\/pmpmpmpm","format":false,"excerpt":"El pack Divertubs est\u00e1 compuesto por 7 tubos de colores con la capacidad de estirarse y contraerse. Pueden unirse entre ellos formando uno de muy largo. Realizan un sonido muy caracter\u00edstico en el momento de estirarlos, que gusta mucho a los m\u00e1s peques. Con ellos puedes realizar formas, letras, c\u00edrculos...\u2026","rel":"","context":"Entrada similar","block_context":{"text":"Entrada similar","link":""},"img":{"alt_text":"Divertubs","src":"https:\/\/i0.wp.com\/diverkion.com\/wp-content\/uploads\/2023\/10\/DIVERTUBS.jpg?fit=500%2C500&ssl=1&resize=350%2C200","width":350,"height":200},"classes":[]},{"id":1630,"url":"https:\/\/diverkion.com\/ca\/producte\/panuelo-pikler\/","url_meta":{"origin":2328,"position":4},"title":"Mocador Pikler","author":"diveradmin","date":"0202\/0303\/pmpmpmpm","format":false,"excerpt":"El pa\u00f1uelo Pikler es un pa\u00f1uelo de tela que puede ser negro o rojo con topos blancos, ya que estos son los primeros colores que perciben los beb\u00e9s. Esto proporciona contrastes para captar y estimular la vista y atenci\u00f3n del beb\u00e9. Este art\u00edculo es considerado por Emmi Pikler, precursora de\u2026","rel":"","context":"Entrada similar","block_context":{"text":"Entrada similar","link":""},"img":{"alt_text":"Pa\u00f1uelo pikler","src":"https:\/\/i0.wp.com\/diverkion.com\/wp-content\/uploads\/2022\/03\/MOPI-2-COLORS.jpg?fit=500%2C500&ssl=1&resize=350%2C200","width":350,"height":200},"classes":[]},{"id":3737,"url":"https:\/\/diverkion.com\/ca\/producte\/mordedor-de-madera-en-forma-de-caballo-2\/","url_meta":{"origin":2328,"position":5},"title":"Mossegador de fusta en forma de cavall","author":"diveradmin","date":"2020\/0909\/pmpmpmpm","format":false,"excerpt":"La llegada de los primeros dientes es una etapa emocionante, pero tambi\u00e9n puede traer incomodidad y llantos en tu beb\u00e9. Sabemos lo dif\u00edcil que resulta ver a tu peque\u00f1o inquieto, buscando algo seguro que llevarse a la boca para aliviar esas molestias. Por eso hemos creado este mordedor de madera\u2026","rel":"","context":"Entrada similar","block_context":{"text":"Entrada similar","link":""},"img":{"alt_text":"Mordedor de madera en forma de caballo","src":"https:\/\/i0.wp.com\/diverkion.com\/wp-content\/uploads\/2022\/01\/MOFUCA-2.jpg?fit=500%2C500&ssl=1&resize=350%2C200","width":350,"height":200},"classes":[]}],"jetpack_sharing_enabled":true,"_links":{"self":[{"href":"https:\/\/diverkion.com\/ca\/wp-json\/wp\/v2\/product\/2328","targetHints":{"allow":["GET"]}}],"collection":[{"href":"https:\/\/diverkion.com\/ca\/wp-json\/wp\/v2\/product"}],"about":[{"href":"https:\/\/diverkion.com\/ca\/wp-json\/wp\/v2\/types\/product"}],"replies":[{"embeddable":true,"href":"https:\/\/diverkion.com\/ca\/wp-json\/wp\/v2\/comments?post=2328"}],"wp:featuredmedia":[{"embeddable":true,"href":"https:\/\/diverkion.com\/ca\/wp-json\/wp\/v2\/media\/2320"}],"wp:attachment":[{"href":"https:\/\/diverkion.com\/ca\/wp-json\/wp\/v2\/media?parent=2328"}],"wp:term":[{"taxonomy":"product_brand","embeddable":true,"href":"https:\/\/diverkion.com\/ca\/wp-json\/wp\/v2\/product_brand?post=2328"},{"taxonomy":"product_cat","embeddable":true,"href":"https:\/\/diverkion.com\/ca\/wp-json\/wp\/v2\/product_cat?post=2328"},{"taxonomy":"product_tag","embeddable":true,"href":"https:\/\/diverkion.com\/ca\/wp-json\/wp\/v2\/product_tag?post=2328"}],"curies":[{"name":"wp","href":"https:\/\/api.w.org\/{rel}","templated":true}]}}