{"id":2239,"date":"2023-10-28T21:00:17","date_gmt":"2023-10-28T20:00:17","guid":{"rendered":"https:\/\/diverkion.com\/?post_type=product&#038;p=2239"},"modified":"2025-09-20T07:15:00","modified_gmt":"2025-09-20T06:15:00","slug":"tubo-transparente-de-silicona","status":"publish","type":"product","link":"https:\/\/diverkion.com\/ca\/producte\/tubo-transparente-de-silicona\/","title":{"rendered":"Tubo transparente de silicona"},"content":{"rendered":"<p>Tubo transparente de silicona de grado alimentario.<\/p>\n<p>Aporta ligereza, sencillez y a la misma hora estimulaci\u00f3n al tacto y a la vista.<\/p>\n<p>Tubo de unos 15 cm de largo aprox, por 14mm de di\u00e1metro exterior.<\/p>\n<p>El tubo transparente de silicona es un material muy simple, con muchas posibilidades y que es un complemento perfecto para la cesta de los tesoros.<\/p>","protected":false},"excerpt":{"rendered":"<p>Tubo transparente de silicona de grado alimentario. Aporta ligereza, sencillez y a la misma hora estimulaci\u00f3n al tacto y a la vista. Tubo de unos 15 cm de largo aprox, por 14mm de di\u00e1metro exterior. El tubo transparente de silicona es un material muy simple, con muchas posibilidades y que&hellip; <\/p>","protected":false},"featured_media":2240,"comment_status":"open","ping_status":"closed","template":"","meta":[],"product_brand":[],"product_cat":[27],"product_tag":[206,95,96,207],"class_list":{"0":"post-2239","1":"product","2":"type-product","3":"status-publish","4":"has-post-thumbnail","6":"product_cat-cestatesoros","7":"product_tag-mordedor","8":"product_tag-plastico","9":"product_tag-sensorial","10":"product_tag-silicona","12":"first","13":"instock","14":"shipping-taxable","15":"purchasable","16":"product-type-simple"},"yoast_head":"<!-- This site is optimized with the Yoast SEO plugin v27.4 - https:\/\/yoast.com\/product\/yoast-seo-wordpress\/ -->\n<title>Tubo transparente de silicona - DIVERKION.COM<\/title>\n<meta name=\"description\" content=\"El tubo transparente de silicona es una opci\u00f3n de juego muy interesante por sus cualidades; ligero, con f\u00e1cil agarre, con textura y a la vez estimulante.\" \/>\n<meta name=\"robots\" content=\"index, follow, max-snippet:-1, max-image-preview:large, max-video-preview:-1\" \/>\n<link rel=\"canonical\" href=\"https:\/\/diverkion.com\/ca\/producte\/tubo-transparente-de-silicona\/\" \/>\n<meta property=\"og:locale\" content=\"ca_ES\" \/>\n<meta property=\"og:type\" content=\"article\" \/>\n<meta property=\"og:title\" content=\"Tubo transparente de silicona - DIVERKION.COM\" \/>\n<meta property=\"og:description\" content=\"El tubo transparente de silicona es una opci\u00f3n de juego muy interesante por sus cualidades; ligero, con f\u00e1cil agarre, con textura y a la vez estimulante.\" \/>\n<meta property=\"og:url\" content=\"https:\/\/diverkion.com\/ca\/producte\/tubo-transparente-de-silicona\/\" \/>\n<meta property=\"og:site_name\" content=\"DIVERKION.COM\" \/>\n<meta property=\"article:publisher\" content=\"https:\/\/www.facebook.com\/Diverkion-113642764558588\" \/>\n<meta property=\"article:modified_time\" content=\"2025-09-20T06:15:00+00:00\" \/>\n<meta property=\"og:image\" content=\"https:\/\/diverkion.com\/wp-content\/uploads\/2023\/10\/TUBO-TRANSPARENTE-1.jpg\" \/>\n\t<meta property=\"og:image:width\" content=\"500\" \/>\n\t<meta property=\"og:image:height\" content=\"500\" \/>\n\t<meta property=\"og:image:type\" content=\"image\/jpeg\" \/>\n<meta name=\"twitter:card\" content=\"summary_large_image\" \/>\n<meta name=\"twitter:label1\" content=\"Temps estimat de lectura\" \/>\n\t<meta name=\"twitter:data1\" content=\"1 minut\" \/>\n<script type=\"application\/ld+json\" class=\"yoast-schema-graph\">{\"@context\":\"https:\\\/\\\/schema.org\",\"@graph\":[{\"@type\":\"WebPage\",\"@id\":\"https:\\\/\\\/diverkion.com\\\/producto\\\/tubo-transparente-de-silicona\\\/\",\"url\":\"https:\\\/\\\/diverkion.com\\\/producto\\\/tubo-transparente-de-silicona\\\/\",\"name\":\"Tubo transparente de silicona - DIVERKION.COM\",\"isPartOf\":{\"@id\":\"https:\\\/\\\/diverkion.com\\\/#website\"},\"primaryImageOfPage\":{\"@id\":\"https:\\\/\\\/diverkion.com\\\/producto\\\/tubo-transparente-de-silicona\\\/#primaryimage\"},\"image\":{\"@id\":\"https:\\\/\\\/diverkion.com\\\/producto\\\/tubo-transparente-de-silicona\\\/#primaryimage\"},\"thumbnailUrl\":\"https:\\\/\\\/i0.wp.com\\\/diverkion.com\\\/wp-content\\\/uploads\\\/2023\\\/10\\\/TUBO-TRANSPARENTE-1.jpg?fit=500%2C500&ssl=1\",\"datePublished\":\"2023-10-28T20:00:17+00:00\",\"dateModified\":\"2025-09-20T06:15:00+00:00\",\"description\":\"El tubo transparente de silicona es una opci\u00f3n de juego muy interesante por sus cualidades; ligero, con f\u00e1cil agarre, con textura y a la vez estimulante.\",\"breadcrumb\":{\"@id\":\"https:\\\/\\\/diverkion.com\\\/producto\\\/tubo-transparente-de-silicona\\\/#breadcrumb\"},\"inLanguage\":\"ca\",\"potentialAction\":[{\"@type\":\"ReadAction\",\"target\":[\"https:\\\/\\\/diverkion.com\\\/producto\\\/tubo-transparente-de-silicona\\\/\"]}]},{\"@type\":\"ImageObject\",\"inLanguage\":\"ca\",\"@id\":\"https:\\\/\\\/diverkion.com\\\/producto\\\/tubo-transparente-de-silicona\\\/#primaryimage\",\"url\":\"https:\\\/\\\/i0.wp.com\\\/diverkion.com\\\/wp-content\\\/uploads\\\/2023\\\/10\\\/TUBO-TRANSPARENTE-1.jpg?fit=500%2C500&ssl=1\",\"contentUrl\":\"https:\\\/\\\/i0.wp.com\\\/diverkion.com\\\/wp-content\\\/uploads\\\/2023\\\/10\\\/TUBO-TRANSPARENTE-1.jpg?fit=500%2C500&ssl=1\",\"width\":500,\"height\":500,\"caption\":\"Tubo transparente de silicona\"},{\"@type\":\"BreadcrumbList\",\"@id\":\"https:\\\/\\\/diverkion.com\\\/producto\\\/tubo-transparente-de-silicona\\\/#breadcrumb\",\"itemListElement\":[{\"@type\":\"ListItem\",\"position\":1,\"name\":\"Portada\",\"item\":\"https:\\\/\\\/diverkion.com\\\/\"},{\"@type\":\"ListItem\",\"position\":2,\"name\":\"Productos\",\"item\":\"https:\\\/\\\/diverkion.com\\\/productos\\\/\"},{\"@type\":\"ListItem\",\"position\":3,\"name\":\"Tubo transparente de silicona\"}]},{\"@type\":\"WebSite\",\"@id\":\"https:\\\/\\\/diverkion.com\\\/#website\",\"url\":\"https:\\\/\\\/diverkion.com\\\/\",\"name\":\"DIVERKION.COM\",\"description\":\"DIVERKION\",\"publisher\":{\"@id\":\"https:\\\/\\\/diverkion.com\\\/#organization\"},\"potentialAction\":[{\"@type\":\"SearchAction\",\"target\":{\"@type\":\"EntryPoint\",\"urlTemplate\":\"https:\\\/\\\/diverkion.com\\\/?s={search_term_string}\"},\"query-input\":{\"@type\":\"PropertyValueSpecification\",\"valueRequired\":true,\"valueName\":\"search_term_string\"}}],\"inLanguage\":\"ca\"},{\"@type\":\"Organization\",\"@id\":\"https:\\\/\\\/diverkion.com\\\/#organization\",\"name\":\"DIVERKION.COM\",\"url\":\"https:\\\/\\\/diverkion.com\\\/\",\"logo\":{\"@type\":\"ImageObject\",\"inLanguage\":\"ca\",\"@id\":\"https:\\\/\\\/diverkion.com\\\/#\\\/schema\\\/logo\\\/image\\\/\",\"url\":\"https:\\\/\\\/i0.wp.com\\\/diverkion.com\\\/wp-content\\\/uploads\\\/2022\\\/07\\\/LOGO-1-NOU.jpg?fit=1600%2C572&ssl=1\",\"contentUrl\":\"https:\\\/\\\/i0.wp.com\\\/diverkion.com\\\/wp-content\\\/uploads\\\/2022\\\/07\\\/LOGO-1-NOU.jpg?fit=1600%2C572&ssl=1\",\"width\":1600,\"height\":572,\"caption\":\"DIVERKION.COM\"},\"image\":{\"@id\":\"https:\\\/\\\/diverkion.com\\\/#\\\/schema\\\/logo\\\/image\\\/\"},\"sameAs\":[\"https:\\\/\\\/www.facebook.com\\\/Diverkion-113642764558588\",\"https:\\\/\\\/www.instagram.com\\\/diver_kion\\\/\"]}]}<\/script>\n<!-- \/ Yoast SEO plugin. -->","yoast_head_json":{"title":"Tubo transparente de silicona - DIVERKION.COM","description":"El tubo transparente de silicona es una opci\u00f3n de juego muy interesante por sus cualidades; ligero, con f\u00e1cil agarre, con textura y a la vez estimulante.","robots":{"index":"index","follow":"follow","max-snippet":"max-snippet:-1","max-image-preview":"max-image-preview:large","max-video-preview":"max-video-preview:-1"},"canonical":"https:\/\/diverkion.com\/ca\/producte\/tubo-transparente-de-silicona\/","og_locale":"ca_ES","og_type":"article","og_title":"Tubo transparente de silicona - DIVERKION.COM","og_description":"El tubo transparente de silicona es una opci\u00f3n de juego muy interesante por sus cualidades; ligero, con f\u00e1cil agarre, con textura y a la vez estimulante.","og_url":"https:\/\/diverkion.com\/ca\/producte\/tubo-transparente-de-silicona\/","og_site_name":"DIVERKION.COM","article_publisher":"https:\/\/www.facebook.com\/Diverkion-113642764558588","article_modified_time":"2025-09-20T06:15:00+00:00","og_image":[{"width":500,"height":500,"url":"https:\/\/diverkion.com\/wp-content\/uploads\/2023\/10\/TUBO-TRANSPARENTE-1.jpg","type":"image\/jpeg"}],"twitter_card":"summary_large_image","twitter_misc":{"Temps estimat de lectura":"1 minut"},"schema":{"@context":"https:\/\/schema.org","@graph":[{"@type":"WebPage","@id":"https:\/\/diverkion.com\/producto\/tubo-transparente-de-silicona\/","url":"https:\/\/diverkion.com\/producto\/tubo-transparente-de-silicona\/","name":"Tubo transparente de silicona - DIVERKION.COM","isPartOf":{"@id":"https:\/\/diverkion.com\/#website"},"primaryImageOfPage":{"@id":"https:\/\/diverkion.com\/producto\/tubo-transparente-de-silicona\/#primaryimage"},"image":{"@id":"https:\/\/diverkion.com\/producto\/tubo-transparente-de-silicona\/#primaryimage"},"thumbnailUrl":"https:\/\/i0.wp.com\/diverkion.com\/wp-content\/uploads\/2023\/10\/TUBO-TRANSPARENTE-1.jpg?fit=500%2C500&ssl=1","datePublished":"2023-10-28T20:00:17+00:00","dateModified":"2025-09-20T06:15:00+00:00","description":"El tubo transparente de silicona es una opci\u00f3n de juego muy interesante por sus cualidades; ligero, con f\u00e1cil agarre, con textura y a la vez estimulante.","breadcrumb":{"@id":"https:\/\/diverkion.com\/producto\/tubo-transparente-de-silicona\/#breadcrumb"},"inLanguage":"ca","potentialAction":[{"@type":"ReadAction","target":["https:\/\/diverkion.com\/producto\/tubo-transparente-de-silicona\/"]}]},{"@type":"ImageObject","inLanguage":"ca","@id":"https:\/\/diverkion.com\/producto\/tubo-transparente-de-silicona\/#primaryimage","url":"https:\/\/i0.wp.com\/diverkion.com\/wp-content\/uploads\/2023\/10\/TUBO-TRANSPARENTE-1.jpg?fit=500%2C500&ssl=1","contentUrl":"https:\/\/i0.wp.com\/diverkion.com\/wp-content\/uploads\/2023\/10\/TUBO-TRANSPARENTE-1.jpg?fit=500%2C500&ssl=1","width":500,"height":500,"caption":"Tubo transparente de silicona"},{"@type":"BreadcrumbList","@id":"https:\/\/diverkion.com\/producto\/tubo-transparente-de-silicona\/#breadcrumb","itemListElement":[{"@type":"ListItem","position":1,"name":"Portada","item":"https:\/\/diverkion.com\/"},{"@type":"ListItem","position":2,"name":"Productos","item":"https:\/\/diverkion.com\/productos\/"},{"@type":"ListItem","position":3,"name":"Tubo transparente de silicona"}]},{"@type":"WebSite","@id":"https:\/\/diverkion.com\/#website","url":"https:\/\/diverkion.com\/","name":"DIVERKION.COM","description":"DIVERKION","publisher":{"@id":"https:\/\/diverkion.com\/#organization"},"potentialAction":[{"@type":"SearchAction","target":{"@type":"EntryPoint","urlTemplate":"https:\/\/diverkion.com\/?s={search_term_string}"},"query-input":{"@type":"PropertyValueSpecification","valueRequired":true,"valueName":"search_term_string"}}],"inLanguage":"ca"},{"@type":"Organization","@id":"https:\/\/diverkion.com\/#organization","name":"DIVERKION.COM","url":"https:\/\/diverkion.com\/","logo":{"@type":"ImageObject","inLanguage":"ca","@id":"https:\/\/diverkion.com\/#\/schema\/logo\/image\/","url":"https:\/\/i0.wp.com\/diverkion.com\/wp-content\/uploads\/2022\/07\/LOGO-1-NOU.jpg?fit=1600%2C572&ssl=1","contentUrl":"https:\/\/i0.wp.com\/diverkion.com\/wp-content\/uploads\/2022\/07\/LOGO-1-NOU.jpg?fit=1600%2C572&ssl=1","width":1600,"height":572,"caption":"DIVERKION.COM"},"image":{"@id":"https:\/\/diverkion.com\/#\/schema\/logo\/image\/"},"sameAs":["https:\/\/www.facebook.com\/Diverkion-113642764558588","https:\/\/www.instagram.com\/diver_kion\/"]}]}},"jetpack-related-posts":[{"id":2241,"url":"https:\/\/diverkion.com\/ca\/producte\/divertubs\/","url_meta":{"origin":2239,"position":0},"title":"Divertubs","author":"diveradmin","date":"2828\/1010\/pmpmpmpm","format":false,"excerpt":"El pack Divertubs est\u00e1 compuesto por 7 tubos de colores con la capacidad de estirarse y contraerse. Pueden unirse entre ellos formando uno de muy largo. Realizan un sonido muy caracter\u00edstico en el momento de estirarlos, que gusta mucho a los m\u00e1s peques. Con ellos puedes realizar formas, letras, c\u00edrculos...\u2026","rel":"","context":"Entrada similar","block_context":{"text":"Entrada similar","link":""},"img":{"alt_text":"Divertubs","src":"https:\/\/i0.wp.com\/diverkion.com\/wp-content\/uploads\/2023\/10\/DIVERTUBS.jpg?fit=500%2C500&ssl=1&resize=350%2C200","width":350,"height":200},"classes":[]},{"id":1943,"url":"https:\/\/diverkion.com\/ca\/producte\/mordedor-de-silicona\/","url_meta":{"origin":2239,"position":1},"title":"Mordedor de silicona org\u00e1nica tortuga colores claros","author":"diveradmin","date":"2626\/1212\/pmpmpmpm","format":false,"excerpt":"Mordedor de silicona 100% org\u00e1nica antibacterias. De grado alimentario, libre de BPA, PVC, Ftalatos, Cadmio y Plomo. Con forma de una divertida tortuguita. Disponible en 4 colores diferentes. El mordedor de silicona es un art\u00edculo muy simple, con muchas posibilidades y que es un complemento perfecto para la cesta de\u2026","rel":"","context":"Entrada similar","block_context":{"text":"Entrada similar","link":""},"img":{"alt_text":"Mordedor silicona","src":"https:\/\/i0.wp.com\/diverkion.com\/wp-content\/uploads\/2022\/12\/MOSSEGADORS-SILICONA-TOTS.jpg?fit=500%2C500&ssl=1&resize=350%2C200","width":350,"height":200},"classes":[]},{"id":2438,"url":"https:\/\/diverkion.com\/ca\/producte\/mordedor-de-silicona-organica-tortuga\/","url_meta":{"origin":2239,"position":2},"title":"Mordedor de silicona org\u00e1nica tortuga colores vivos","author":"diveradmin","date":"0606\/0202\/pmpmpmpm","format":false,"excerpt":"Mordedor de silicona 100% org\u00e1nica antibacterias. De grado alimentario, libre de BPA, PVC, Ftalatos, Cadmio y Plomo. Con forma de una divertida tortuguita. Disponible en 4 colores diferentes. El mordedor de silicona es un art\u00edculo muy simple, con muchas posibilidades y que es un complemento perfecto para la cesta de\u2026","rel":"","context":"Entrada similar","block_context":{"text":"Entrada similar","link":""},"img":{"alt_text":"Mordedor de silicona","src":"https:\/\/i0.wp.com\/diverkion.com\/wp-content\/uploads\/2024\/02\/MOSSEGADORS-SILICONA-FORTS.jpg?fit=500%2C500&ssl=1&resize=350%2C200","width":350,"height":200},"classes":[]},{"id":2023,"url":"https:\/\/diverkion.com\/ca\/producte\/tarros-de-colores\/","url_meta":{"origin":2239,"position":3},"title":"Potets de colors","author":"diveradmin","date":"0505\/0303\/pmpmpmpm","format":false,"excerpt":"Los tarros de colores son de poliestireno transparente. Contienen infinidad de elementos de las mismas tonalidades de color. Disponibles en 4 colores. Amarillo, verde, azul y rojo. Los componentes interiores pueden variar ligeramente seg\u00fan disponibilidad. Los tarros de colores tienen un di\u00e1metro de 5 cm por 2 cm de altura.\u2026","rel":"","context":"Entrada similar","block_context":{"text":"Entrada similar","link":""},"img":{"alt_text":"Tarros de colores","src":"https:\/\/i0.wp.com\/diverkion.com\/wp-content\/uploads\/2023\/03\/POTETS-COLORS.jpg?fit=500%2C500&ssl=1&resize=350%2C200","width":350,"height":200},"classes":[]}],"jetpack_sharing_enabled":true,"_links":{"self":[{"href":"https:\/\/diverkion.com\/ca\/wp-json\/wp\/v2\/product\/2239","targetHints":{"allow":["GET"]}}],"collection":[{"href":"https:\/\/diverkion.com\/ca\/wp-json\/wp\/v2\/product"}],"about":[{"href":"https:\/\/diverkion.com\/ca\/wp-json\/wp\/v2\/types\/product"}],"replies":[{"embeddable":true,"href":"https:\/\/diverkion.com\/ca\/wp-json\/wp\/v2\/comments?post=2239"}],"wp:featuredmedia":[{"embeddable":true,"href":"https:\/\/diverkion.com\/ca\/wp-json\/wp\/v2\/media\/2240"}],"wp:attachment":[{"href":"https:\/\/diverkion.com\/ca\/wp-json\/wp\/v2\/media?parent=2239"}],"wp:term":[{"taxonomy":"product_brand","embeddable":true,"href":"https:\/\/diverkion.com\/ca\/wp-json\/wp\/v2\/product_brand?post=2239"},{"taxonomy":"product_cat","embeddable":true,"href":"https:\/\/diverkion.com\/ca\/wp-json\/wp\/v2\/product_cat?post=2239"},{"taxonomy":"product_tag","embeddable":true,"href":"https:\/\/diverkion.com\/ca\/wp-json\/wp\/v2\/product_tag?post=2239"}],"curies":[{"name":"wp","href":"https:\/\/api.w.org\/{rel}","templated":true}]}}