{"id":1964,"date":"2022-12-28T15:16:07","date_gmt":"2022-12-28T14:16:07","guid":{"rendered":"https:\/\/diverkion.com\/?post_type=product&#038;p=1964"},"modified":"2022-12-28T15:22:12","modified_gmt":"2022-12-28T14:22:12","slug":"almeja-kowok","status":"publish","type":"product","link":"https:\/\/diverkion.com\/ca\/producte\/almeja-kowok\/","title":{"rendered":"Almeja Kowok"},"content":{"rendered":"<p>Espectacular almeja natural. Sin ning\u00fan canto puntiagudo que pueda da\u00f1ar al beb\u00e9.<\/p>\n<p>Proporciona un tacto liso y muy fr\u00edo. Un espectacular brillo. Y un sonido totalmente \u00fanico.<\/p>\n<p>La almeja Kowok es un art\u00edculo muy simple, con muchas posibilidades y que es un complemento perfecto para la cesta de los tesoros.<\/p>","protected":false},"excerpt":{"rendered":"<p>Espectacular almeja natural. Sin ning\u00fan canto puntiagudo que pueda da\u00f1ar al beb\u00e9. Proporciona un tacto liso y muy fr\u00edo. Un espectacular brillo. Y un sonido totalmente \u00fanico. La almeja Kowok es un art\u00edculo muy simple, con muchas posibilidades y que es un complemento perfecto para la cesta de los tesoros.<\/p>","protected":false},"featured_media":1965,"comment_status":"open","ping_status":"closed","template":"","meta":[],"product_brand":[],"product_cat":[27],"product_tag":[208],"class_list":{"0":"post-1964","1":"product","2":"type-product","3":"status-publish","4":"has-post-thumbnail","6":"product_cat-cestatesoros","7":"product_tag-natural","9":"first","10":"instock","11":"shipping-taxable","12":"purchasable","13":"product-type-simple"},"yoast_head":"<!-- This site is optimized with the Yoast SEO plugin v27.5 - https:\/\/yoast.com\/product\/yoast-seo-wordpress\/ -->\n<title>Almeja Kowok - DIVERKION.COM<\/title>\n<meta name=\"description\" content=\"La almeja kowok natural ofrece un sinf\u00edn de sensaciones al tacto para tu beb\u00e9, motivo por el cual es un complemento perfecto para la cesta de los tesoros.\" \/>\n<meta name=\"robots\" content=\"index, follow, max-snippet:-1, max-image-preview:large, max-video-preview:-1\" \/>\n<link rel=\"canonical\" href=\"https:\/\/diverkion.com\/ca\/producte\/almeja-kowok\/\" \/>\n<meta property=\"og:locale\" content=\"ca_ES\" \/>\n<meta property=\"og:type\" content=\"article\" \/>\n<meta property=\"og:title\" content=\"Almeja Kowok - DIVERKION.COM\" \/>\n<meta property=\"og:description\" content=\"La almeja kowok natural ofrece un sinf\u00edn de sensaciones al tacto para tu beb\u00e9, motivo por el cual es un complemento perfecto para la cesta de los tesoros.\" \/>\n<meta property=\"og:url\" content=\"https:\/\/diverkion.com\/ca\/producte\/almeja-kowok\/\" \/>\n<meta property=\"og:site_name\" content=\"DIVERKION.COM\" \/>\n<meta property=\"article:publisher\" content=\"https:\/\/www.facebook.com\/Diverkion-113642764558588\" \/>\n<meta property=\"article:modified_time\" content=\"2022-12-28T14:22:12+00:00\" \/>\n<meta property=\"og:image\" content=\"https:\/\/i0.wp.com\/diverkion.com\/wp-content\/uploads\/2022\/12\/CLOISSA-KOWOK-1.jpg?fit=500%2C500&ssl=1\" \/>\n\t<meta property=\"og:image:width\" content=\"500\" \/>\n\t<meta property=\"og:image:height\" content=\"500\" \/>\n\t<meta property=\"og:image:type\" content=\"image\/jpeg\" \/>\n<meta name=\"twitter:card\" content=\"summary_large_image\" \/>\n<meta name=\"twitter:label1\" content=\"Temps estimat de lectura\" \/>\n\t<meta name=\"twitter:data1\" content=\"1 minut\" \/>\n<script type=\"application\/ld+json\" class=\"yoast-schema-graph\">{\"@context\":\"https:\\\/\\\/schema.org\",\"@graph\":[{\"@type\":\"WebPage\",\"@id\":\"https:\\\/\\\/diverkion.com\\\/ca\\\/producte\\\/almeja-kowok\\\/\",\"url\":\"https:\\\/\\\/diverkion.com\\\/ca\\\/producte\\\/almeja-kowok\\\/\",\"name\":\"Almeja Kowok - DIVERKION.COM\",\"isPartOf\":{\"@id\":\"https:\\\/\\\/diverkion.com\\\/#website\"},\"primaryImageOfPage\":{\"@id\":\"https:\\\/\\\/diverkion.com\\\/ca\\\/producte\\\/almeja-kowok\\\/#primaryimage\"},\"image\":{\"@id\":\"https:\\\/\\\/diverkion.com\\\/ca\\\/producte\\\/almeja-kowok\\\/#primaryimage\"},\"thumbnailUrl\":\"https:\\\/\\\/i0.wp.com\\\/diverkion.com\\\/wp-content\\\/uploads\\\/2022\\\/12\\\/CLOISSA-KOWOK-1.jpg?fit=500%2C500&ssl=1\",\"datePublished\":\"2022-12-28T14:16:07+00:00\",\"dateModified\":\"2022-12-28T14:22:12+00:00\",\"description\":\"La almeja kowok natural ofrece un sinf\u00edn de sensaciones al tacto para tu beb\u00e9, motivo por el cual es un complemento perfecto para la cesta de los tesoros.\",\"breadcrumb\":{\"@id\":\"https:\\\/\\\/diverkion.com\\\/ca\\\/producte\\\/almeja-kowok\\\/#breadcrumb\"},\"inLanguage\":\"ca\",\"potentialAction\":[{\"@type\":\"ReadAction\",\"target\":[\"https:\\\/\\\/diverkion.com\\\/ca\\\/producte\\\/almeja-kowok\\\/\"]}]},{\"@type\":\"ImageObject\",\"inLanguage\":\"ca\",\"@id\":\"https:\\\/\\\/diverkion.com\\\/ca\\\/producte\\\/almeja-kowok\\\/#primaryimage\",\"url\":\"https:\\\/\\\/i0.wp.com\\\/diverkion.com\\\/wp-content\\\/uploads\\\/2022\\\/12\\\/CLOISSA-KOWOK-1.jpg?fit=500%2C500&ssl=1\",\"contentUrl\":\"https:\\\/\\\/i0.wp.com\\\/diverkion.com\\\/wp-content\\\/uploads\\\/2022\\\/12\\\/CLOISSA-KOWOK-1.jpg?fit=500%2C500&ssl=1\",\"width\":500,\"height\":500,\"caption\":\"almeja kowok\"},{\"@type\":\"BreadcrumbList\",\"@id\":\"https:\\\/\\\/diverkion.com\\\/ca\\\/producte\\\/almeja-kowok\\\/#breadcrumb\",\"itemListElement\":[{\"@type\":\"ListItem\",\"position\":1,\"name\":\"Portada\",\"item\":\"https:\\\/\\\/diverkion.com\\\/\"},{\"@type\":\"ListItem\",\"position\":2,\"name\":\"Productos\",\"item\":\"https:\\\/\\\/diverkion.com\\\/productos\\\/\"},{\"@type\":\"ListItem\",\"position\":3,\"name\":\"Almeja Kowok\"}]},{\"@type\":\"WebSite\",\"@id\":\"https:\\\/\\\/diverkion.com\\\/#website\",\"url\":\"https:\\\/\\\/diverkion.com\\\/\",\"name\":\"DIVERKION.COM\",\"description\":\"DIVERKION\",\"publisher\":{\"@id\":\"https:\\\/\\\/diverkion.com\\\/#organization\"},\"potentialAction\":[{\"@type\":\"SearchAction\",\"target\":{\"@type\":\"EntryPoint\",\"urlTemplate\":\"https:\\\/\\\/diverkion.com\\\/?s={search_term_string}\"},\"query-input\":{\"@type\":\"PropertyValueSpecification\",\"valueRequired\":true,\"valueName\":\"search_term_string\"}}],\"inLanguage\":\"ca\"},{\"@type\":\"Organization\",\"@id\":\"https:\\\/\\\/diverkion.com\\\/#organization\",\"name\":\"DIVERKION.COM\",\"url\":\"https:\\\/\\\/diverkion.com\\\/\",\"logo\":{\"@type\":\"ImageObject\",\"inLanguage\":\"ca\",\"@id\":\"https:\\\/\\\/diverkion.com\\\/#\\\/schema\\\/logo\\\/image\\\/\",\"url\":\"https:\\\/\\\/i0.wp.com\\\/diverkion.com\\\/wp-content\\\/uploads\\\/2022\\\/07\\\/LOGO-1-NOU.jpg?fit=1600%2C572&ssl=1\",\"contentUrl\":\"https:\\\/\\\/i0.wp.com\\\/diverkion.com\\\/wp-content\\\/uploads\\\/2022\\\/07\\\/LOGO-1-NOU.jpg?fit=1600%2C572&ssl=1\",\"width\":1600,\"height\":572,\"caption\":\"DIVERKION.COM\"},\"image\":{\"@id\":\"https:\\\/\\\/diverkion.com\\\/#\\\/schema\\\/logo\\\/image\\\/\"},\"sameAs\":[\"https:\\\/\\\/www.facebook.com\\\/Diverkion-113642764558588\",\"https:\\\/\\\/www.instagram.com\\\/diver_kion\\\/\"]}]}<\/script>\n<!-- \/ Yoast SEO plugin. -->","yoast_head_json":{"title":"Almeja Kowok - DIVERKION.COM","description":"La almeja kowok natural ofrece un sinf\u00edn de sensaciones al tacto para tu beb\u00e9, motivo por el cual es un complemento perfecto para la cesta de los tesoros.","robots":{"index":"index","follow":"follow","max-snippet":"max-snippet:-1","max-image-preview":"max-image-preview:large","max-video-preview":"max-video-preview:-1"},"canonical":"https:\/\/diverkion.com\/ca\/producte\/almeja-kowok\/","og_locale":"ca_ES","og_type":"article","og_title":"Almeja Kowok - DIVERKION.COM","og_description":"La almeja kowok natural ofrece un sinf\u00edn de sensaciones al tacto para tu beb\u00e9, motivo por el cual es un complemento perfecto para la cesta de los tesoros.","og_url":"https:\/\/diverkion.com\/ca\/producte\/almeja-kowok\/","og_site_name":"DIVERKION.COM","article_publisher":"https:\/\/www.facebook.com\/Diverkion-113642764558588","article_modified_time":"2022-12-28T14:22:12+00:00","og_image":[{"width":500,"height":500,"url":"https:\/\/i0.wp.com\/diverkion.com\/wp-content\/uploads\/2022\/12\/CLOISSA-KOWOK-1.jpg?fit=500%2C500&ssl=1","type":"image\/jpeg"}],"twitter_card":"summary_large_image","twitter_misc":{"Temps estimat de lectura":"1 minut"},"schema":{"@context":"https:\/\/schema.org","@graph":[{"@type":"WebPage","@id":"https:\/\/diverkion.com\/ca\/producte\/almeja-kowok\/","url":"https:\/\/diverkion.com\/ca\/producte\/almeja-kowok\/","name":"Almeja Kowok - DIVERKION.COM","isPartOf":{"@id":"https:\/\/diverkion.com\/#website"},"primaryImageOfPage":{"@id":"https:\/\/diverkion.com\/ca\/producte\/almeja-kowok\/#primaryimage"},"image":{"@id":"https:\/\/diverkion.com\/ca\/producte\/almeja-kowok\/#primaryimage"},"thumbnailUrl":"https:\/\/i0.wp.com\/diverkion.com\/wp-content\/uploads\/2022\/12\/CLOISSA-KOWOK-1.jpg?fit=500%2C500&ssl=1","datePublished":"2022-12-28T14:16:07+00:00","dateModified":"2022-12-28T14:22:12+00:00","description":"La almeja kowok natural ofrece un sinf\u00edn de sensaciones al tacto para tu beb\u00e9, motivo por el cual es un complemento perfecto para la cesta de los tesoros.","breadcrumb":{"@id":"https:\/\/diverkion.com\/ca\/producte\/almeja-kowok\/#breadcrumb"},"inLanguage":"ca","potentialAction":[{"@type":"ReadAction","target":["https:\/\/diverkion.com\/ca\/producte\/almeja-kowok\/"]}]},{"@type":"ImageObject","inLanguage":"ca","@id":"https:\/\/diverkion.com\/ca\/producte\/almeja-kowok\/#primaryimage","url":"https:\/\/i0.wp.com\/diverkion.com\/wp-content\/uploads\/2022\/12\/CLOISSA-KOWOK-1.jpg?fit=500%2C500&ssl=1","contentUrl":"https:\/\/i0.wp.com\/diverkion.com\/wp-content\/uploads\/2022\/12\/CLOISSA-KOWOK-1.jpg?fit=500%2C500&ssl=1","width":500,"height":500,"caption":"almeja kowok"},{"@type":"BreadcrumbList","@id":"https:\/\/diverkion.com\/ca\/producte\/almeja-kowok\/#breadcrumb","itemListElement":[{"@type":"ListItem","position":1,"name":"Portada","item":"https:\/\/diverkion.com\/"},{"@type":"ListItem","position":2,"name":"Productos","item":"https:\/\/diverkion.com\/productos\/"},{"@type":"ListItem","position":3,"name":"Almeja Kowok"}]},{"@type":"WebSite","@id":"https:\/\/diverkion.com\/#website","url":"https:\/\/diverkion.com\/","name":"DIVERKION.COM","description":"DIVERKION","publisher":{"@id":"https:\/\/diverkion.com\/#organization"},"potentialAction":[{"@type":"SearchAction","target":{"@type":"EntryPoint","urlTemplate":"https:\/\/diverkion.com\/?s={search_term_string}"},"query-input":{"@type":"PropertyValueSpecification","valueRequired":true,"valueName":"search_term_string"}}],"inLanguage":"ca"},{"@type":"Organization","@id":"https:\/\/diverkion.com\/#organization","name":"DIVERKION.COM","url":"https:\/\/diverkion.com\/","logo":{"@type":"ImageObject","inLanguage":"ca","@id":"https:\/\/diverkion.com\/#\/schema\/logo\/image\/","url":"https:\/\/i0.wp.com\/diverkion.com\/wp-content\/uploads\/2022\/07\/LOGO-1-NOU.jpg?fit=1600%2C572&ssl=1","contentUrl":"https:\/\/i0.wp.com\/diverkion.com\/wp-content\/uploads\/2022\/07\/LOGO-1-NOU.jpg?fit=1600%2C572&ssl=1","width":1600,"height":572,"caption":"DIVERKION.COM"},"image":{"@id":"https:\/\/diverkion.com\/#\/schema\/logo\/image\/"},"sameAs":["https:\/\/www.facebook.com\/Diverkion-113642764558588","https:\/\/www.instagram.com\/diver_kion\/"]}]}},"jetpack-related-posts":[],"jetpack_sharing_enabled":true,"_links":{"self":[{"href":"https:\/\/diverkion.com\/ca\/wp-json\/wp\/v2\/product\/1964","targetHints":{"allow":["GET"]}}],"collection":[{"href":"https:\/\/diverkion.com\/ca\/wp-json\/wp\/v2\/product"}],"about":[{"href":"https:\/\/diverkion.com\/ca\/wp-json\/wp\/v2\/types\/product"}],"replies":[{"embeddable":true,"href":"https:\/\/diverkion.com\/ca\/wp-json\/wp\/v2\/comments?post=1964"}],"wp:featuredmedia":[{"embeddable":true,"href":"https:\/\/diverkion.com\/ca\/wp-json\/wp\/v2\/media\/1965"}],"wp:attachment":[{"href":"https:\/\/diverkion.com\/ca\/wp-json\/wp\/v2\/media?parent=1964"}],"wp:term":[{"taxonomy":"product_brand","embeddable":true,"href":"https:\/\/diverkion.com\/ca\/wp-json\/wp\/v2\/product_brand?post=1964"},{"taxonomy":"product_cat","embeddable":true,"href":"https:\/\/diverkion.com\/ca\/wp-json\/wp\/v2\/product_cat?post=1964"},{"taxonomy":"product_tag","embeddable":true,"href":"https:\/\/diverkion.com\/ca\/wp-json\/wp\/v2\/product_tag?post=1964"}],"curies":[{"name":"wp","href":"https:\/\/api.w.org\/{rel}","templated":true}]}}