{"id":1943,"date":"2022-12-26T22:56:54","date_gmt":"2022-12-26T21:56:54","guid":{"rendered":"https:\/\/diverkion.com\/?post_type=product&#038;p=1943"},"modified":"2025-09-20T07:24:10","modified_gmt":"2025-09-20T06:24:10","slug":"mordedor-de-silicona","status":"publish","type":"product","link":"https:\/\/diverkion.com\/ca\/producte\/mordedor-de-silicona\/","title":{"rendered":"Mordedor de silicona org\u00e1nica tortuga colores claros"},"content":{"rendered":"<p>Mordedor de silicona 100% org\u00e1nica antibacterias.<\/p>\n<p>De grado alimentario, libre de BPA, PVC, Ftalatos, Cadmio y Plomo.<\/p>\n<p>Con forma de una divertida tortuguita. Disponible en 4 colores diferentes.<\/p>\n<p>El mordedor de silicona es un art\u00edculo muy simple, con muchas posibilidades y que es un complemento perfecto para la cesta de los tesoros<\/p>","protected":false},"excerpt":{"rendered":"<p>Mordedor de silicona 100% org\u00e1nica antibacterias. De grado alimentario, libre de BPA, PVC, Ftalatos, Cadmio y Plomo. Con forma de una divertida tortuguita. Disponible en 4 colores diferentes. El mordedor de silicona es un art\u00edculo muy simple, con muchas posibilidades y que es un complemento perfecto para la cesta de&hellip; <\/p>","protected":false},"featured_media":1949,"comment_status":"open","ping_status":"closed","template":"","meta":[],"product_brand":[],"product_cat":[27],"product_tag":[206,96,207],"class_list":{"0":"post-1943","1":"product","2":"type-product","3":"status-publish","4":"has-post-thumbnail","6":"product_cat-cestatesoros","7":"product_tag-mordedor","8":"product_tag-sensorial","9":"product_tag-silicona","11":"first","12":"instock","13":"shipping-taxable","14":"purchasable","15":"product-type-variable"},"yoast_head":"<!-- This site is optimized with the Yoast SEO plugin v27.4 - https:\/\/yoast.com\/product\/yoast-seo-wordpress\/ -->\n<title>Mordedor de silicona org\u00e1nica tortuga colores claros - DIVERKION.COM<\/title>\n<meta name=\"description\" content=\"Mordedor de silicona org\u00e1nica libre de qu\u00edmicos. En forma de divertida tortuga y disponible en 4 colores diferentes. Perfecto para la cesta de los tesoros.\" \/>\n<meta name=\"robots\" content=\"index, follow, max-snippet:-1, max-image-preview:large, max-video-preview:-1\" \/>\n<link rel=\"canonical\" href=\"https:\/\/diverkion.com\/ca\/producte\/mordedor-de-silicona\/\" \/>\n<meta property=\"og:locale\" content=\"ca_ES\" \/>\n<meta property=\"og:type\" content=\"article\" \/>\n<meta property=\"og:title\" content=\"Mordedor de silicona org\u00e1nica tortuga colores claros - DIVERKION.COM\" \/>\n<meta property=\"og:description\" content=\"Mordedor de silicona org\u00e1nica libre de qu\u00edmicos. En forma de divertida tortuga y disponible en 4 colores diferentes. Perfecto para la cesta de los tesoros.\" \/>\n<meta property=\"og:url\" content=\"https:\/\/diverkion.com\/ca\/producte\/mordedor-de-silicona\/\" \/>\n<meta property=\"og:site_name\" content=\"DIVERKION.COM\" \/>\n<meta property=\"article:publisher\" content=\"https:\/\/www.facebook.com\/Diverkion-113642764558588\" \/>\n<meta property=\"article:modified_time\" content=\"2025-09-20T06:24:10+00:00\" \/>\n<meta property=\"og:image\" content=\"https:\/\/diverkion.com\/wp-content\/uploads\/2022\/12\/MOSSEGADORS-SILICONA-TOTS.jpg\" \/>\n\t<meta property=\"og:image:width\" content=\"500\" \/>\n\t<meta property=\"og:image:height\" content=\"500\" \/>\n\t<meta property=\"og:image:type\" content=\"image\/jpeg\" \/>\n<meta name=\"twitter:card\" content=\"summary_large_image\" \/>\n<meta name=\"twitter:label1\" content=\"Temps estimat de lectura\" \/>\n\t<meta name=\"twitter:data1\" content=\"1 minut\" \/>\n<script type=\"application\/ld+json\" class=\"yoast-schema-graph\">{\"@context\":\"https:\\\/\\\/schema.org\",\"@graph\":[{\"@type\":\"WebPage\",\"@id\":\"https:\\\/\\\/diverkion.com\\\/producto\\\/mordedor-de-silicona\\\/\",\"url\":\"https:\\\/\\\/diverkion.com\\\/producto\\\/mordedor-de-silicona\\\/\",\"name\":\"Mordedor de silicona org\u00e1nica tortuga colores claros - DIVERKION.COM\",\"isPartOf\":{\"@id\":\"https:\\\/\\\/diverkion.com\\\/#website\"},\"primaryImageOfPage\":{\"@id\":\"https:\\\/\\\/diverkion.com\\\/producto\\\/mordedor-de-silicona\\\/#primaryimage\"},\"image\":{\"@id\":\"https:\\\/\\\/diverkion.com\\\/producto\\\/mordedor-de-silicona\\\/#primaryimage\"},\"thumbnailUrl\":\"https:\\\/\\\/i0.wp.com\\\/diverkion.com\\\/wp-content\\\/uploads\\\/2022\\\/12\\\/MOSSEGADORS-SILICONA-TOTS.jpg?fit=500%2C500&ssl=1\",\"datePublished\":\"2022-12-26T21:56:54+00:00\",\"dateModified\":\"2025-09-20T06:24:10+00:00\",\"description\":\"Mordedor de silicona org\u00e1nica libre de qu\u00edmicos. En forma de divertida tortuga y disponible en 4 colores diferentes. Perfecto para la cesta de los tesoros.\",\"breadcrumb\":{\"@id\":\"https:\\\/\\\/diverkion.com\\\/producto\\\/mordedor-de-silicona\\\/#breadcrumb\"},\"inLanguage\":\"ca\",\"potentialAction\":[{\"@type\":\"ReadAction\",\"target\":[\"https:\\\/\\\/diverkion.com\\\/producto\\\/mordedor-de-silicona\\\/\"]}]},{\"@type\":\"ImageObject\",\"inLanguage\":\"ca\",\"@id\":\"https:\\\/\\\/diverkion.com\\\/producto\\\/mordedor-de-silicona\\\/#primaryimage\",\"url\":\"https:\\\/\\\/i0.wp.com\\\/diverkion.com\\\/wp-content\\\/uploads\\\/2022\\\/12\\\/MOSSEGADORS-SILICONA-TOTS.jpg?fit=500%2C500&ssl=1\",\"contentUrl\":\"https:\\\/\\\/i0.wp.com\\\/diverkion.com\\\/wp-content\\\/uploads\\\/2022\\\/12\\\/MOSSEGADORS-SILICONA-TOTS.jpg?fit=500%2C500&ssl=1\",\"width\":500,\"height\":500,\"caption\":\"Mordedor silicona\"},{\"@type\":\"BreadcrumbList\",\"@id\":\"https:\\\/\\\/diverkion.com\\\/producto\\\/mordedor-de-silicona\\\/#breadcrumb\",\"itemListElement\":[{\"@type\":\"ListItem\",\"position\":1,\"name\":\"Portada\",\"item\":\"https:\\\/\\\/diverkion.com\\\/\"},{\"@type\":\"ListItem\",\"position\":2,\"name\":\"Productos\",\"item\":\"https:\\\/\\\/diverkion.com\\\/productos\\\/\"},{\"@type\":\"ListItem\",\"position\":3,\"name\":\"Mordedor de silicona org\u00e1nica tortuga colores claros\"}]},{\"@type\":\"WebSite\",\"@id\":\"https:\\\/\\\/diverkion.com\\\/#website\",\"url\":\"https:\\\/\\\/diverkion.com\\\/\",\"name\":\"DIVERKION.COM\",\"description\":\"DIVERKION\",\"publisher\":{\"@id\":\"https:\\\/\\\/diverkion.com\\\/#organization\"},\"potentialAction\":[{\"@type\":\"SearchAction\",\"target\":{\"@type\":\"EntryPoint\",\"urlTemplate\":\"https:\\\/\\\/diverkion.com\\\/?s={search_term_string}\"},\"query-input\":{\"@type\":\"PropertyValueSpecification\",\"valueRequired\":true,\"valueName\":\"search_term_string\"}}],\"inLanguage\":\"ca\"},{\"@type\":\"Organization\",\"@id\":\"https:\\\/\\\/diverkion.com\\\/#organization\",\"name\":\"DIVERKION.COM\",\"url\":\"https:\\\/\\\/diverkion.com\\\/\",\"logo\":{\"@type\":\"ImageObject\",\"inLanguage\":\"ca\",\"@id\":\"https:\\\/\\\/diverkion.com\\\/#\\\/schema\\\/logo\\\/image\\\/\",\"url\":\"https:\\\/\\\/i0.wp.com\\\/diverkion.com\\\/wp-content\\\/uploads\\\/2022\\\/07\\\/LOGO-1-NOU.jpg?fit=1600%2C572&ssl=1\",\"contentUrl\":\"https:\\\/\\\/i0.wp.com\\\/diverkion.com\\\/wp-content\\\/uploads\\\/2022\\\/07\\\/LOGO-1-NOU.jpg?fit=1600%2C572&ssl=1\",\"width\":1600,\"height\":572,\"caption\":\"DIVERKION.COM\"},\"image\":{\"@id\":\"https:\\\/\\\/diverkion.com\\\/#\\\/schema\\\/logo\\\/image\\\/\"},\"sameAs\":[\"https:\\\/\\\/www.facebook.com\\\/Diverkion-113642764558588\",\"https:\\\/\\\/www.instagram.com\\\/diver_kion\\\/\"]}]}<\/script>\n<!-- \/ Yoast SEO plugin. -->","yoast_head_json":{"title":"Mordedor de silicona org\u00e1nica tortuga colores claros - DIVERKION.COM","description":"Mordedor de silicona org\u00e1nica libre de qu\u00edmicos. En forma de divertida tortuga y disponible en 4 colores diferentes. Perfecto para la cesta de los tesoros.","robots":{"index":"index","follow":"follow","max-snippet":"max-snippet:-1","max-image-preview":"max-image-preview:large","max-video-preview":"max-video-preview:-1"},"canonical":"https:\/\/diverkion.com\/ca\/producte\/mordedor-de-silicona\/","og_locale":"ca_ES","og_type":"article","og_title":"Mordedor de silicona org\u00e1nica tortuga colores claros - DIVERKION.COM","og_description":"Mordedor de silicona org\u00e1nica libre de qu\u00edmicos. En forma de divertida tortuga y disponible en 4 colores diferentes. Perfecto para la cesta de los tesoros.","og_url":"https:\/\/diverkion.com\/ca\/producte\/mordedor-de-silicona\/","og_site_name":"DIVERKION.COM","article_publisher":"https:\/\/www.facebook.com\/Diverkion-113642764558588","article_modified_time":"2025-09-20T06:24:10+00:00","og_image":[{"width":500,"height":500,"url":"https:\/\/diverkion.com\/wp-content\/uploads\/2022\/12\/MOSSEGADORS-SILICONA-TOTS.jpg","type":"image\/jpeg"}],"twitter_card":"summary_large_image","twitter_misc":{"Temps estimat de lectura":"1 minut"},"schema":{"@context":"https:\/\/schema.org","@graph":[{"@type":"WebPage","@id":"https:\/\/diverkion.com\/producto\/mordedor-de-silicona\/","url":"https:\/\/diverkion.com\/producto\/mordedor-de-silicona\/","name":"Mordedor de silicona org\u00e1nica tortuga colores claros - DIVERKION.COM","isPartOf":{"@id":"https:\/\/diverkion.com\/#website"},"primaryImageOfPage":{"@id":"https:\/\/diverkion.com\/producto\/mordedor-de-silicona\/#primaryimage"},"image":{"@id":"https:\/\/diverkion.com\/producto\/mordedor-de-silicona\/#primaryimage"},"thumbnailUrl":"https:\/\/i0.wp.com\/diverkion.com\/wp-content\/uploads\/2022\/12\/MOSSEGADORS-SILICONA-TOTS.jpg?fit=500%2C500&ssl=1","datePublished":"2022-12-26T21:56:54+00:00","dateModified":"2025-09-20T06:24:10+00:00","description":"Mordedor de silicona org\u00e1nica libre de qu\u00edmicos. En forma de divertida tortuga y disponible en 4 colores diferentes. Perfecto para la cesta de los tesoros.","breadcrumb":{"@id":"https:\/\/diverkion.com\/producto\/mordedor-de-silicona\/#breadcrumb"},"inLanguage":"ca","potentialAction":[{"@type":"ReadAction","target":["https:\/\/diverkion.com\/producto\/mordedor-de-silicona\/"]}]},{"@type":"ImageObject","inLanguage":"ca","@id":"https:\/\/diverkion.com\/producto\/mordedor-de-silicona\/#primaryimage","url":"https:\/\/i0.wp.com\/diverkion.com\/wp-content\/uploads\/2022\/12\/MOSSEGADORS-SILICONA-TOTS.jpg?fit=500%2C500&ssl=1","contentUrl":"https:\/\/i0.wp.com\/diverkion.com\/wp-content\/uploads\/2022\/12\/MOSSEGADORS-SILICONA-TOTS.jpg?fit=500%2C500&ssl=1","width":500,"height":500,"caption":"Mordedor silicona"},{"@type":"BreadcrumbList","@id":"https:\/\/diverkion.com\/producto\/mordedor-de-silicona\/#breadcrumb","itemListElement":[{"@type":"ListItem","position":1,"name":"Portada","item":"https:\/\/diverkion.com\/"},{"@type":"ListItem","position":2,"name":"Productos","item":"https:\/\/diverkion.com\/productos\/"},{"@type":"ListItem","position":3,"name":"Mordedor de silicona org\u00e1nica tortuga colores claros"}]},{"@type":"WebSite","@id":"https:\/\/diverkion.com\/#website","url":"https:\/\/diverkion.com\/","name":"DIVERKION.COM","description":"DIVERKION","publisher":{"@id":"https:\/\/diverkion.com\/#organization"},"potentialAction":[{"@type":"SearchAction","target":{"@type":"EntryPoint","urlTemplate":"https:\/\/diverkion.com\/?s={search_term_string}"},"query-input":{"@type":"PropertyValueSpecification","valueRequired":true,"valueName":"search_term_string"}}],"inLanguage":"ca"},{"@type":"Organization","@id":"https:\/\/diverkion.com\/#organization","name":"DIVERKION.COM","url":"https:\/\/diverkion.com\/","logo":{"@type":"ImageObject","inLanguage":"ca","@id":"https:\/\/diverkion.com\/#\/schema\/logo\/image\/","url":"https:\/\/i0.wp.com\/diverkion.com\/wp-content\/uploads\/2022\/07\/LOGO-1-NOU.jpg?fit=1600%2C572&ssl=1","contentUrl":"https:\/\/i0.wp.com\/diverkion.com\/wp-content\/uploads\/2022\/07\/LOGO-1-NOU.jpg?fit=1600%2C572&ssl=1","width":1600,"height":572,"caption":"DIVERKION.COM"},"image":{"@id":"https:\/\/diverkion.com\/#\/schema\/logo\/image\/"},"sameAs":["https:\/\/www.facebook.com\/Diverkion-113642764558588","https:\/\/www.instagram.com\/diver_kion\/"]}]}},"jetpack-related-posts":[{"id":2438,"url":"https:\/\/diverkion.com\/ca\/producte\/mordedor-de-silicona-organica-tortuga\/","url_meta":{"origin":1943,"position":0},"title":"Mordedor de silicona org\u00e1nica tortuga colores vivos","author":"diveradmin","date":"0606\/0202\/pmpmpmpm","format":false,"excerpt":"Mordedor de silicona 100% org\u00e1nica antibacterias. De grado alimentario, libre de BPA, PVC, Ftalatos, Cadmio y Plomo. Con forma de una divertida tortuguita. Disponible en 4 colores diferentes. El mordedor de silicona es un art\u00edculo muy simple, con muchas posibilidades y que es un complemento perfecto para la cesta de\u2026","rel":"","context":"Entrada similar","block_context":{"text":"Entrada similar","link":""},"img":{"alt_text":"Mordedor de silicona","src":"https:\/\/i0.wp.com\/diverkion.com\/wp-content\/uploads\/2024\/02\/MOSSEGADORS-SILICONA-FORTS.jpg?fit=500%2C500&ssl=1&resize=350%2C200","width":350,"height":200},"classes":[]},{"id":2239,"url":"https:\/\/diverkion.com\/ca\/producte\/tubo-transparente-de-silicona\/","url_meta":{"origin":1943,"position":1},"title":"Tubo transparente de silicona","author":"diveradmin","date":"2828\/1010\/pmpmpmpm","format":false,"excerpt":"Tubo transparente de silicona de grado alimentario. Aporta ligereza, sencillez y a la misma hora estimulaci\u00f3n al tacto y a la vista. Tubo de unos 15 cm de largo aprox, por 14mm de di\u00e1metro exterior. El tubo transparente de silicona es un material muy simple, con muchas posibilidades y que\u2026","rel":"","context":"Entrada similar","block_context":{"text":"Entrada similar","link":""},"img":{"alt_text":"Tubo transparente de silicona","src":"https:\/\/i0.wp.com\/diverkion.com\/wp-content\/uploads\/2023\/10\/TUBO-TRANSPARENTE-1.jpg?fit=500%2C500&ssl=1&resize=350%2C200","width":350,"height":200},"classes":[]},{"id":1743,"url":"https:\/\/diverkion.com\/ca\/producte\/oball-pelota-mordedor\/","url_meta":{"origin":1943,"position":2},"title":"Oball pilota mossegador","author":"diveradmin","date":"0404\/0707\/pmpmpmpm","format":false,"excerpt":"El oball pelota mordedor, presenta 32 agujeros de muy facil agarre para el beb\u00e9. Le va a encantar agarrarla con las manos y tra\u00e9rsela a la boca para jugar con su lengua. Su flexibilidad la hace totalmente resistente. Esta formada por 4 partes de diferentes colores. Azul, verde, amarillo y\u2026","rel":"","context":"Entrada similar","block_context":{"text":"Entrada similar","link":""},"img":{"alt_text":"Oball pelota mordedor","src":"https:\/\/i0.wp.com\/diverkion.com\/wp-content\/uploads\/2022\/07\/OBALL-2.jpg?fit=500%2C500&ssl=1&resize=350%2C200","width":350,"height":200},"classes":[]},{"id":1987,"url":"https:\/\/diverkion.com\/ca\/producte\/mordedor-de-3-bolas\/","url_meta":{"origin":1943,"position":3},"title":"Mordedor de 3 bolas","author":"diveradmin","date":"0202\/0202\/pmpmpmpm","format":false,"excerpt":"El mordedor de 3 bolas est\u00e1 compuesto por una anilla de madera de haya de 3 cm de di\u00e1metro en un extremo de la tela el\u00e1stica color gris. Y por 3 bolas de madera de haya; una de 4 cm de di\u00e1metro, una de 3 y la \u00faltima de 2\u2026","rel":"","context":"Entrada similar","block_context":{"text":"Entrada similar","link":""},"img":{"alt_text":"MORDEDOR DE 3 BOLAS","src":"https:\/\/i0.wp.com\/diverkion.com\/wp-content\/uploads\/2023\/02\/BOLES234.jpg?fit=500%2C500&ssl=1&resize=350%2C200","width":350,"height":200},"classes":[]},{"id":1998,"url":"https:\/\/diverkion.com\/ca\/producte\/mordedor-de-5-bolas\/","url_meta":{"origin":1943,"position":4},"title":"Mordedor de 5 bolas","author":"diveradmin","date":"0202\/0202\/pmpmpmpm","format":false,"excerpt":"El mordedor de 5 bolas est\u00e1 compuesto por una anilla de madera de haya de 3 cm de di\u00e1metro en un extremo de la tela el\u00e1stica color gris. Y por 5 bolas de madera de haya; una de 4 cm de di\u00e1metro, dos de 3 y dos de 2 cm\u2026","rel":"","context":"Entrada similar","block_context":{"text":"Entrada similar","link":""},"img":{"alt_text":"Mordedor de 5 bolas","src":"https:\/\/i0.wp.com\/diverkion.com\/wp-content\/uploads\/2023\/02\/BOLES23432.jpg?fit=500%2C500&ssl=1&resize=350%2C200","width":350,"height":200},"classes":[]},{"id":3737,"url":"https:\/\/diverkion.com\/ca\/producte\/mordedor-de-madera-en-forma-de-caballo-2\/","url_meta":{"origin":1943,"position":5},"title":"Mossegador de fusta en forma de cavall","author":"diveradmin","date":"2020\/0909\/pmpmpmpm","format":false,"excerpt":"La llegada de los primeros dientes es una etapa emocionante, pero tambi\u00e9n puede traer incomodidad y llantos en tu beb\u00e9. Sabemos lo dif\u00edcil que resulta ver a tu peque\u00f1o inquieto, buscando algo seguro que llevarse a la boca para aliviar esas molestias. Por eso hemos creado este mordedor de madera\u2026","rel":"","context":"Entrada similar","block_context":{"text":"Entrada similar","link":""},"img":{"alt_text":"Mordedor de madera en forma de caballo","src":"https:\/\/i0.wp.com\/diverkion.com\/wp-content\/uploads\/2022\/01\/MOFUCA-2.jpg?fit=500%2C500&ssl=1&resize=350%2C200","width":350,"height":200},"classes":[]}],"jetpack_sharing_enabled":true,"_links":{"self":[{"href":"https:\/\/diverkion.com\/ca\/wp-json\/wp\/v2\/product\/1943","targetHints":{"allow":["GET"]}}],"collection":[{"href":"https:\/\/diverkion.com\/ca\/wp-json\/wp\/v2\/product"}],"about":[{"href":"https:\/\/diverkion.com\/ca\/wp-json\/wp\/v2\/types\/product"}],"replies":[{"embeddable":true,"href":"https:\/\/diverkion.com\/ca\/wp-json\/wp\/v2\/comments?post=1943"}],"wp:featuredmedia":[{"embeddable":true,"href":"https:\/\/diverkion.com\/ca\/wp-json\/wp\/v2\/media\/1949"}],"wp:attachment":[{"href":"https:\/\/diverkion.com\/ca\/wp-json\/wp\/v2\/media?parent=1943"}],"wp:term":[{"taxonomy":"product_brand","embeddable":true,"href":"https:\/\/diverkion.com\/ca\/wp-json\/wp\/v2\/product_brand?post=1943"},{"taxonomy":"product_cat","embeddable":true,"href":"https:\/\/diverkion.com\/ca\/wp-json\/wp\/v2\/product_cat?post=1943"},{"taxonomy":"product_tag","embeddable":true,"href":"https:\/\/diverkion.com\/ca\/wp-json\/wp\/v2\/product_tag?post=1943"}],"curies":[{"name":"wp","href":"https:\/\/api.w.org\/{rel}","templated":true}]}}