{"id":1907,"date":"2022-11-18T12:19:32","date_gmt":"2022-11-18T11:19:32","guid":{"rendered":"https:\/\/diverkion.com\/?post_type=product&#038;p=1907"},"modified":"2024-11-26T23:21:33","modified_gmt":"2024-11-26T22:21:33","slug":"flanera-metalica-brillante-9cm","status":"publish","type":"product","link":"https:\/\/diverkion.com\/ca\/producte\/flanera-metalica-brillante-9cm\/","title":{"rendered":"Flanera met\u00e1lica brillante 9 cm"},"content":{"rendered":"<p>Flanera met\u00e1lica brillante de 9 cm de di\u00e1metro y 6.5 cm de altura.<\/p>\n<p>\u00c9s perfecte per a que el teu nad\u00f3 experimenti amb la seva textura, forma, pes i mida.<\/p>\n<p>La flanera met\u00e1lica es un art\u00edculo muy simple, con muchas posibilidades y que es un complemento perfecto para la cesta de los tesoros.<\/p>","protected":false},"excerpt":{"rendered":"<p>Flanera met\u00e1lica brillante de 9 cm de di\u00e1metro y 6.5 cm de altura. Es ideal para que el bebe pueda experimentar con su textura, forma, peso y tama\u00f1o. La flanera met\u00e1lica es un art\u00edculo muy simple, con muchas posibilidades y que es un complemento perfecto para la cesta de los&hellip; <\/p>","protected":false},"featured_media":1161,"comment_status":"open","ping_status":"closed","template":"","meta":[],"product_brand":[],"product_cat":[27],"product_tag":[93,96],"class_list":{"0":"post-1907","1":"product","2":"type-product","3":"status-publish","4":"has-post-thumbnail","6":"product_cat-cestatesoros","7":"product_tag-metal","8":"product_tag-sensorial","10":"first","11":"instock","12":"shipping-taxable","13":"purchasable","14":"product-type-simple"},"yoast_head":"<!-- This site is optimized with the Yoast SEO plugin v27.5 - https:\/\/yoast.com\/product\/yoast-seo-wordpress\/ -->\n<title>Flanera met\u00e1lica brillante 9 cm - DIVERKION.COM<\/title>\n<meta name=\"description\" content=\"Flanera met\u00e1lica brillante de 9 cm de di\u00e1metro y 6.5 cm de altura. Art\u00edculo muy simple e ideal para completar tu cesta de los tesoros.\" \/>\n<meta name=\"robots\" content=\"index, follow, max-snippet:-1, max-image-preview:large, max-video-preview:-1\" \/>\n<link rel=\"canonical\" href=\"https:\/\/diverkion.com\/ca\/producte\/flanera-metalica-brillante-9cm\/\" \/>\n<meta property=\"og:locale\" content=\"ca_ES\" \/>\n<meta property=\"og:type\" content=\"article\" \/>\n<meta property=\"og:title\" content=\"Flanera met\u00e1lica brillante 9 cm - DIVERKION.COM\" \/>\n<meta property=\"og:description\" content=\"Flanera met\u00e1lica brillante de 9 cm de di\u00e1metro y 6.5 cm de altura. Art\u00edculo muy simple e ideal para completar tu cesta de los tesoros.\" \/>\n<meta property=\"og:url\" content=\"https:\/\/diverkion.com\/ca\/producte\/flanera-metalica-brillante-9cm\/\" \/>\n<meta property=\"og:site_name\" content=\"DIVERKION.COM\" \/>\n<meta property=\"article:publisher\" content=\"https:\/\/www.facebook.com\/Diverkion-113642764558588\" \/>\n<meta property=\"article:modified_time\" content=\"2024-11-26T22:21:33+00:00\" \/>\n<meta property=\"og:image\" content=\"https:\/\/diverkion.com\/wp-content\/uploads\/2022\/01\/FLAME-1.jpg\" \/>\n\t<meta property=\"og:image:width\" content=\"500\" \/>\n\t<meta property=\"og:image:height\" content=\"500\" \/>\n\t<meta property=\"og:image:type\" content=\"image\/jpeg\" \/>\n<meta name=\"twitter:card\" content=\"summary_large_image\" \/>\n<meta name=\"twitter:label1\" content=\"Temps estimat de lectura\" \/>\n\t<meta name=\"twitter:data1\" content=\"1 minut\" \/>\n<script type=\"application\/ld+json\" class=\"yoast-schema-graph\">{\"@context\":\"https:\\\/\\\/schema.org\",\"@graph\":[{\"@type\":\"WebPage\",\"@id\":\"https:\\\/\\\/diverkion.com\\\/producto\\\/flanera-metalica-brillante-9cm\\\/\",\"url\":\"https:\\\/\\\/diverkion.com\\\/producto\\\/flanera-metalica-brillante-9cm\\\/\",\"name\":\"Flanera met\u00e1lica brillante 9 cm - DIVERKION.COM\",\"isPartOf\":{\"@id\":\"https:\\\/\\\/diverkion.com\\\/#website\"},\"primaryImageOfPage\":{\"@id\":\"https:\\\/\\\/diverkion.com\\\/producto\\\/flanera-metalica-brillante-9cm\\\/#primaryimage\"},\"image\":{\"@id\":\"https:\\\/\\\/diverkion.com\\\/producto\\\/flanera-metalica-brillante-9cm\\\/#primaryimage\"},\"thumbnailUrl\":\"https:\\\/\\\/i0.wp.com\\\/diverkion.com\\\/wp-content\\\/uploads\\\/2022\\\/01\\\/FLAME-1.jpg?fit=500%2C500&ssl=1\",\"datePublished\":\"2022-11-18T11:19:32+00:00\",\"dateModified\":\"2024-11-26T22:21:33+00:00\",\"description\":\"Flanera met\u00e1lica brillante de 9 cm de di\u00e1metro y 6.5 cm de altura. Art\u00edculo muy simple e ideal para completar tu cesta de los tesoros.\",\"breadcrumb\":{\"@id\":\"https:\\\/\\\/diverkion.com\\\/producto\\\/flanera-metalica-brillante-9cm\\\/#breadcrumb\"},\"inLanguage\":\"ca\",\"potentialAction\":[{\"@type\":\"ReadAction\",\"target\":[\"https:\\\/\\\/diverkion.com\\\/producto\\\/flanera-metalica-brillante-9cm\\\/\"]}]},{\"@type\":\"ImageObject\",\"inLanguage\":\"ca\",\"@id\":\"https:\\\/\\\/diverkion.com\\\/producto\\\/flanera-metalica-brillante-9cm\\\/#primaryimage\",\"url\":\"https:\\\/\\\/i0.wp.com\\\/diverkion.com\\\/wp-content\\\/uploads\\\/2022\\\/01\\\/FLAME-1.jpg?fit=500%2C500&ssl=1\",\"contentUrl\":\"https:\\\/\\\/i0.wp.com\\\/diverkion.com\\\/wp-content\\\/uploads\\\/2022\\\/01\\\/FLAME-1.jpg?fit=500%2C500&ssl=1\",\"width\":500,\"height\":500,\"caption\":\"flanera met\u00e1lica\"},{\"@type\":\"BreadcrumbList\",\"@id\":\"https:\\\/\\\/diverkion.com\\\/producto\\\/flanera-metalica-brillante-9cm\\\/#breadcrumb\",\"itemListElement\":[{\"@type\":\"ListItem\",\"position\":1,\"name\":\"Portada\",\"item\":\"https:\\\/\\\/diverkion.com\\\/\"},{\"@type\":\"ListItem\",\"position\":2,\"name\":\"Productos\",\"item\":\"https:\\\/\\\/diverkion.com\\\/productos\\\/\"},{\"@type\":\"ListItem\",\"position\":3,\"name\":\"Flanera met\u00e1lica brillante 9 cm\"}]},{\"@type\":\"WebSite\",\"@id\":\"https:\\\/\\\/diverkion.com\\\/#website\",\"url\":\"https:\\\/\\\/diverkion.com\\\/\",\"name\":\"DIVERKION.COM\",\"description\":\"DIVERKION\",\"publisher\":{\"@id\":\"https:\\\/\\\/diverkion.com\\\/#organization\"},\"potentialAction\":[{\"@type\":\"SearchAction\",\"target\":{\"@type\":\"EntryPoint\",\"urlTemplate\":\"https:\\\/\\\/diverkion.com\\\/?s={search_term_string}\"},\"query-input\":{\"@type\":\"PropertyValueSpecification\",\"valueRequired\":true,\"valueName\":\"search_term_string\"}}],\"inLanguage\":\"ca\"},{\"@type\":\"Organization\",\"@id\":\"https:\\\/\\\/diverkion.com\\\/#organization\",\"name\":\"DIVERKION.COM\",\"url\":\"https:\\\/\\\/diverkion.com\\\/\",\"logo\":{\"@type\":\"ImageObject\",\"inLanguage\":\"ca\",\"@id\":\"https:\\\/\\\/diverkion.com\\\/#\\\/schema\\\/logo\\\/image\\\/\",\"url\":\"https:\\\/\\\/i0.wp.com\\\/diverkion.com\\\/wp-content\\\/uploads\\\/2022\\\/07\\\/LOGO-1-NOU.jpg?fit=1600%2C572&ssl=1\",\"contentUrl\":\"https:\\\/\\\/i0.wp.com\\\/diverkion.com\\\/wp-content\\\/uploads\\\/2022\\\/07\\\/LOGO-1-NOU.jpg?fit=1600%2C572&ssl=1\",\"width\":1600,\"height\":572,\"caption\":\"DIVERKION.COM\"},\"image\":{\"@id\":\"https:\\\/\\\/diverkion.com\\\/#\\\/schema\\\/logo\\\/image\\\/\"},\"sameAs\":[\"https:\\\/\\\/www.facebook.com\\\/Diverkion-113642764558588\",\"https:\\\/\\\/www.instagram.com\\\/diver_kion\\\/\"]}]}<\/script>\n<!-- \/ Yoast SEO plugin. -->","yoast_head_json":{"title":"Flanera met\u00e1lica brillante 9 cm - DIVERKION.COM","description":"Flanera met\u00e1lica brillante de 9 cm de di\u00e1metro y 6.5 cm de altura. Art\u00edculo muy simple e ideal para completar tu cesta de los tesoros.","robots":{"index":"index","follow":"follow","max-snippet":"max-snippet:-1","max-image-preview":"max-image-preview:large","max-video-preview":"max-video-preview:-1"},"canonical":"https:\/\/diverkion.com\/ca\/producte\/flanera-metalica-brillante-9cm\/","og_locale":"ca_ES","og_type":"article","og_title":"Flanera met\u00e1lica brillante 9 cm - DIVERKION.COM","og_description":"Flanera met\u00e1lica brillante de 9 cm de di\u00e1metro y 6.5 cm de altura. Art\u00edculo muy simple e ideal para completar tu cesta de los tesoros.","og_url":"https:\/\/diverkion.com\/ca\/producte\/flanera-metalica-brillante-9cm\/","og_site_name":"DIVERKION.COM","article_publisher":"https:\/\/www.facebook.com\/Diverkion-113642764558588","article_modified_time":"2024-11-26T22:21:33+00:00","og_image":[{"width":500,"height":500,"url":"https:\/\/diverkion.com\/wp-content\/uploads\/2022\/01\/FLAME-1.jpg","type":"image\/jpeg"}],"twitter_card":"summary_large_image","twitter_misc":{"Temps estimat de lectura":"1 minut"},"schema":{"@context":"https:\/\/schema.org","@graph":[{"@type":"WebPage","@id":"https:\/\/diverkion.com\/producto\/flanera-metalica-brillante-9cm\/","url":"https:\/\/diverkion.com\/producto\/flanera-metalica-brillante-9cm\/","name":"Flanera met\u00e1lica brillante 9 cm - DIVERKION.COM","isPartOf":{"@id":"https:\/\/diverkion.com\/#website"},"primaryImageOfPage":{"@id":"https:\/\/diverkion.com\/producto\/flanera-metalica-brillante-9cm\/#primaryimage"},"image":{"@id":"https:\/\/diverkion.com\/producto\/flanera-metalica-brillante-9cm\/#primaryimage"},"thumbnailUrl":"https:\/\/i0.wp.com\/diverkion.com\/wp-content\/uploads\/2022\/01\/FLAME-1.jpg?fit=500%2C500&ssl=1","datePublished":"2022-11-18T11:19:32+00:00","dateModified":"2024-11-26T22:21:33+00:00","description":"Flanera met\u00e1lica brillante de 9 cm de di\u00e1metro y 6.5 cm de altura. Art\u00edculo muy simple e ideal para completar tu cesta de los tesoros.","breadcrumb":{"@id":"https:\/\/diverkion.com\/producto\/flanera-metalica-brillante-9cm\/#breadcrumb"},"inLanguage":"ca","potentialAction":[{"@type":"ReadAction","target":["https:\/\/diverkion.com\/producto\/flanera-metalica-brillante-9cm\/"]}]},{"@type":"ImageObject","inLanguage":"ca","@id":"https:\/\/diverkion.com\/producto\/flanera-metalica-brillante-9cm\/#primaryimage","url":"https:\/\/i0.wp.com\/diverkion.com\/wp-content\/uploads\/2022\/01\/FLAME-1.jpg?fit=500%2C500&ssl=1","contentUrl":"https:\/\/i0.wp.com\/diverkion.com\/wp-content\/uploads\/2022\/01\/FLAME-1.jpg?fit=500%2C500&ssl=1","width":500,"height":500,"caption":"flanera met\u00e1lica"},{"@type":"BreadcrumbList","@id":"https:\/\/diverkion.com\/producto\/flanera-metalica-brillante-9cm\/#breadcrumb","itemListElement":[{"@type":"ListItem","position":1,"name":"Portada","item":"https:\/\/diverkion.com\/"},{"@type":"ListItem","position":2,"name":"Productos","item":"https:\/\/diverkion.com\/productos\/"},{"@type":"ListItem","position":3,"name":"Flanera met\u00e1lica brillante 9 cm"}]},{"@type":"WebSite","@id":"https:\/\/diverkion.com\/#website","url":"https:\/\/diverkion.com\/","name":"DIVERKION.COM","description":"DIVERKION","publisher":{"@id":"https:\/\/diverkion.com\/#organization"},"potentialAction":[{"@type":"SearchAction","target":{"@type":"EntryPoint","urlTemplate":"https:\/\/diverkion.com\/?s={search_term_string}"},"query-input":{"@type":"PropertyValueSpecification","valueRequired":true,"valueName":"search_term_string"}}],"inLanguage":"ca"},{"@type":"Organization","@id":"https:\/\/diverkion.com\/#organization","name":"DIVERKION.COM","url":"https:\/\/diverkion.com\/","logo":{"@type":"ImageObject","inLanguage":"ca","@id":"https:\/\/diverkion.com\/#\/schema\/logo\/image\/","url":"https:\/\/i0.wp.com\/diverkion.com\/wp-content\/uploads\/2022\/07\/LOGO-1-NOU.jpg?fit=1600%2C572&ssl=1","contentUrl":"https:\/\/i0.wp.com\/diverkion.com\/wp-content\/uploads\/2022\/07\/LOGO-1-NOU.jpg?fit=1600%2C572&ssl=1","width":1600,"height":572,"caption":"DIVERKION.COM"},"image":{"@id":"https:\/\/diverkion.com\/#\/schema\/logo\/image\/"},"sameAs":["https:\/\/www.facebook.com\/Diverkion-113642764558588","https:\/\/www.instagram.com\/diver_kion\/"]}]}},"jetpack-related-posts":[{"id":49,"url":"https:\/\/diverkion.com\/ca\/producte\/flanera-metalica-6cm\/","url_meta":{"origin":1907,"position":0},"title":"Flanera met\u00e1lica brillante 6 cm","author":"diveradmin","date":"1717\/0101\/pmpmpmpm","format":false,"excerpt":"Flanera met\u00e1lica brillante de 6 cm de di\u00e1metro y 5 cm de altura. Es ideal para que el bebe pueda experimentar con su textura, forma, peso y tama\u00f1o. La flanera met\u00e1lica es un art\u00edculo muy simple, con muchas posibilidades y que es un complemento perfecto para la cesta de los\u2026","rel":"","context":"Entrada similar","block_context":{"text":"Entrada similar","link":""},"img":{"alt_text":"flanera met\u00e1lica","src":"https:\/\/i0.wp.com\/diverkion.com\/wp-content\/uploads\/2022\/01\/FLAME-1.jpg?fit=500%2C500&ssl=1&resize=350%2C200","width":350,"height":200},"classes":[]},{"id":1763,"url":"https:\/\/diverkion.com\/ca\/producte\/anilla-metalica-7-5-cm-diametro\/","url_meta":{"origin":1907,"position":1},"title":"Anella met\u00e0l\u00b7lica 7.5 cm di\u00e0metre","author":"diveradmin","date":"2525\/0707\/pmpmpmpm","format":false,"excerpt":"Anilla met\u00e1lica galvanizada de 7.5 cm de di\u00e1metro. De secci\u00f3n circular. Proporciona al beb\u00e9 un f\u00e1cil agarre. Al ser met\u00e1lica, el beb\u00e9 va a experimentar una temperatura muy diferente a la t\u00edpica anilla de madera, igual que su sonido es tambi\u00e9n muy caracter\u00edstico. La anilla met\u00e1lica es un juguete muy\u2026","rel":"","context":"Entrada similar","block_context":{"text":"Entrada similar","link":""},"img":{"alt_text":"Anilla met\u00e1lica","src":"https:\/\/i0.wp.com\/diverkion.com\/wp-content\/uploads\/2022\/07\/ANME-1.jpg?fit=500%2C500&ssl=1&resize=350%2C200","width":350,"height":200},"classes":[]},{"id":1761,"url":"https:\/\/diverkion.com\/ca\/producte\/anilla-metalica\/","url_meta":{"origin":1907,"position":2},"title":"Anella met\u00e0l\u00b7lica 5 cm di\u00e0metre","author":"diveradmin","date":"2525\/0707\/pmpmpmpm","format":false,"excerpt":"Anilla met\u00e1lica galvanizada de 5 cm de di\u00e1metro. De secci\u00f3n circular. Proporciona al beb\u00e9 un f\u00e1cil agarre. Al ser met\u00e1lica, el beb\u00e9 va a experimentar una temperatura muy diferente a la t\u00edpica anilla de madera, igual que su sonido es tambi\u00e9n muy caracter\u00edstico. La anilla met\u00e1lica es un juguete muy\u2026","rel":"","context":"Entrada similar","block_context":{"text":"Entrada similar","link":""},"img":{"alt_text":"Anilla met\u00e1lica","src":"https:\/\/i0.wp.com\/diverkion.com\/wp-content\/uploads\/2022\/07\/ANME-1.jpg?fit=500%2C500&ssl=1&resize=350%2C200","width":350,"height":200},"classes":[]},{"id":1867,"url":"https:\/\/diverkion.com\/ca\/producte\/cadena-inox\/","url_meta":{"origin":1907,"position":3},"title":"Cadena INOX","author":"diveradmin","date":"2727\/1010\/pmpmpmpm","format":false,"excerpt":"Cadena de acero inoxidable de24 cm de largo. Tama\u00f1o peque\u00f1o ideal para las manitas del beb\u00e9. De muy f\u00e1cil agarre. Suficientemente corta como para evitar dar la vuelta entera al cuello del beb\u00e9. Le va a encantar arrastrarla por el suelo. Su temperatura fr\u00eda. su brillo caracter\u00edstico. Su sonido met\u00e1lico\u2026","rel":"","context":"Entrada similar","block_context":{"text":"Entrada similar","link":""},"img":{"alt_text":"Cadena met\u00e1lica","src":"https:\/\/i0.wp.com\/diverkion.com\/wp-content\/uploads\/2022\/10\/CADENA-METALL.jpg?fit=500%2C500&ssl=1&resize=350%2C200","width":350,"height":200},"classes":[]},{"id":2016,"url":"https:\/\/diverkion.com\/ca\/producte\/saquitos-sensoriales\/","url_meta":{"origin":1907,"position":4},"title":"Saquets sensorials","author":"diveradmin","date":"1111\/0202\/pmpmpmpm","format":false,"excerpt":"4 saquitos de diferente color con tela de algod\u00f3n certificada oeko-tex. Rellenos de diferentes materiales: bolas de madera dados acr\u00edlicos anillas met\u00e1licas piedras Cada material aporta un peso, ruido y tacto caracter\u00edsticos Podr\u00e1s adivinar qu\u00e9 material hay en cada saquito? \u00a0 Los saquitos sensoriales est\u00e1n cerrados con doble costura para\u2026","rel":"","context":"Entrada similar","block_context":{"text":"Entrada similar","link":""},"img":{"alt_text":"saquitos sensoriales","src":"https:\/\/i0.wp.com\/diverkion.com\/wp-content\/uploads\/2023\/02\/SAQUETS-SENSORIALS.jpg?fit=500%2C500&ssl=1&resize=350%2C200","width":350,"height":200},"classes":[]},{"id":1645,"url":"https:\/\/diverkion.com\/ca\/producte\/cesta-de-algodon-30cm\/","url_meta":{"origin":1907,"position":5},"title":"Cesta de algod\u00f3n de ganchillo 30cm","author":"diveradmin","date":"0202\/0303\/pmpmpmpm","format":false,"excerpt":"Cesta elaborada de hilo 100% algod\u00f3n con certificado oeko-tex Mide unos 30 cm de di\u00e1metro por 9 cm de alto. Disponible en varios colores diferentes","rel":"","context":"Amb 1 comentari","block_context":{"text":"Amb 1 comentari","link":"https:\/\/diverkion.com\/ca\/producte\/cesta-de-algodon-30cm\/#comments"},"img":{"alt_text":"cesta de algod\u00f3n","src":"https:\/\/i0.wp.com\/diverkion.com\/wp-content\/uploads\/2022\/03\/PANERA-5-COLORS-2024.jpg?fit=500%2C500&ssl=1&resize=350%2C200","width":350,"height":200},"classes":[]}],"jetpack_sharing_enabled":true,"_links":{"self":[{"href":"https:\/\/diverkion.com\/ca\/wp-json\/wp\/v2\/product\/1907","targetHints":{"allow":["GET"]}}],"collection":[{"href":"https:\/\/diverkion.com\/ca\/wp-json\/wp\/v2\/product"}],"about":[{"href":"https:\/\/diverkion.com\/ca\/wp-json\/wp\/v2\/types\/product"}],"replies":[{"embeddable":true,"href":"https:\/\/diverkion.com\/ca\/wp-json\/wp\/v2\/comments?post=1907"}],"wp:featuredmedia":[{"embeddable":true,"href":"https:\/\/diverkion.com\/ca\/wp-json\/wp\/v2\/media\/1161"}],"wp:attachment":[{"href":"https:\/\/diverkion.com\/ca\/wp-json\/wp\/v2\/media?parent=1907"}],"wp:term":[{"taxonomy":"product_brand","embeddable":true,"href":"https:\/\/diverkion.com\/ca\/wp-json\/wp\/v2\/product_brand?post=1907"},{"taxonomy":"product_cat","embeddable":true,"href":"https:\/\/diverkion.com\/ca\/wp-json\/wp\/v2\/product_cat?post=1907"},{"taxonomy":"product_tag","embeddable":true,"href":"https:\/\/diverkion.com\/ca\/wp-json\/wp\/v2\/product_tag?post=1907"}],"curies":[{"name":"wp","href":"https:\/\/api.w.org\/{rel}","templated":true}]}}