{"id":1866,"date":"2022-10-27T15:03:52","date_gmt":"2022-10-27T14:03:52","guid":{"rendered":"https:\/\/diverkion.com\/?post_type=product&#038;p=1866"},"modified":"2023-04-28T22:48:50","modified_gmt":"2023-04-28T21:48:50","slug":"seta-de-madera","status":"publish","type":"product","link":"https:\/\/diverkion.com\/ca\/producte\/seta-de-madera\/","title":{"rendered":"Seta de madera"},"content":{"rendered":"<p>Seta de madera de haya de 8 cm de alto.<\/p>\n<p>Tama\u00f1o ideal para las manitas del beb\u00e9. De muy f\u00e1cil agarre. Suficientemente grande para que no puedan met\u00e9rselo entero en la boca.<\/p>\n<p>La seta de madera es un juguete muy simple, con muchas posibilidades y que es un complemento perfecto para la cesta de los tesoros.<\/p>","protected":false},"excerpt":{"rendered":"<p>Seta de madera de haya de 8 cm de alto. Tama\u00f1o ideal para las manitas del beb\u00e9. De muy f\u00e1cil agarre. Suficientemente grande para que no puedan met\u00e9rselo entero en la boca. La seta de madera es un juguete muy simple, con muchas posibilidades y que es un complemento perfecto&hellip; <\/p>","protected":false},"featured_media":1853,"comment_status":"open","ping_status":"closed","template":"","meta":[],"product_brand":[],"product_cat":[27],"product_tag":[92],"class_list":{"0":"post-1866","1":"product","2":"type-product","3":"status-publish","4":"has-post-thumbnail","6":"product_cat-cestatesoros","7":"product_tag-madera","9":"first","10":"instock","11":"shipping-taxable","12":"purchasable","13":"product-type-simple"},"yoast_head":"<!-- This site is optimized with the Yoast SEO plugin v27.5 - https:\/\/yoast.com\/product\/yoast-seo-wordpress\/ -->\n<title>Seta de madera - DIVERKION.COM<\/title>\n<meta name=\"description\" content=\"Seta de madera de haya de 8 cm de alto. Un complemento perfecto para completar y mejorar la cesta de los tesoros de tu beb\u00e9.\" \/>\n<meta name=\"robots\" content=\"index, follow, max-snippet:-1, max-image-preview:large, max-video-preview:-1\" \/>\n<link rel=\"canonical\" href=\"https:\/\/diverkion.com\/ca\/producte\/seta-de-madera\/\" \/>\n<meta property=\"og:locale\" content=\"ca_ES\" \/>\n<meta property=\"og:type\" content=\"article\" \/>\n<meta property=\"og:title\" content=\"Seta de madera - DIVERKION.COM\" \/>\n<meta property=\"og:description\" content=\"Seta de madera de haya de 8 cm de alto. Un complemento perfecto para completar y mejorar la cesta de los tesoros de tu beb\u00e9.\" \/>\n<meta property=\"og:url\" content=\"https:\/\/diverkion.com\/ca\/producte\/seta-de-madera\/\" \/>\n<meta property=\"og:site_name\" content=\"DIVERKION.COM\" \/>\n<meta property=\"article:publisher\" content=\"https:\/\/www.facebook.com\/Diverkion-113642764558588\" \/>\n<meta property=\"article:modified_time\" content=\"2023-04-28T21:48:50+00:00\" \/>\n<meta property=\"og:image\" content=\"https:\/\/diverkion.com\/wp-content\/uploads\/2022\/10\/BOLET-FUSTA.jpg\" \/>\n\t<meta property=\"og:image:width\" content=\"500\" \/>\n\t<meta property=\"og:image:height\" content=\"500\" \/>\n\t<meta property=\"og:image:type\" content=\"image\/jpeg\" \/>\n<meta name=\"twitter:card\" content=\"summary_large_image\" \/>\n<meta name=\"twitter:label1\" content=\"Temps estimat de lectura\" \/>\n\t<meta name=\"twitter:data1\" content=\"1 minut\" \/>\n<script type=\"application\/ld+json\" class=\"yoast-schema-graph\">{\"@context\":\"https:\\\/\\\/schema.org\",\"@graph\":[{\"@type\":\"WebPage\",\"@id\":\"https:\\\/\\\/diverkion.com\\\/producto\\\/seta-de-madera\\\/\",\"url\":\"https:\\\/\\\/diverkion.com\\\/producto\\\/seta-de-madera\\\/\",\"name\":\"Seta de madera - DIVERKION.COM\",\"isPartOf\":{\"@id\":\"https:\\\/\\\/diverkion.com\\\/#website\"},\"primaryImageOfPage\":{\"@id\":\"https:\\\/\\\/diverkion.com\\\/producto\\\/seta-de-madera\\\/#primaryimage\"},\"image\":{\"@id\":\"https:\\\/\\\/diverkion.com\\\/producto\\\/seta-de-madera\\\/#primaryimage\"},\"thumbnailUrl\":\"https:\\\/\\\/i0.wp.com\\\/diverkion.com\\\/wp-content\\\/uploads\\\/2022\\\/10\\\/BOLET-FUSTA.jpg?fit=500%2C500&ssl=1\",\"datePublished\":\"2022-10-27T14:03:52+00:00\",\"dateModified\":\"2023-04-28T21:48:50+00:00\",\"description\":\"Seta de madera de haya de 8 cm de alto. Un complemento perfecto para completar y mejorar la cesta de los tesoros de tu beb\u00e9.\",\"breadcrumb\":{\"@id\":\"https:\\\/\\\/diverkion.com\\\/producto\\\/seta-de-madera\\\/#breadcrumb\"},\"inLanguage\":\"ca\",\"potentialAction\":[{\"@type\":\"ReadAction\",\"target\":[\"https:\\\/\\\/diverkion.com\\\/producto\\\/seta-de-madera\\\/\"]}]},{\"@type\":\"ImageObject\",\"inLanguage\":\"ca\",\"@id\":\"https:\\\/\\\/diverkion.com\\\/producto\\\/seta-de-madera\\\/#primaryimage\",\"url\":\"https:\\\/\\\/i0.wp.com\\\/diverkion.com\\\/wp-content\\\/uploads\\\/2022\\\/10\\\/BOLET-FUSTA.jpg?fit=500%2C500&ssl=1\",\"contentUrl\":\"https:\\\/\\\/i0.wp.com\\\/diverkion.com\\\/wp-content\\\/uploads\\\/2022\\\/10\\\/BOLET-FUSTA.jpg?fit=500%2C500&ssl=1\",\"width\":500,\"height\":500,\"caption\":\"Seta de madera\"},{\"@type\":\"BreadcrumbList\",\"@id\":\"https:\\\/\\\/diverkion.com\\\/producto\\\/seta-de-madera\\\/#breadcrumb\",\"itemListElement\":[{\"@type\":\"ListItem\",\"position\":1,\"name\":\"Portada\",\"item\":\"https:\\\/\\\/diverkion.com\\\/\"},{\"@type\":\"ListItem\",\"position\":2,\"name\":\"Productos\",\"item\":\"https:\\\/\\\/diverkion.com\\\/productos\\\/\"},{\"@type\":\"ListItem\",\"position\":3,\"name\":\"Seta de madera\"}]},{\"@type\":\"WebSite\",\"@id\":\"https:\\\/\\\/diverkion.com\\\/#website\",\"url\":\"https:\\\/\\\/diverkion.com\\\/\",\"name\":\"DIVERKION.COM\",\"description\":\"DIVERKION\",\"publisher\":{\"@id\":\"https:\\\/\\\/diverkion.com\\\/#organization\"},\"potentialAction\":[{\"@type\":\"SearchAction\",\"target\":{\"@type\":\"EntryPoint\",\"urlTemplate\":\"https:\\\/\\\/diverkion.com\\\/?s={search_term_string}\"},\"query-input\":{\"@type\":\"PropertyValueSpecification\",\"valueRequired\":true,\"valueName\":\"search_term_string\"}}],\"inLanguage\":\"ca\"},{\"@type\":\"Organization\",\"@id\":\"https:\\\/\\\/diverkion.com\\\/#organization\",\"name\":\"DIVERKION.COM\",\"url\":\"https:\\\/\\\/diverkion.com\\\/\",\"logo\":{\"@type\":\"ImageObject\",\"inLanguage\":\"ca\",\"@id\":\"https:\\\/\\\/diverkion.com\\\/#\\\/schema\\\/logo\\\/image\\\/\",\"url\":\"https:\\\/\\\/i0.wp.com\\\/diverkion.com\\\/wp-content\\\/uploads\\\/2022\\\/07\\\/LOGO-1-NOU.jpg?fit=1600%2C572&ssl=1\",\"contentUrl\":\"https:\\\/\\\/i0.wp.com\\\/diverkion.com\\\/wp-content\\\/uploads\\\/2022\\\/07\\\/LOGO-1-NOU.jpg?fit=1600%2C572&ssl=1\",\"width\":1600,\"height\":572,\"caption\":\"DIVERKION.COM\"},\"image\":{\"@id\":\"https:\\\/\\\/diverkion.com\\\/#\\\/schema\\\/logo\\\/image\\\/\"},\"sameAs\":[\"https:\\\/\\\/www.facebook.com\\\/Diverkion-113642764558588\",\"https:\\\/\\\/www.instagram.com\\\/diver_kion\\\/\"]}]}<\/script>\n<!-- \/ Yoast SEO plugin. -->","yoast_head_json":{"title":"Seta de madera - DIVERKION.COM","description":"Seta de madera de haya de 8 cm de alto. Un complemento perfecto para completar y mejorar la cesta de los tesoros de tu beb\u00e9.","robots":{"index":"index","follow":"follow","max-snippet":"max-snippet:-1","max-image-preview":"max-image-preview:large","max-video-preview":"max-video-preview:-1"},"canonical":"https:\/\/diverkion.com\/ca\/producte\/seta-de-madera\/","og_locale":"ca_ES","og_type":"article","og_title":"Seta de madera - DIVERKION.COM","og_description":"Seta de madera de haya de 8 cm de alto. Un complemento perfecto para completar y mejorar la cesta de los tesoros de tu beb\u00e9.","og_url":"https:\/\/diverkion.com\/ca\/producte\/seta-de-madera\/","og_site_name":"DIVERKION.COM","article_publisher":"https:\/\/www.facebook.com\/Diverkion-113642764558588","article_modified_time":"2023-04-28T21:48:50+00:00","og_image":[{"width":500,"height":500,"url":"https:\/\/diverkion.com\/wp-content\/uploads\/2022\/10\/BOLET-FUSTA.jpg","type":"image\/jpeg"}],"twitter_card":"summary_large_image","twitter_misc":{"Temps estimat de lectura":"1 minut"},"schema":{"@context":"https:\/\/schema.org","@graph":[{"@type":"WebPage","@id":"https:\/\/diverkion.com\/producto\/seta-de-madera\/","url":"https:\/\/diverkion.com\/producto\/seta-de-madera\/","name":"Seta de madera - DIVERKION.COM","isPartOf":{"@id":"https:\/\/diverkion.com\/#website"},"primaryImageOfPage":{"@id":"https:\/\/diverkion.com\/producto\/seta-de-madera\/#primaryimage"},"image":{"@id":"https:\/\/diverkion.com\/producto\/seta-de-madera\/#primaryimage"},"thumbnailUrl":"https:\/\/i0.wp.com\/diverkion.com\/wp-content\/uploads\/2022\/10\/BOLET-FUSTA.jpg?fit=500%2C500&ssl=1","datePublished":"2022-10-27T14:03:52+00:00","dateModified":"2023-04-28T21:48:50+00:00","description":"Seta de madera de haya de 8 cm de alto. Un complemento perfecto para completar y mejorar la cesta de los tesoros de tu beb\u00e9.","breadcrumb":{"@id":"https:\/\/diverkion.com\/producto\/seta-de-madera\/#breadcrumb"},"inLanguage":"ca","potentialAction":[{"@type":"ReadAction","target":["https:\/\/diverkion.com\/producto\/seta-de-madera\/"]}]},{"@type":"ImageObject","inLanguage":"ca","@id":"https:\/\/diverkion.com\/producto\/seta-de-madera\/#primaryimage","url":"https:\/\/i0.wp.com\/diverkion.com\/wp-content\/uploads\/2022\/10\/BOLET-FUSTA.jpg?fit=500%2C500&ssl=1","contentUrl":"https:\/\/i0.wp.com\/diverkion.com\/wp-content\/uploads\/2022\/10\/BOLET-FUSTA.jpg?fit=500%2C500&ssl=1","width":500,"height":500,"caption":"Seta de madera"},{"@type":"BreadcrumbList","@id":"https:\/\/diverkion.com\/producto\/seta-de-madera\/#breadcrumb","itemListElement":[{"@type":"ListItem","position":1,"name":"Portada","item":"https:\/\/diverkion.com\/"},{"@type":"ListItem","position":2,"name":"Productos","item":"https:\/\/diverkion.com\/productos\/"},{"@type":"ListItem","position":3,"name":"Seta de madera"}]},{"@type":"WebSite","@id":"https:\/\/diverkion.com\/#website","url":"https:\/\/diverkion.com\/","name":"DIVERKION.COM","description":"DIVERKION","publisher":{"@id":"https:\/\/diverkion.com\/#organization"},"potentialAction":[{"@type":"SearchAction","target":{"@type":"EntryPoint","urlTemplate":"https:\/\/diverkion.com\/?s={search_term_string}"},"query-input":{"@type":"PropertyValueSpecification","valueRequired":true,"valueName":"search_term_string"}}],"inLanguage":"ca"},{"@type":"Organization","@id":"https:\/\/diverkion.com\/#organization","name":"DIVERKION.COM","url":"https:\/\/diverkion.com\/","logo":{"@type":"ImageObject","inLanguage":"ca","@id":"https:\/\/diverkion.com\/#\/schema\/logo\/image\/","url":"https:\/\/i0.wp.com\/diverkion.com\/wp-content\/uploads\/2022\/07\/LOGO-1-NOU.jpg?fit=1600%2C572&ssl=1","contentUrl":"https:\/\/i0.wp.com\/diverkion.com\/wp-content\/uploads\/2022\/07\/LOGO-1-NOU.jpg?fit=1600%2C572&ssl=1","width":1600,"height":572,"caption":"DIVERKION.COM"},"image":{"@id":"https:\/\/diverkion.com\/#\/schema\/logo\/image\/"},"sameAs":["https:\/\/www.facebook.com\/Diverkion-113642764558588","https:\/\/www.instagram.com\/diver_kion\/"]}]}},"jetpack-related-posts":[{"id":3837,"url":"https:\/\/diverkion.com\/ca\/producte\/bolas-de-madera-navidenas-para-colorear\/","url_meta":{"origin":1866,"position":0},"title":"Bolas de madera navide\u00f1as para colorear","author":"diveradmin","date":"1515\/1111\/pmpmpmpm","format":false,"excerpt":"Descubre nuestro encantador pack de bolas de madera navide\u00f1as para colorear, una propuesta creativa, educativa y muy especial para disfrutar del esp\u00edritu navide\u00f1o en familia. Este set est\u00e1 dise\u00f1ado para que ni\u00f1os y adultos puedan compartir un momento relajante y art\u00edstico mientras decoran su hogar con piezas \u00fanicas, hechas per\u2026","rel":"","context":"Entrada similar","block_context":{"text":"Entrada similar","link":""},"img":{"alt_text":"Bolas de madera navide\u00f1as para colorear","src":"https:\/\/i0.wp.com\/diverkion.com\/wp-content\/uploads\/2025\/11\/CM-BOLAS-NAVIDAD-PRODUCTO.jpg?fit=500%2C500&ssl=1&resize=350%2C200","width":350,"height":200},"classes":[]},{"id":1212,"url":"https:\/\/diverkion.com\/ca\/producte\/anilla-de-madera-de-7-cm\/","url_meta":{"origin":1866,"position":1},"title":"Anella de fusta de 7 cm de di\u00e0metre","author":"diveradmin","date":"2222\/0101\/pmpmpmpm","format":false,"excerpt":"Anilla de madera de 7 cm de di\u00e1metro exterior Elaborada con madera de haya La anilla de madera es un material muy simple, con muchas posibilidades y que es un complemento perfecto para la cesta de los tesoros.","rel":"","context":"Entrada similar","block_context":{"text":"Entrada similar","link":""},"img":{"alt_text":"anilla de madera","src":"https:\/\/i0.wp.com\/diverkion.com\/wp-content\/uploads\/2022\/01\/ANELLA-FUSTA-DK-SOBRE.jpg?fit=500%2C500&ssl=1&resize=350%2C200","width":350,"height":200},"classes":[]},{"id":1852,"url":"https:\/\/diverkion.com\/ca\/producte\/pelota-de-madera\/","url_meta":{"origin":1866,"position":2},"title":"Pelota de madera","author":"diveradmin","date":"2727\/1010\/pmpmpmpm","format":false,"excerpt":"Pelota de madera de haya de 6 cm de di\u00e1metro. Tama\u00f1o peque\u00f1o ideal para las manitas del beb\u00e9. Pero suficientemente grande para que no pueden met\u00e9rsela entera en la boca. La pelota de madera es un juguete muy simple, con muchas posibilidades y que es un complemento perfecto para la\u2026","rel":"","context":"Entrada similar","block_context":{"text":"Entrada similar","link":""},"img":{"alt_text":"Pelota de madera","src":"https:\/\/i0.wp.com\/diverkion.com\/wp-content\/uploads\/2022\/10\/PILOTA-FUSTA.jpg?fit=500%2C500&ssl=1&resize=350%2C200","width":350,"height":200},"classes":[]},{"id":1863,"url":"https:\/\/diverkion.com\/ca\/producte\/huevo-de-madera\/","url_meta":{"origin":1866,"position":3},"title":"Huevo de madera","author":"diveradmin","date":"2727\/1010\/pmpmpmpm","format":false,"excerpt":"Huevo de madera de haya de 6 cm de largo por 4 cm de ancho. Tama\u00f1o peque\u00f1o ideal para las manitas del beb\u00e9. De muy f\u00e1cil agarre. Suficientemente grande para que no puedan met\u00e9rselo entero en la boca. El huevo de madera es un juguete muy simple, con muchas posibilidades\u2026","rel":"","context":"Entrada similar","block_context":{"text":"Entrada similar","link":""},"img":{"alt_text":"Huevo de madera","src":"https:\/\/i0.wp.com\/diverkion.com\/wp-content\/uploads\/2022\/10\/OU-FUSTA.jpg?fit=500%2C500&ssl=1&resize=350%2C200","width":350,"height":200},"classes":[]},{"id":1862,"url":"https:\/\/diverkion.com\/ca\/producte\/carrete-de-madera\/","url_meta":{"origin":1866,"position":4},"title":"Carret de fusta","author":"diveradmin","date":"2727\/1010\/pmpmpmpm","format":false,"excerpt":"Carrete de madera de haya de 7 cm de alto por 3.5 cm de di\u00e1metro. Tama\u00f1o peque\u00f1o ideal para las manitas del beb\u00e9. De muy f\u00e1cil agarre. Suficientemente grande para que no puedan met\u00e9rselo entero en la boca. El carrete de madera es un juguete muy simple, con muchas posibilidades\u2026","rel":"","context":"Entrada similar","block_context":{"text":"Entrada similar","link":""},"img":{"alt_text":"Carrete de madera","src":"https:\/\/i0.wp.com\/diverkion.com\/wp-content\/uploads\/2022\/10\/CARRET-2.jpg?fit=500%2C500&ssl=1&resize=350%2C200","width":350,"height":200},"classes":[]},{"id":1939,"url":"https:\/\/diverkion.com\/ca\/producte\/flor-de-madera\/","url_meta":{"origin":1866,"position":5},"title":"Flor de fusta","author":"diveradmin","date":"2222\/1212\/pmpmpmpm","format":false,"excerpt":"Espectacular flor natural de madera. \u00danicamente redondeada por los lados para evitar cantos muy agudos que pudieran da\u00f1ar al beb\u00e9. Su espectacular forma y relieve ofrecen un mont\u00f3n de est\u00edmulos y sensaciones al tacto, sea con las manos o con la boca. La flor de madera es un art\u00edculo muy\u2026","rel":"","context":"Entrada similar","block_context":{"text":"Entrada similar","link":""},"img":{"alt_text":"flor de madera","src":"https:\/\/i0.wp.com\/diverkion.com\/wp-content\/uploads\/2022\/12\/FLOR-DE-FUSTA.jpg?fit=500%2C500&ssl=1&resize=350%2C200","width":350,"height":200},"classes":[]}],"jetpack_sharing_enabled":true,"_links":{"self":[{"href":"https:\/\/diverkion.com\/ca\/wp-json\/wp\/v2\/product\/1866","targetHints":{"allow":["GET"]}}],"collection":[{"href":"https:\/\/diverkion.com\/ca\/wp-json\/wp\/v2\/product"}],"about":[{"href":"https:\/\/diverkion.com\/ca\/wp-json\/wp\/v2\/types\/product"}],"replies":[{"embeddable":true,"href":"https:\/\/diverkion.com\/ca\/wp-json\/wp\/v2\/comments?post=1866"}],"wp:featuredmedia":[{"embeddable":true,"href":"https:\/\/diverkion.com\/ca\/wp-json\/wp\/v2\/media\/1853"}],"wp:attachment":[{"href":"https:\/\/diverkion.com\/ca\/wp-json\/wp\/v2\/media?parent=1866"}],"wp:term":[{"taxonomy":"product_brand","embeddable":true,"href":"https:\/\/diverkion.com\/ca\/wp-json\/wp\/v2\/product_brand?post=1866"},{"taxonomy":"product_cat","embeddable":true,"href":"https:\/\/diverkion.com\/ca\/wp-json\/wp\/v2\/product_cat?post=1866"},{"taxonomy":"product_tag","embeddable":true,"href":"https:\/\/diverkion.com\/ca\/wp-json\/wp\/v2\/product_tag?post=1866"}],"curies":[{"name":"wp","href":"https:\/\/api.w.org\/{rel}","templated":true}]}}