{"id":1852,"date":"2022-10-27T14:20:07","date_gmt":"2022-10-27T13:20:07","guid":{"rendered":"https:\/\/diverkion.com\/?post_type=product&#038;p=1852"},"modified":"2023-04-28T22:51:46","modified_gmt":"2023-04-28T21:51:46","slug":"pelota-de-madera","status":"publish","type":"product","link":"https:\/\/diverkion.com\/ca\/producte\/pelota-de-madera\/","title":{"rendered":"Pelota de madera"},"content":{"rendered":"<p>Pelota de madera de haya de 6 cm de di\u00e1metro.<\/p>\n<p>Tama\u00f1o peque\u00f1o ideal para las manitas del beb\u00e9. Pero suficientemente grande para que no pueden met\u00e9rsela entera en la boca.<\/p>\n<p>La pelota de madera es un juguete muy simple, con muchas posibilidades y que es un complemento perfecto para la cesta de los tesoros.<\/p>","protected":false},"excerpt":{"rendered":"<p>Pelota de madera de haya de 6 cm de di\u00e1metro. Tama\u00f1o peque\u00f1o ideal para las manitas del beb\u00e9. Pero suficientemente grande para que no pueden met\u00e9rsela entera en la boca. La pelota de madera es un juguete muy simple, con muchas posibilidades y que es un complemento perfecto para la&hellip; <\/p>","protected":false},"featured_media":1861,"comment_status":"open","ping_status":"closed","template":"","meta":[],"product_brand":[],"product_cat":[27],"product_tag":[92,103],"class_list":{"0":"post-1852","1":"product","2":"type-product","3":"status-publish","4":"has-post-thumbnail","6":"product_cat-cestatesoros","7":"product_tag-madera","8":"product_tag-pelota","10":"first","11":"instock","12":"shipping-taxable","13":"purchasable","14":"product-type-simple"},"yoast_head":"<!-- This site is optimized with the Yoast SEO plugin v27.5 - https:\/\/yoast.com\/product\/yoast-seo-wordpress\/ -->\n<title>Pelota de madera - DIVERKION.COM<\/title>\n<meta name=\"description\" content=\"Pelota de madera de haya de 6 cm de di\u00e1metro. Un complemento perfecto para completar y mejorar la cesta de los tesoros de tu beb\u00e9.\" \/>\n<meta name=\"robots\" content=\"index, follow, max-snippet:-1, max-image-preview:large, max-video-preview:-1\" \/>\n<link rel=\"canonical\" href=\"https:\/\/diverkion.com\/ca\/producte\/pelota-de-madera\/\" \/>\n<meta property=\"og:locale\" content=\"ca_ES\" \/>\n<meta property=\"og:type\" content=\"article\" \/>\n<meta property=\"og:title\" content=\"Pelota de madera - DIVERKION.COM\" \/>\n<meta property=\"og:description\" content=\"Pelota de madera de haya de 6 cm de di\u00e1metro. Un complemento perfecto para completar y mejorar la cesta de los tesoros de tu beb\u00e9.\" \/>\n<meta property=\"og:url\" content=\"https:\/\/diverkion.com\/ca\/producte\/pelota-de-madera\/\" \/>\n<meta property=\"og:site_name\" content=\"DIVERKION.COM\" \/>\n<meta property=\"article:publisher\" content=\"https:\/\/www.facebook.com\/Diverkion-113642764558588\" \/>\n<meta property=\"article:modified_time\" content=\"2023-04-28T21:51:46+00:00\" \/>\n<meta property=\"og:image\" content=\"https:\/\/diverkion.com\/wp-content\/uploads\/2022\/10\/PILOTA-FUSTA.jpg\" \/>\n\t<meta property=\"og:image:width\" content=\"500\" \/>\n\t<meta property=\"og:image:height\" content=\"500\" \/>\n\t<meta property=\"og:image:type\" content=\"image\/jpeg\" \/>\n<meta name=\"twitter:card\" content=\"summary_large_image\" \/>\n<meta name=\"twitter:label1\" content=\"Temps estimat de lectura\" \/>\n\t<meta name=\"twitter:data1\" content=\"1 minut\" \/>\n<script type=\"application\/ld+json\" class=\"yoast-schema-graph\">{\"@context\":\"https:\\\/\\\/schema.org\",\"@graph\":[{\"@type\":\"WebPage\",\"@id\":\"https:\\\/\\\/diverkion.com\\\/producto\\\/pelota-de-madera\\\/\",\"url\":\"https:\\\/\\\/diverkion.com\\\/producto\\\/pelota-de-madera\\\/\",\"name\":\"Pelota de madera - DIVERKION.COM\",\"isPartOf\":{\"@id\":\"https:\\\/\\\/diverkion.com\\\/#website\"},\"primaryImageOfPage\":{\"@id\":\"https:\\\/\\\/diverkion.com\\\/producto\\\/pelota-de-madera\\\/#primaryimage\"},\"image\":{\"@id\":\"https:\\\/\\\/diverkion.com\\\/producto\\\/pelota-de-madera\\\/#primaryimage\"},\"thumbnailUrl\":\"https:\\\/\\\/i0.wp.com\\\/diverkion.com\\\/wp-content\\\/uploads\\\/2022\\\/10\\\/PILOTA-FUSTA.jpg?fit=500%2C500&ssl=1\",\"datePublished\":\"2022-10-27T13:20:07+00:00\",\"dateModified\":\"2023-04-28T21:51:46+00:00\",\"description\":\"Pelota de madera de haya de 6 cm de di\u00e1metro. Un complemento perfecto para completar y mejorar la cesta de los tesoros de tu beb\u00e9.\",\"breadcrumb\":{\"@id\":\"https:\\\/\\\/diverkion.com\\\/producto\\\/pelota-de-madera\\\/#breadcrumb\"},\"inLanguage\":\"ca\",\"potentialAction\":[{\"@type\":\"ReadAction\",\"target\":[\"https:\\\/\\\/diverkion.com\\\/producto\\\/pelota-de-madera\\\/\"]}]},{\"@type\":\"ImageObject\",\"inLanguage\":\"ca\",\"@id\":\"https:\\\/\\\/diverkion.com\\\/producto\\\/pelota-de-madera\\\/#primaryimage\",\"url\":\"https:\\\/\\\/i0.wp.com\\\/diverkion.com\\\/wp-content\\\/uploads\\\/2022\\\/10\\\/PILOTA-FUSTA.jpg?fit=500%2C500&ssl=1\",\"contentUrl\":\"https:\\\/\\\/i0.wp.com\\\/diverkion.com\\\/wp-content\\\/uploads\\\/2022\\\/10\\\/PILOTA-FUSTA.jpg?fit=500%2C500&ssl=1\",\"width\":500,\"height\":500,\"caption\":\"Pelota de madera\"},{\"@type\":\"BreadcrumbList\",\"@id\":\"https:\\\/\\\/diverkion.com\\\/producto\\\/pelota-de-madera\\\/#breadcrumb\",\"itemListElement\":[{\"@type\":\"ListItem\",\"position\":1,\"name\":\"Portada\",\"item\":\"https:\\\/\\\/diverkion.com\\\/\"},{\"@type\":\"ListItem\",\"position\":2,\"name\":\"Productos\",\"item\":\"https:\\\/\\\/diverkion.com\\\/productos\\\/\"},{\"@type\":\"ListItem\",\"position\":3,\"name\":\"Pelota de madera\"}]},{\"@type\":\"WebSite\",\"@id\":\"https:\\\/\\\/diverkion.com\\\/#website\",\"url\":\"https:\\\/\\\/diverkion.com\\\/\",\"name\":\"DIVERKION.COM\",\"description\":\"DIVERKION\",\"publisher\":{\"@id\":\"https:\\\/\\\/diverkion.com\\\/#organization\"},\"potentialAction\":[{\"@type\":\"SearchAction\",\"target\":{\"@type\":\"EntryPoint\",\"urlTemplate\":\"https:\\\/\\\/diverkion.com\\\/?s={search_term_string}\"},\"query-input\":{\"@type\":\"PropertyValueSpecification\",\"valueRequired\":true,\"valueName\":\"search_term_string\"}}],\"inLanguage\":\"ca\"},{\"@type\":\"Organization\",\"@id\":\"https:\\\/\\\/diverkion.com\\\/#organization\",\"name\":\"DIVERKION.COM\",\"url\":\"https:\\\/\\\/diverkion.com\\\/\",\"logo\":{\"@type\":\"ImageObject\",\"inLanguage\":\"ca\",\"@id\":\"https:\\\/\\\/diverkion.com\\\/#\\\/schema\\\/logo\\\/image\\\/\",\"url\":\"https:\\\/\\\/i0.wp.com\\\/diverkion.com\\\/wp-content\\\/uploads\\\/2022\\\/07\\\/LOGO-1-NOU.jpg?fit=1600%2C572&ssl=1\",\"contentUrl\":\"https:\\\/\\\/i0.wp.com\\\/diverkion.com\\\/wp-content\\\/uploads\\\/2022\\\/07\\\/LOGO-1-NOU.jpg?fit=1600%2C572&ssl=1\",\"width\":1600,\"height\":572,\"caption\":\"DIVERKION.COM\"},\"image\":{\"@id\":\"https:\\\/\\\/diverkion.com\\\/#\\\/schema\\\/logo\\\/image\\\/\"},\"sameAs\":[\"https:\\\/\\\/www.facebook.com\\\/Diverkion-113642764558588\",\"https:\\\/\\\/www.instagram.com\\\/diver_kion\\\/\"]}]}<\/script>\n<!-- \/ Yoast SEO plugin. -->","yoast_head_json":{"title":"Pelota de madera - DIVERKION.COM","description":"Pelota de madera de haya de 6 cm de di\u00e1metro. Un complemento perfecto para completar y mejorar la cesta de los tesoros de tu beb\u00e9.","robots":{"index":"index","follow":"follow","max-snippet":"max-snippet:-1","max-image-preview":"max-image-preview:large","max-video-preview":"max-video-preview:-1"},"canonical":"https:\/\/diverkion.com\/ca\/producte\/pelota-de-madera\/","og_locale":"ca_ES","og_type":"article","og_title":"Pelota de madera - DIVERKION.COM","og_description":"Pelota de madera de haya de 6 cm de di\u00e1metro. Un complemento perfecto para completar y mejorar la cesta de los tesoros de tu beb\u00e9.","og_url":"https:\/\/diverkion.com\/ca\/producte\/pelota-de-madera\/","og_site_name":"DIVERKION.COM","article_publisher":"https:\/\/www.facebook.com\/Diverkion-113642764558588","article_modified_time":"2023-04-28T21:51:46+00:00","og_image":[{"width":500,"height":500,"url":"https:\/\/diverkion.com\/wp-content\/uploads\/2022\/10\/PILOTA-FUSTA.jpg","type":"image\/jpeg"}],"twitter_card":"summary_large_image","twitter_misc":{"Temps estimat de lectura":"1 minut"},"schema":{"@context":"https:\/\/schema.org","@graph":[{"@type":"WebPage","@id":"https:\/\/diverkion.com\/producto\/pelota-de-madera\/","url":"https:\/\/diverkion.com\/producto\/pelota-de-madera\/","name":"Pelota de madera - DIVERKION.COM","isPartOf":{"@id":"https:\/\/diverkion.com\/#website"},"primaryImageOfPage":{"@id":"https:\/\/diverkion.com\/producto\/pelota-de-madera\/#primaryimage"},"image":{"@id":"https:\/\/diverkion.com\/producto\/pelota-de-madera\/#primaryimage"},"thumbnailUrl":"https:\/\/i0.wp.com\/diverkion.com\/wp-content\/uploads\/2022\/10\/PILOTA-FUSTA.jpg?fit=500%2C500&ssl=1","datePublished":"2022-10-27T13:20:07+00:00","dateModified":"2023-04-28T21:51:46+00:00","description":"Pelota de madera de haya de 6 cm de di\u00e1metro. Un complemento perfecto para completar y mejorar la cesta de los tesoros de tu beb\u00e9.","breadcrumb":{"@id":"https:\/\/diverkion.com\/producto\/pelota-de-madera\/#breadcrumb"},"inLanguage":"ca","potentialAction":[{"@type":"ReadAction","target":["https:\/\/diverkion.com\/producto\/pelota-de-madera\/"]}]},{"@type":"ImageObject","inLanguage":"ca","@id":"https:\/\/diverkion.com\/producto\/pelota-de-madera\/#primaryimage","url":"https:\/\/i0.wp.com\/diverkion.com\/wp-content\/uploads\/2022\/10\/PILOTA-FUSTA.jpg?fit=500%2C500&ssl=1","contentUrl":"https:\/\/i0.wp.com\/diverkion.com\/wp-content\/uploads\/2022\/10\/PILOTA-FUSTA.jpg?fit=500%2C500&ssl=1","width":500,"height":500,"caption":"Pelota de madera"},{"@type":"BreadcrumbList","@id":"https:\/\/diverkion.com\/producto\/pelota-de-madera\/#breadcrumb","itemListElement":[{"@type":"ListItem","position":1,"name":"Portada","item":"https:\/\/diverkion.com\/"},{"@type":"ListItem","position":2,"name":"Productos","item":"https:\/\/diverkion.com\/productos\/"},{"@type":"ListItem","position":3,"name":"Pelota de madera"}]},{"@type":"WebSite","@id":"https:\/\/diverkion.com\/#website","url":"https:\/\/diverkion.com\/","name":"DIVERKION.COM","description":"DIVERKION","publisher":{"@id":"https:\/\/diverkion.com\/#organization"},"potentialAction":[{"@type":"SearchAction","target":{"@type":"EntryPoint","urlTemplate":"https:\/\/diverkion.com\/?s={search_term_string}"},"query-input":{"@type":"PropertyValueSpecification","valueRequired":true,"valueName":"search_term_string"}}],"inLanguage":"ca"},{"@type":"Organization","@id":"https:\/\/diverkion.com\/#organization","name":"DIVERKION.COM","url":"https:\/\/diverkion.com\/","logo":{"@type":"ImageObject","inLanguage":"ca","@id":"https:\/\/diverkion.com\/#\/schema\/logo\/image\/","url":"https:\/\/i0.wp.com\/diverkion.com\/wp-content\/uploads\/2022\/07\/LOGO-1-NOU.jpg?fit=1600%2C572&ssl=1","contentUrl":"https:\/\/i0.wp.com\/diverkion.com\/wp-content\/uploads\/2022\/07\/LOGO-1-NOU.jpg?fit=1600%2C572&ssl=1","width":1600,"height":572,"caption":"DIVERKION.COM"},"image":{"@id":"https:\/\/diverkion.com\/#\/schema\/logo\/image\/"},"sameAs":["https:\/\/www.facebook.com\/Diverkion-113642764558588","https:\/\/www.instagram.com\/diver_kion\/"]}]}},"jetpack-related-posts":[{"id":1794,"url":"https:\/\/diverkion.com\/ca\/producte\/pelota-pikler-2\/","url_meta":{"origin":1852,"position":0},"title":"Pilota Pikler 7 cm","author":"diveradmin","date":"0909\/0909\/amamamam","format":false,"excerpt":"Uno de los juguetes por excelencia para beb\u00e9s. La pelota Pikler. Inspirada en el trabajo de Emmi Pikler sobre el desarrollo psicomotriz de los beb\u00e9s. Ideal para ellos al ser de f\u00e1cil agarre, ligera y con muchas posibilidades. Con ella tu beb\u00e9 podr\u00e1 trabajar la capacidad de pasar un objeto\u2026","rel":"","context":"Entrada similar","block_context":{"text":"Entrada similar","link":""},"img":{"alt_text":"Pelota Pikler","src":"https:\/\/i0.wp.com\/diverkion.com\/wp-content\/uploads\/2022\/09\/PILOTA-PIKLER.jpg?fit=500%2C500&ssl=1&resize=350%2C200","width":350,"height":200},"classes":[]},{"id":1792,"url":"https:\/\/diverkion.com\/ca\/producte\/pelota-pikler\/","url_meta":{"origin":1852,"position":1},"title":"Pilota Pikler 10 cm","author":"diveradmin","date":"0909\/0909\/amamamam","format":false,"excerpt":"Uno de los juguetes por excelencia para beb\u00e9s. La pelota Pikler. Inspirada en el trabajo de Emmi Pikler sobre el desarrollo psicomotriz de los beb\u00e9s. Ideal para ellos al ser de f\u00e1cil agarre, ligera y con muchas posibilidades. Con ella tu beb\u00e9 podr\u00e1 trabajar la capacidad de pasar un objeto\u2026","rel":"","context":"Entrada similar","block_context":{"text":"Entrada similar","link":""},"img":{"alt_text":"Pelota Pikler","src":"https:\/\/i0.wp.com\/diverkion.com\/wp-content\/uploads\/2022\/09\/PILOTA-PIKLER.jpg?fit=500%2C500&ssl=1&resize=350%2C200","width":350,"height":200},"classes":[]},{"id":2020,"url":"https:\/\/diverkion.com\/ca\/producte\/bolacuerda\/","url_meta":{"origin":1852,"position":2},"title":"Bolacorda","author":"diveradmin","date":"0505\/0303\/pmpmpmpm","format":false,"excerpt":"El bolacuerda est\u00e1 compuesto por una bola de madera de haya de 4 cm de di\u00e1metro, junto a una cuerda 100% algod\u00f3n. La cuerda permite al beb\u00e9 agarrar muy f\u00e1cilmente el mordedor. El bolacuerda es un art\u00edculo muy simple, con muchas posibilidades y que es un complemento perfecto para la\u2026","rel":"","context":"Entrada similar","block_context":{"text":"Entrada similar","link":""},"img":{"alt_text":"bolacuerda","src":"https:\/\/i0.wp.com\/diverkion.com\/wp-content\/uploads\/2023\/03\/CORDA-COTO-AMB-BOLA-FUSTA.jpg?fit=500%2C500&ssl=1&resize=350%2C200","width":350,"height":200},"classes":[]},{"id":1987,"url":"https:\/\/diverkion.com\/ca\/producte\/mordedor-de-3-bolas\/","url_meta":{"origin":1852,"position":3},"title":"Mordedor de 3 bolas","author":"diveradmin","date":"0202\/0202\/pmpmpmpm","format":false,"excerpt":"El mordedor de 3 bolas est\u00e1 compuesto por una anilla de madera de haya de 3 cm de di\u00e1metro en un extremo de la tela el\u00e1stica color gris. Y por 3 bolas de madera de haya; una de 4 cm de di\u00e1metro, una de 3 y la \u00faltima de 2\u2026","rel":"","context":"Entrada similar","block_context":{"text":"Entrada similar","link":""},"img":{"alt_text":"MORDEDOR DE 3 BOLAS","src":"https:\/\/i0.wp.com\/diverkion.com\/wp-content\/uploads\/2023\/02\/BOLES234.jpg?fit=500%2C500&ssl=1&resize=350%2C200","width":350,"height":200},"classes":[]},{"id":1998,"url":"https:\/\/diverkion.com\/ca\/producte\/mordedor-de-5-bolas\/","url_meta":{"origin":1852,"position":4},"title":"Mordedor de 5 bolas","author":"diveradmin","date":"0202\/0202\/pmpmpmpm","format":false,"excerpt":"El mordedor de 5 bolas est\u00e1 compuesto por una anilla de madera de haya de 3 cm de di\u00e1metro en un extremo de la tela el\u00e1stica color gris. Y por 5 bolas de madera de haya; una de 4 cm de di\u00e1metro, dos de 3 y dos de 2 cm\u2026","rel":"","context":"Entrada similar","block_context":{"text":"Entrada similar","link":""},"img":{"alt_text":"Mordedor de 5 bolas","src":"https:\/\/i0.wp.com\/diverkion.com\/wp-content\/uploads\/2023\/02\/BOLES23432.jpg?fit=500%2C500&ssl=1&resize=350%2C200","width":350,"height":200},"classes":[]},{"id":1819,"url":"https:\/\/diverkion.com\/ca\/producte\/pelota-de-corcho\/","url_meta":{"origin":1852,"position":5},"title":"Pilota de suro","author":"diveradmin","date":"3030\/0909\/pmpmpmpm","format":false,"excerpt":"La pelota de corcho esta elaborada \u00fanicamente con corcho natural de encina de proximidad. Prensado a gran presi\u00f3n y temperatura, el bloque es totalmente compacto. No se miga con el contacto prolongado con la boca y la saliba del beb\u00e9. Su tacto proporciona agarre con las superficies. No pesa mucho,\u2026","rel":"","context":"Entrada similar","block_context":{"text":"Entrada similar","link":""},"img":{"alt_text":"pelota corcho","src":"https:\/\/i0.wp.com\/diverkion.com\/wp-content\/uploads\/2022\/09\/SURO-PILOTA-5CM.jpg?fit=500%2C500&ssl=1&resize=350%2C200","width":350,"height":200},"classes":[]}],"jetpack_sharing_enabled":true,"_links":{"self":[{"href":"https:\/\/diverkion.com\/ca\/wp-json\/wp\/v2\/product\/1852","targetHints":{"allow":["GET"]}}],"collection":[{"href":"https:\/\/diverkion.com\/ca\/wp-json\/wp\/v2\/product"}],"about":[{"href":"https:\/\/diverkion.com\/ca\/wp-json\/wp\/v2\/types\/product"}],"replies":[{"embeddable":true,"href":"https:\/\/diverkion.com\/ca\/wp-json\/wp\/v2\/comments?post=1852"}],"wp:featuredmedia":[{"embeddable":true,"href":"https:\/\/diverkion.com\/ca\/wp-json\/wp\/v2\/media\/1861"}],"wp:attachment":[{"href":"https:\/\/diverkion.com\/ca\/wp-json\/wp\/v2\/media?parent=1852"}],"wp:term":[{"taxonomy":"product_brand","embeddable":true,"href":"https:\/\/diverkion.com\/ca\/wp-json\/wp\/v2\/product_brand?post=1852"},{"taxonomy":"product_cat","embeddable":true,"href":"https:\/\/diverkion.com\/ca\/wp-json\/wp\/v2\/product_cat?post=1852"},{"taxonomy":"product_tag","embeddable":true,"href":"https:\/\/diverkion.com\/ca\/wp-json\/wp\/v2\/product_tag?post=1852"}],"curies":[{"name":"wp","href":"https:\/\/api.w.org\/{rel}","templated":true}]}}