{"id":1794,"date":"2022-09-09T09:08:48","date_gmt":"2022-09-09T08:08:48","guid":{"rendered":"https:\/\/diverkion.com\/?post_type=product&#038;p=1794"},"modified":"2025-09-20T07:30:54","modified_gmt":"2025-09-20T06:30:54","slug":"pelota-pikler-2","status":"publish","type":"product","link":"https:\/\/diverkion.com\/ca\/producte\/pelota-pikler-2\/","title":{"rendered":"Pilota Pikler 7 cm"},"content":{"rendered":"<p>Una de les joguines per excel\u00b7l\u00e8ncia per a nadons. La pilota Pikler.<\/p>\n<p>Inspirada en el treball de Emmi Pikler sobre el desenvolupament psicomotriu dels beb\u00e8s.<\/p>\n<p>Ideal per a ells a l'\u00e9sser f\u00e0cil d'agafar, lleugera i amb moltes possibilitats.<\/p>\n<p>Amb ella el teu nad\u00f3 podr\u00e0 treballar la capacitat de passar un objecte d'una m\u00e0 a una altra i estimular el gateig. Al no ser perfectament rodona, no anir\u00e0 massa lluny pel que minimitzem la frustraci\u00f3 del nad\u00f3 al no poder-la atrapar.<\/p>\n<p>Ideal per a introduir un cascavell en el seu interior o afegir cintes de colors o algun mocador que la faci m\u00e9s f\u00e0cil d'agafar o estirar per part del teu nad\u00f3.<\/p>\n<p>Est\u00e0 fabricada artesanalment amb fibra vegetal i sense cap mena de cola. \u00c9s per aix\u00f2 que poden apar\u00e8ixer petits fils\/fibres pr\u00f2pies del material amb l'\u00fas.<\/p>\n<p>La pilota Pikler \u00e9s una joguina simple, amb moltes possibilitats i que esdev\u00e9 un complement perfecte per la panera dels tresors.<\/p>","protected":false},"excerpt":{"rendered":"<p>Uno de los juguetes por excelencia para beb\u00e9s. La pelota Pikler. Inspirada en el trabajo de Emmi Pikler sobre el desarrollo psicomotriz de los beb\u00e9s. Ideal para ellos al ser de f\u00e1cil agarre, ligera y con muchas posibilidades. Con ella tu beb\u00e9 podr\u00e1 trabajar la capacidad de pasar un objeto&hellip; <\/p>","protected":false},"featured_media":1793,"comment_status":"open","ping_status":"closed","template":"","meta":[],"product_brand":[],"product_cat":[27],"product_tag":[92,103,187],"class_list":{"0":"post-1794","1":"product","2":"type-product","3":"status-publish","4":"has-post-thumbnail","6":"product_cat-cestatesoros","7":"product_tag-madera","8":"product_tag-pelota","9":"product_tag-pikler","11":"first","12":"instock","13":"shipping-taxable","14":"purchasable","15":"product-type-simple"},"yoast_head":"<!-- This site is optimized with the Yoast SEO plugin v27.4 - https:\/\/yoast.com\/product\/yoast-seo-wordpress\/ -->\n<title>Pelota Pikler 7 cm - DIVERKION.COM<\/title>\n<meta name=\"description\" content=\"La pelota Pikler es un juguete 100% natural de muy f\u00e1cil agarre y que puede estimular el gateo. Complemento ideal para la cesta de los tesoros.\" \/>\n<meta name=\"robots\" content=\"index, follow, max-snippet:-1, max-image-preview:large, max-video-preview:-1\" \/>\n<link rel=\"canonical\" href=\"https:\/\/diverkion.com\/ca\/producte\/pelota-pikler-2\/\" \/>\n<meta property=\"og:locale\" content=\"ca_ES\" \/>\n<meta property=\"og:type\" content=\"article\" \/>\n<meta property=\"og:title\" content=\"Pelota Pikler 7 cm - DIVERKION.COM\" \/>\n<meta property=\"og:description\" content=\"La pelota Pikler es un juguete 100% natural de muy f\u00e1cil agarre y que puede estimular el gateo. Complemento ideal para la cesta de los tesoros.\" \/>\n<meta property=\"og:url\" content=\"https:\/\/diverkion.com\/ca\/producte\/pelota-pikler-2\/\" \/>\n<meta property=\"og:site_name\" content=\"DIVERKION.COM\" \/>\n<meta property=\"article:publisher\" content=\"https:\/\/www.facebook.com\/Diverkion-113642764558588\" \/>\n<meta property=\"article:modified_time\" content=\"2025-09-20T06:30:54+00:00\" \/>\n<meta property=\"og:image\" content=\"https:\/\/diverkion.com\/wp-content\/uploads\/2022\/09\/PILOTA-PIKLER.jpg\" \/>\n\t<meta property=\"og:image:width\" content=\"500\" \/>\n\t<meta property=\"og:image:height\" content=\"500\" \/>\n\t<meta property=\"og:image:type\" content=\"image\/jpeg\" \/>\n<meta name=\"twitter:card\" content=\"summary_large_image\" \/>\n<meta name=\"twitter:label1\" content=\"Temps estimat de lectura\" \/>\n\t<meta name=\"twitter:data1\" content=\"1 minut\" \/>\n<script type=\"application\/ld+json\" class=\"yoast-schema-graph\">{\"@context\":\"https:\\\/\\\/schema.org\",\"@graph\":[{\"@type\":\"WebPage\",\"@id\":\"https:\\\/\\\/diverkion.com\\\/producto\\\/pelota-pikler-2\\\/\",\"url\":\"https:\\\/\\\/diverkion.com\\\/producto\\\/pelota-pikler-2\\\/\",\"name\":\"Pelota Pikler 7 cm - DIVERKION.COM\",\"isPartOf\":{\"@id\":\"https:\\\/\\\/diverkion.com\\\/#website\"},\"primaryImageOfPage\":{\"@id\":\"https:\\\/\\\/diverkion.com\\\/producto\\\/pelota-pikler-2\\\/#primaryimage\"},\"image\":{\"@id\":\"https:\\\/\\\/diverkion.com\\\/producto\\\/pelota-pikler-2\\\/#primaryimage\"},\"thumbnailUrl\":\"https:\\\/\\\/i0.wp.com\\\/diverkion.com\\\/wp-content\\\/uploads\\\/2022\\\/09\\\/PILOTA-PIKLER.jpg?fit=500%2C500&ssl=1\",\"datePublished\":\"2022-09-09T08:08:48+00:00\",\"dateModified\":\"2025-09-20T06:30:54+00:00\",\"description\":\"La pelota Pikler es un juguete 100% natural de muy f\u00e1cil agarre y que puede estimular el gateo. Complemento ideal para la cesta de los tesoros.\",\"breadcrumb\":{\"@id\":\"https:\\\/\\\/diverkion.com\\\/producto\\\/pelota-pikler-2\\\/#breadcrumb\"},\"inLanguage\":\"ca\",\"potentialAction\":[{\"@type\":\"ReadAction\",\"target\":[\"https:\\\/\\\/diverkion.com\\\/producto\\\/pelota-pikler-2\\\/\"]}]},{\"@type\":\"ImageObject\",\"inLanguage\":\"ca\",\"@id\":\"https:\\\/\\\/diverkion.com\\\/producto\\\/pelota-pikler-2\\\/#primaryimage\",\"url\":\"https:\\\/\\\/i0.wp.com\\\/diverkion.com\\\/wp-content\\\/uploads\\\/2022\\\/09\\\/PILOTA-PIKLER.jpg?fit=500%2C500&ssl=1\",\"contentUrl\":\"https:\\\/\\\/i0.wp.com\\\/diverkion.com\\\/wp-content\\\/uploads\\\/2022\\\/09\\\/PILOTA-PIKLER.jpg?fit=500%2C500&ssl=1\",\"width\":500,\"height\":500,\"caption\":\"Pelota Pikler\"},{\"@type\":\"BreadcrumbList\",\"@id\":\"https:\\\/\\\/diverkion.com\\\/producto\\\/pelota-pikler-2\\\/#breadcrumb\",\"itemListElement\":[{\"@type\":\"ListItem\",\"position\":1,\"name\":\"Portada\",\"item\":\"https:\\\/\\\/diverkion.com\\\/\"},{\"@type\":\"ListItem\",\"position\":2,\"name\":\"Productos\",\"item\":\"https:\\\/\\\/diverkion.com\\\/productos\\\/\"},{\"@type\":\"ListItem\",\"position\":3,\"name\":\"Pelota Pikler 7 cm\"}]},{\"@type\":\"WebSite\",\"@id\":\"https:\\\/\\\/diverkion.com\\\/#website\",\"url\":\"https:\\\/\\\/diverkion.com\\\/\",\"name\":\"DIVERKION.COM\",\"description\":\"DIVERKION\",\"publisher\":{\"@id\":\"https:\\\/\\\/diverkion.com\\\/#organization\"},\"potentialAction\":[{\"@type\":\"SearchAction\",\"target\":{\"@type\":\"EntryPoint\",\"urlTemplate\":\"https:\\\/\\\/diverkion.com\\\/?s={search_term_string}\"},\"query-input\":{\"@type\":\"PropertyValueSpecification\",\"valueRequired\":true,\"valueName\":\"search_term_string\"}}],\"inLanguage\":\"ca\"},{\"@type\":\"Organization\",\"@id\":\"https:\\\/\\\/diverkion.com\\\/#organization\",\"name\":\"DIVERKION.COM\",\"url\":\"https:\\\/\\\/diverkion.com\\\/\",\"logo\":{\"@type\":\"ImageObject\",\"inLanguage\":\"ca\",\"@id\":\"https:\\\/\\\/diverkion.com\\\/#\\\/schema\\\/logo\\\/image\\\/\",\"url\":\"https:\\\/\\\/i0.wp.com\\\/diverkion.com\\\/wp-content\\\/uploads\\\/2022\\\/07\\\/LOGO-1-NOU.jpg?fit=1600%2C572&ssl=1\",\"contentUrl\":\"https:\\\/\\\/i0.wp.com\\\/diverkion.com\\\/wp-content\\\/uploads\\\/2022\\\/07\\\/LOGO-1-NOU.jpg?fit=1600%2C572&ssl=1\",\"width\":1600,\"height\":572,\"caption\":\"DIVERKION.COM\"},\"image\":{\"@id\":\"https:\\\/\\\/diverkion.com\\\/#\\\/schema\\\/logo\\\/image\\\/\"},\"sameAs\":[\"https:\\\/\\\/www.facebook.com\\\/Diverkion-113642764558588\",\"https:\\\/\\\/www.instagram.com\\\/diver_kion\\\/\"]}]}<\/script>\n<!-- \/ Yoast SEO plugin. -->","yoast_head_json":{"title":"Pelota Pikler 7 cm - DIVERKION.COM","description":"La pelota Pikler es un juguete 100% natural de muy f\u00e1cil agarre y que puede estimular el gateo. Complemento ideal para la cesta de los tesoros.","robots":{"index":"index","follow":"follow","max-snippet":"max-snippet:-1","max-image-preview":"max-image-preview:large","max-video-preview":"max-video-preview:-1"},"canonical":"https:\/\/diverkion.com\/ca\/producte\/pelota-pikler-2\/","og_locale":"ca_ES","og_type":"article","og_title":"Pelota Pikler 7 cm - DIVERKION.COM","og_description":"La pelota Pikler es un juguete 100% natural de muy f\u00e1cil agarre y que puede estimular el gateo. Complemento ideal para la cesta de los tesoros.","og_url":"https:\/\/diverkion.com\/ca\/producte\/pelota-pikler-2\/","og_site_name":"DIVERKION.COM","article_publisher":"https:\/\/www.facebook.com\/Diverkion-113642764558588","article_modified_time":"2025-09-20T06:30:54+00:00","og_image":[{"width":500,"height":500,"url":"https:\/\/diverkion.com\/wp-content\/uploads\/2022\/09\/PILOTA-PIKLER.jpg","type":"image\/jpeg"}],"twitter_card":"summary_large_image","twitter_misc":{"Temps estimat de lectura":"1 minut"},"schema":{"@context":"https:\/\/schema.org","@graph":[{"@type":"WebPage","@id":"https:\/\/diverkion.com\/producto\/pelota-pikler-2\/","url":"https:\/\/diverkion.com\/producto\/pelota-pikler-2\/","name":"Pelota Pikler 7 cm - DIVERKION.COM","isPartOf":{"@id":"https:\/\/diverkion.com\/#website"},"primaryImageOfPage":{"@id":"https:\/\/diverkion.com\/producto\/pelota-pikler-2\/#primaryimage"},"image":{"@id":"https:\/\/diverkion.com\/producto\/pelota-pikler-2\/#primaryimage"},"thumbnailUrl":"https:\/\/i0.wp.com\/diverkion.com\/wp-content\/uploads\/2022\/09\/PILOTA-PIKLER.jpg?fit=500%2C500&ssl=1","datePublished":"2022-09-09T08:08:48+00:00","dateModified":"2025-09-20T06:30:54+00:00","description":"La pelota Pikler es un juguete 100% natural de muy f\u00e1cil agarre y que puede estimular el gateo. Complemento ideal para la cesta de los tesoros.","breadcrumb":{"@id":"https:\/\/diverkion.com\/producto\/pelota-pikler-2\/#breadcrumb"},"inLanguage":"ca","potentialAction":[{"@type":"ReadAction","target":["https:\/\/diverkion.com\/producto\/pelota-pikler-2\/"]}]},{"@type":"ImageObject","inLanguage":"ca","@id":"https:\/\/diverkion.com\/producto\/pelota-pikler-2\/#primaryimage","url":"https:\/\/i0.wp.com\/diverkion.com\/wp-content\/uploads\/2022\/09\/PILOTA-PIKLER.jpg?fit=500%2C500&ssl=1","contentUrl":"https:\/\/i0.wp.com\/diverkion.com\/wp-content\/uploads\/2022\/09\/PILOTA-PIKLER.jpg?fit=500%2C500&ssl=1","width":500,"height":500,"caption":"Pelota Pikler"},{"@type":"BreadcrumbList","@id":"https:\/\/diverkion.com\/producto\/pelota-pikler-2\/#breadcrumb","itemListElement":[{"@type":"ListItem","position":1,"name":"Portada","item":"https:\/\/diverkion.com\/"},{"@type":"ListItem","position":2,"name":"Productos","item":"https:\/\/diverkion.com\/productos\/"},{"@type":"ListItem","position":3,"name":"Pelota Pikler 7 cm"}]},{"@type":"WebSite","@id":"https:\/\/diverkion.com\/#website","url":"https:\/\/diverkion.com\/","name":"DIVERKION.COM","description":"DIVERKION","publisher":{"@id":"https:\/\/diverkion.com\/#organization"},"potentialAction":[{"@type":"SearchAction","target":{"@type":"EntryPoint","urlTemplate":"https:\/\/diverkion.com\/?s={search_term_string}"},"query-input":{"@type":"PropertyValueSpecification","valueRequired":true,"valueName":"search_term_string"}}],"inLanguage":"ca"},{"@type":"Organization","@id":"https:\/\/diverkion.com\/#organization","name":"DIVERKION.COM","url":"https:\/\/diverkion.com\/","logo":{"@type":"ImageObject","inLanguage":"ca","@id":"https:\/\/diverkion.com\/#\/schema\/logo\/image\/","url":"https:\/\/i0.wp.com\/diverkion.com\/wp-content\/uploads\/2022\/07\/LOGO-1-NOU.jpg?fit=1600%2C572&ssl=1","contentUrl":"https:\/\/i0.wp.com\/diverkion.com\/wp-content\/uploads\/2022\/07\/LOGO-1-NOU.jpg?fit=1600%2C572&ssl=1","width":1600,"height":572,"caption":"DIVERKION.COM"},"image":{"@id":"https:\/\/diverkion.com\/#\/schema\/logo\/image\/"},"sameAs":["https:\/\/www.facebook.com\/Diverkion-113642764558588","https:\/\/www.instagram.com\/diver_kion\/"]}]}},"jetpack-related-posts":[{"id":1792,"url":"https:\/\/diverkion.com\/ca\/producte\/pelota-pikler\/","url_meta":{"origin":1794,"position":0},"title":"Pilota Pikler 10 cm","author":"diveradmin","date":"0909\/0909\/amamamam","format":false,"excerpt":"Uno de los juguetes por excelencia para beb\u00e9s. La pelota Pikler. Inspirada en el trabajo de Emmi Pikler sobre el desarrollo psicomotriz de los beb\u00e9s. Ideal para ellos al ser de f\u00e1cil agarre, ligera y con muchas posibilidades. Con ella tu beb\u00e9 podr\u00e1 trabajar la capacidad de pasar un objeto\u2026","rel":"","context":"Entrada similar","block_context":{"text":"Entrada similar","link":""},"img":{"alt_text":"Pelota Pikler","src":"https:\/\/i0.wp.com\/diverkion.com\/wp-content\/uploads\/2022\/09\/PILOTA-PIKLER.jpg?fit=500%2C500&ssl=1&resize=350%2C200","width":350,"height":200},"classes":[]},{"id":1630,"url":"https:\/\/diverkion.com\/ca\/producte\/panuelo-pikler\/","url_meta":{"origin":1794,"position":1},"title":"Mocador Pikler","author":"diveradmin","date":"0202\/0303\/pmpmpmpm","format":false,"excerpt":"El pa\u00f1uelo Pikler es un pa\u00f1uelo de tela que puede ser negro o rojo con topos blancos, ya que estos son los primeros colores que perciben los beb\u00e9s. Esto proporciona contrastes para captar y estimular la vista y atenci\u00f3n del beb\u00e9. Este art\u00edculo es considerado por Emmi Pikler, precursora de\u2026","rel":"","context":"Entrada similar","block_context":{"text":"Entrada similar","link":""},"img":{"alt_text":"Pa\u00f1uelo pikler","src":"https:\/\/i0.wp.com\/diverkion.com\/wp-content\/uploads\/2022\/03\/MOPI-2-COLORS.jpg?fit=500%2C500&ssl=1&resize=350%2C200","width":350,"height":200},"classes":[]},{"id":1743,"url":"https:\/\/diverkion.com\/ca\/producte\/oball-pelota-mordedor\/","url_meta":{"origin":1794,"position":2},"title":"Oball pilota mossegador","author":"diveradmin","date":"0404\/0707\/pmpmpmpm","format":false,"excerpt":"El oball pelota mordedor, presenta 32 agujeros de muy facil agarre para el beb\u00e9. Le va a encantar agarrarla con las manos y tra\u00e9rsela a la boca para jugar con su lengua. Su flexibilidad la hace totalmente resistente. Esta formada por 4 partes de diferentes colores. Azul, verde, amarillo y\u2026","rel":"","context":"Entrada similar","block_context":{"text":"Entrada similar","link":""},"img":{"alt_text":"Oball pelota mordedor","src":"https:\/\/i0.wp.com\/diverkion.com\/wp-content\/uploads\/2022\/07\/OBALL-2.jpg?fit=500%2C500&ssl=1&resize=350%2C200","width":350,"height":200},"classes":[]},{"id":1852,"url":"https:\/\/diverkion.com\/ca\/producte\/pelota-de-madera\/","url_meta":{"origin":1794,"position":3},"title":"Pelota de madera","author":"diveradmin","date":"2727\/1010\/pmpmpmpm","format":false,"excerpt":"Pelota de madera de haya de 6 cm de di\u00e1metro. Tama\u00f1o peque\u00f1o ideal para las manitas del beb\u00e9. Pero suficientemente grande para que no pueden met\u00e9rsela entera en la boca. La pelota de madera es un juguete muy simple, con muchas posibilidades y que es un complemento perfecto para la\u2026","rel":"","context":"Entrada similar","block_context":{"text":"Entrada similar","link":""},"img":{"alt_text":"Pelota de madera","src":"https:\/\/i0.wp.com\/diverkion.com\/wp-content\/uploads\/2022\/10\/PILOTA-FUSTA.jpg?fit=500%2C500&ssl=1&resize=350%2C200","width":350,"height":200},"classes":[]},{"id":1819,"url":"https:\/\/diverkion.com\/ca\/producte\/pelota-de-corcho\/","url_meta":{"origin":1794,"position":4},"title":"Pilota de suro","author":"diveradmin","date":"3030\/0909\/pmpmpmpm","format":false,"excerpt":"La pelota de corcho esta elaborada \u00fanicamente con corcho natural de encina de proximidad. Prensado a gran presi\u00f3n y temperatura, el bloque es totalmente compacto. No se miga con el contacto prolongado con la boca y la saliba del beb\u00e9. Su tacto proporciona agarre con las superficies. No pesa mucho,\u2026","rel":"","context":"Entrada similar","block_context":{"text":"Entrada similar","link":""},"img":{"alt_text":"pelota corcho","src":"https:\/\/i0.wp.com\/diverkion.com\/wp-content\/uploads\/2022\/09\/SURO-PILOTA-5CM.jpg?fit=500%2C500&ssl=1&resize=350%2C200","width":350,"height":200},"classes":[]},{"id":1726,"url":"https:\/\/diverkion.com\/ca\/producte\/diverballs\/","url_meta":{"origin":1794,"position":5},"title":"Diverballs","author":"diveradmin","date":"2727\/0505\/pmpmpmpm","format":false,"excerpt":"Pack de 6 unidades de pelotas sensoriales de pl\u00e1stico. Una de cada color y con diferente dise\u00f1o. Cada una presenta una forma y textura diferentes. Especialmente dise\u00f1adas para estimular la vista y el tacto de tu beb\u00e9. Adem\u00e1s al presionar la pelota suena, para as\u00ed estimular el o\u00eddo del beb\u00e9.\u2026","rel":"","context":"Entrada similar","block_context":{"text":"Entrada similar","link":""},"img":{"alt_text":"Diverballs","src":"https:\/\/i0.wp.com\/diverkion.com\/wp-content\/uploads\/2023\/10\/DIVERBALLS-2.jpg?fit=500%2C500&ssl=1&resize=350%2C200","width":350,"height":200},"classes":[]}],"jetpack_sharing_enabled":true,"_links":{"self":[{"href":"https:\/\/diverkion.com\/ca\/wp-json\/wp\/v2\/product\/1794","targetHints":{"allow":["GET"]}}],"collection":[{"href":"https:\/\/diverkion.com\/ca\/wp-json\/wp\/v2\/product"}],"about":[{"href":"https:\/\/diverkion.com\/ca\/wp-json\/wp\/v2\/types\/product"}],"replies":[{"embeddable":true,"href":"https:\/\/diverkion.com\/ca\/wp-json\/wp\/v2\/comments?post=1794"}],"wp:featuredmedia":[{"embeddable":true,"href":"https:\/\/diverkion.com\/ca\/wp-json\/wp\/v2\/media\/1793"}],"wp:attachment":[{"href":"https:\/\/diverkion.com\/ca\/wp-json\/wp\/v2\/media?parent=1794"}],"wp:term":[{"taxonomy":"product_brand","embeddable":true,"href":"https:\/\/diverkion.com\/ca\/wp-json\/wp\/v2\/product_brand?post=1794"},{"taxonomy":"product_cat","embeddable":true,"href":"https:\/\/diverkion.com\/ca\/wp-json\/wp\/v2\/product_cat?post=1794"},{"taxonomy":"product_tag","embeddable":true,"href":"https:\/\/diverkion.com\/ca\/wp-json\/wp\/v2\/product_tag?post=1794"}],"curies":[{"name":"wp","href":"https:\/\/api.w.org\/{rel}","templated":true}]}}