{"id":1777,"date":"2022-09-01T21:58:39","date_gmt":"2022-09-01T20:58:39","guid":{"rendered":"https:\/\/diverkion.com\/?post_type=product&#038;p=1777"},"modified":"2025-09-20T07:32:27","modified_gmt":"2025-09-20T06:32:27","slug":"cadena-de-plastico-de-color","status":"publish","type":"product","link":"https:\/\/diverkion.com\/ca\/producte\/cadena-de-plastico-de-color\/","title":{"rendered":"Cadena de pl\u00e0stic de color"},"content":{"rendered":"<p>La cadena de pl\u00e0stic de color \u00e9s un producte molt lleuger i f\u00e0cil d'agafar.<\/p>\n<p>La pots aconseguir de 4 colors diferents; groc, vermell, blau i verd.<\/p>\n<p>Te una llargada de 20-22 cm aproximadament.<\/p>\n<p>\u00c9s perfecte per a que el teu nad\u00f3 experimenti amb la seva textura, forma, pes i mida.<\/p>\n<p>La cadena de pl\u00e0stic de color \u00e9s una joguina molt simple, amb moltes possibilitats i que esdev\u00e9 un complement perfecte per la panera dels tresors.<\/p>","protected":false},"excerpt":{"rendered":"<p>La cadena de pl\u00e1stico de color es un producto muy ligero y manejable. La puedes encontrar de 4 colores diferentes; amarillo, rojo, azul y verde. Tiene una longitud de unos 20-22 cm de largo. Es ideal para que el bebe pueda experimentar con su textura, forma, peso y tama\u00f1o. La&hellip; <\/p>","protected":false},"featured_media":2238,"comment_status":"open","ping_status":"closed","template":"","meta":[],"product_brand":[],"product_cat":[27],"product_tag":[198,106,95,96],"class_list":{"0":"post-1777","1":"product","2":"type-product","3":"status-publish","4":"has-post-thumbnail","6":"product_cat-cestatesoros","7":"product_tag-cadena","8":"product_tag-color","9":"product_tag-plastico","10":"product_tag-sensorial","11":"pa_unidades-12-3-de-cada","12":"pa_unidades-amarillo","13":"pa_unidades-azul","14":"pa_unidades-rojo","15":"pa_unidades-verde","17":"first","18":"instock","19":"shipping-taxable","20":"purchasable","21":"product-type-variable"},"yoast_head":"<!-- This site is optimized with the Yoast SEO plugin v27.3 - https:\/\/yoast.com\/product\/yoast-seo-wordpress\/ -->\n<title>Cadena de pl\u00e1stico de color - DIVERKION.COM<\/title>\n<meta name=\"description\" content=\"Elige entre uno de los 4 colores para tu cadena de pl\u00e1stico de color. Muy ligera y de f\u00e1cil agarre. Ideal para completar tu cesta.\" \/>\n<meta name=\"robots\" content=\"index, follow, max-snippet:-1, max-image-preview:large, max-video-preview:-1\" \/>\n<link rel=\"canonical\" href=\"https:\/\/diverkion.com\/ca\/producte\/cadena-de-plastico-de-color\/\" \/>\n<meta property=\"og:locale\" content=\"ca_ES\" \/>\n<meta property=\"og:type\" content=\"article\" \/>\n<meta property=\"og:title\" content=\"Cadena de pl\u00e1stico de color - DIVERKION.COM\" \/>\n<meta property=\"og:description\" content=\"Elige entre uno de los 4 colores para tu cadena de pl\u00e1stico de color. Muy ligera y de f\u00e1cil agarre. Ideal para completar tu cesta.\" \/>\n<meta property=\"og:url\" content=\"https:\/\/diverkion.com\/ca\/producte\/cadena-de-plastico-de-color\/\" \/>\n<meta property=\"og:site_name\" content=\"DIVERKION.COM\" \/>\n<meta property=\"article:publisher\" content=\"https:\/\/www.facebook.com\/Diverkion-113642764558588\" \/>\n<meta property=\"article:modified_time\" content=\"2025-09-20T06:32:27+00:00\" \/>\n<meta property=\"og:image\" content=\"https:\/\/diverkion.com\/wp-content\/uploads\/2022\/09\/CADENES-COLORS.jpg\" \/>\n\t<meta property=\"og:image:width\" content=\"500\" \/>\n\t<meta property=\"og:image:height\" content=\"500\" \/>\n\t<meta property=\"og:image:type\" content=\"image\/jpeg\" \/>\n<meta name=\"twitter:card\" content=\"summary_large_image\" \/>\n<meta name=\"twitter:label1\" content=\"Temps estimat de lectura\" \/>\n\t<meta name=\"twitter:data1\" content=\"1 minut\" \/>\n<script type=\"application\/ld+json\" class=\"yoast-schema-graph\">{\"@context\":\"https:\\\/\\\/schema.org\",\"@graph\":[{\"@type\":\"WebPage\",\"@id\":\"https:\\\/\\\/diverkion.com\\\/producto\\\/cadena-de-plastico-de-color\\\/\",\"url\":\"https:\\\/\\\/diverkion.com\\\/producto\\\/cadena-de-plastico-de-color\\\/\",\"name\":\"Cadena de pl\u00e1stico de color - DIVERKION.COM\",\"isPartOf\":{\"@id\":\"https:\\\/\\\/diverkion.com\\\/#website\"},\"primaryImageOfPage\":{\"@id\":\"https:\\\/\\\/diverkion.com\\\/producto\\\/cadena-de-plastico-de-color\\\/#primaryimage\"},\"image\":{\"@id\":\"https:\\\/\\\/diverkion.com\\\/producto\\\/cadena-de-plastico-de-color\\\/#primaryimage\"},\"thumbnailUrl\":\"https:\\\/\\\/i0.wp.com\\\/diverkion.com\\\/wp-content\\\/uploads\\\/2022\\\/09\\\/CADENES-COLORS.jpg?fit=500%2C500&ssl=1\",\"datePublished\":\"2022-09-01T20:58:39+00:00\",\"dateModified\":\"2025-09-20T06:32:27+00:00\",\"description\":\"Elige entre uno de los 4 colores para tu cadena de pl\u00e1stico de color. Muy ligera y de f\u00e1cil agarre. Ideal para completar tu cesta.\",\"breadcrumb\":{\"@id\":\"https:\\\/\\\/diverkion.com\\\/producto\\\/cadena-de-plastico-de-color\\\/#breadcrumb\"},\"inLanguage\":\"ca\",\"potentialAction\":[{\"@type\":\"ReadAction\",\"target\":[\"https:\\\/\\\/diverkion.com\\\/producto\\\/cadena-de-plastico-de-color\\\/\"]}]},{\"@type\":\"ImageObject\",\"inLanguage\":\"ca\",\"@id\":\"https:\\\/\\\/diverkion.com\\\/producto\\\/cadena-de-plastico-de-color\\\/#primaryimage\",\"url\":\"https:\\\/\\\/i0.wp.com\\\/diverkion.com\\\/wp-content\\\/uploads\\\/2022\\\/09\\\/CADENES-COLORS.jpg?fit=500%2C500&ssl=1\",\"contentUrl\":\"https:\\\/\\\/i0.wp.com\\\/diverkion.com\\\/wp-content\\\/uploads\\\/2022\\\/09\\\/CADENES-COLORS.jpg?fit=500%2C500&ssl=1\",\"width\":500,\"height\":500,\"caption\":\"cadenas de colores\"},{\"@type\":\"BreadcrumbList\",\"@id\":\"https:\\\/\\\/diverkion.com\\\/producto\\\/cadena-de-plastico-de-color\\\/#breadcrumb\",\"itemListElement\":[{\"@type\":\"ListItem\",\"position\":1,\"name\":\"Portada\",\"item\":\"https:\\\/\\\/diverkion.com\\\/\"},{\"@type\":\"ListItem\",\"position\":2,\"name\":\"Productos\",\"item\":\"https:\\\/\\\/diverkion.com\\\/productos\\\/\"},{\"@type\":\"ListItem\",\"position\":3,\"name\":\"Cadena de pl\u00e1stico de color\"}]},{\"@type\":\"WebSite\",\"@id\":\"https:\\\/\\\/diverkion.com\\\/#website\",\"url\":\"https:\\\/\\\/diverkion.com\\\/\",\"name\":\"DIVERKION.COM\",\"description\":\"DIVERKION\",\"publisher\":{\"@id\":\"https:\\\/\\\/diverkion.com\\\/#organization\"},\"potentialAction\":[{\"@type\":\"SearchAction\",\"target\":{\"@type\":\"EntryPoint\",\"urlTemplate\":\"https:\\\/\\\/diverkion.com\\\/?s={search_term_string}\"},\"query-input\":{\"@type\":\"PropertyValueSpecification\",\"valueRequired\":true,\"valueName\":\"search_term_string\"}}],\"inLanguage\":\"ca\"},{\"@type\":\"Organization\",\"@id\":\"https:\\\/\\\/diverkion.com\\\/#organization\",\"name\":\"DIVERKION.COM\",\"url\":\"https:\\\/\\\/diverkion.com\\\/\",\"logo\":{\"@type\":\"ImageObject\",\"inLanguage\":\"ca\",\"@id\":\"https:\\\/\\\/diverkion.com\\\/#\\\/schema\\\/logo\\\/image\\\/\",\"url\":\"https:\\\/\\\/i0.wp.com\\\/diverkion.com\\\/wp-content\\\/uploads\\\/2022\\\/07\\\/LOGO-1-NOU.jpg?fit=1600%2C572&ssl=1\",\"contentUrl\":\"https:\\\/\\\/i0.wp.com\\\/diverkion.com\\\/wp-content\\\/uploads\\\/2022\\\/07\\\/LOGO-1-NOU.jpg?fit=1600%2C572&ssl=1\",\"width\":1600,\"height\":572,\"caption\":\"DIVERKION.COM\"},\"image\":{\"@id\":\"https:\\\/\\\/diverkion.com\\\/#\\\/schema\\\/logo\\\/image\\\/\"},\"sameAs\":[\"https:\\\/\\\/www.facebook.com\\\/Diverkion-113642764558588\",\"https:\\\/\\\/www.instagram.com\\\/diver_kion\\\/\"]}]}<\/script>\n<!-- \/ Yoast SEO plugin. -->","yoast_head_json":{"title":"Cadena de pl\u00e1stico de color - DIVERKION.COM","description":"Elige entre uno de los 4 colores para tu cadena de pl\u00e1stico de color. Muy ligera y de f\u00e1cil agarre. Ideal para completar tu cesta.","robots":{"index":"index","follow":"follow","max-snippet":"max-snippet:-1","max-image-preview":"max-image-preview:large","max-video-preview":"max-video-preview:-1"},"canonical":"https:\/\/diverkion.com\/ca\/producte\/cadena-de-plastico-de-color\/","og_locale":"ca_ES","og_type":"article","og_title":"Cadena de pl\u00e1stico de color - DIVERKION.COM","og_description":"Elige entre uno de los 4 colores para tu cadena de pl\u00e1stico de color. Muy ligera y de f\u00e1cil agarre. Ideal para completar tu cesta.","og_url":"https:\/\/diverkion.com\/ca\/producte\/cadena-de-plastico-de-color\/","og_site_name":"DIVERKION.COM","article_publisher":"https:\/\/www.facebook.com\/Diverkion-113642764558588","article_modified_time":"2025-09-20T06:32:27+00:00","og_image":[{"width":500,"height":500,"url":"https:\/\/diverkion.com\/wp-content\/uploads\/2022\/09\/CADENES-COLORS.jpg","type":"image\/jpeg"}],"twitter_card":"summary_large_image","twitter_misc":{"Temps estimat de lectura":"1 minut"},"schema":{"@context":"https:\/\/schema.org","@graph":[{"@type":"WebPage","@id":"https:\/\/diverkion.com\/producto\/cadena-de-plastico-de-color\/","url":"https:\/\/diverkion.com\/producto\/cadena-de-plastico-de-color\/","name":"Cadena de pl\u00e1stico de color - DIVERKION.COM","isPartOf":{"@id":"https:\/\/diverkion.com\/#website"},"primaryImageOfPage":{"@id":"https:\/\/diverkion.com\/producto\/cadena-de-plastico-de-color\/#primaryimage"},"image":{"@id":"https:\/\/diverkion.com\/producto\/cadena-de-plastico-de-color\/#primaryimage"},"thumbnailUrl":"https:\/\/i0.wp.com\/diverkion.com\/wp-content\/uploads\/2022\/09\/CADENES-COLORS.jpg?fit=500%2C500&ssl=1","datePublished":"2022-09-01T20:58:39+00:00","dateModified":"2025-09-20T06:32:27+00:00","description":"Elige entre uno de los 4 colores para tu cadena de pl\u00e1stico de color. Muy ligera y de f\u00e1cil agarre. Ideal para completar tu cesta.","breadcrumb":{"@id":"https:\/\/diverkion.com\/producto\/cadena-de-plastico-de-color\/#breadcrumb"},"inLanguage":"ca","potentialAction":[{"@type":"ReadAction","target":["https:\/\/diverkion.com\/producto\/cadena-de-plastico-de-color\/"]}]},{"@type":"ImageObject","inLanguage":"ca","@id":"https:\/\/diverkion.com\/producto\/cadena-de-plastico-de-color\/#primaryimage","url":"https:\/\/i0.wp.com\/diverkion.com\/wp-content\/uploads\/2022\/09\/CADENES-COLORS.jpg?fit=500%2C500&ssl=1","contentUrl":"https:\/\/i0.wp.com\/diverkion.com\/wp-content\/uploads\/2022\/09\/CADENES-COLORS.jpg?fit=500%2C500&ssl=1","width":500,"height":500,"caption":"cadenas de colores"},{"@type":"BreadcrumbList","@id":"https:\/\/diverkion.com\/producto\/cadena-de-plastico-de-color\/#breadcrumb","itemListElement":[{"@type":"ListItem","position":1,"name":"Portada","item":"https:\/\/diverkion.com\/"},{"@type":"ListItem","position":2,"name":"Productos","item":"https:\/\/diverkion.com\/productos\/"},{"@type":"ListItem","position":3,"name":"Cadena de pl\u00e1stico de color"}]},{"@type":"WebSite","@id":"https:\/\/diverkion.com\/#website","url":"https:\/\/diverkion.com\/","name":"DIVERKION.COM","description":"DIVERKION","publisher":{"@id":"https:\/\/diverkion.com\/#organization"},"potentialAction":[{"@type":"SearchAction","target":{"@type":"EntryPoint","urlTemplate":"https:\/\/diverkion.com\/?s={search_term_string}"},"query-input":{"@type":"PropertyValueSpecification","valueRequired":true,"valueName":"search_term_string"}}],"inLanguage":"ca"},{"@type":"Organization","@id":"https:\/\/diverkion.com\/#organization","name":"DIVERKION.COM","url":"https:\/\/diverkion.com\/","logo":{"@type":"ImageObject","inLanguage":"ca","@id":"https:\/\/diverkion.com\/#\/schema\/logo\/image\/","url":"https:\/\/i0.wp.com\/diverkion.com\/wp-content\/uploads\/2022\/07\/LOGO-1-NOU.jpg?fit=1600%2C572&ssl=1","contentUrl":"https:\/\/i0.wp.com\/diverkion.com\/wp-content\/uploads\/2022\/07\/LOGO-1-NOU.jpg?fit=1600%2C572&ssl=1","width":1600,"height":572,"caption":"DIVERKION.COM"},"image":{"@id":"https:\/\/diverkion.com\/#\/schema\/logo\/image\/"},"sameAs":["https:\/\/www.facebook.com\/Diverkion-113642764558588","https:\/\/www.instagram.com\/diver_kion\/"]}]}},"jetpack-related-posts":[{"id":3795,"url":"https:\/\/diverkion.com\/ca\/producte\/cesta-de-los-tesoros-crear\/","url_meta":{"origin":1777,"position":0},"title":"Cesta de los tesoros CREAR","author":"diveradmin","date":"2121\/0909\/amamamam","format":false,"excerpt":"Cuando los beb\u00e9s comienzan a explorar, todo se convierte en un descubrimiento: el tacto de un tejido, el sonido de un objeto met\u00e1lico, la temperatura de la madera al contacto con sus manos. Cada peque\u00f1a experiencia es un aprendizaje, y la cesta de los tesoros CREAR\u00a0est\u00e1 dise\u00f1ada para ofrecer precisamente\u2026","rel":"","context":"Entrada similar","block_context":{"text":"Entrada similar","link":""},"img":{"alt_text":"Cesta de los tesoros CREAR","src":"https:\/\/i0.wp.com\/diverkion.com\/wp-content\/uploads\/2025\/09\/DIVERCESTA-CREAR.jpg?fit=500%2C500&ssl=1&resize=350%2C200","width":350,"height":200},"classes":[]},{"id":2023,"url":"https:\/\/diverkion.com\/ca\/producte\/tarros-de-colores\/","url_meta":{"origin":1777,"position":1},"title":"Potets de colors","author":"diveradmin","date":"0505\/0303\/pmpmpmpm","format":false,"excerpt":"Los tarros de colores son de poliestireno transparente. Contienen infinidad de elementos de las mismas tonalidades de color. Disponibles en 4 colores. Amarillo, verde, azul y rojo. Los componentes interiores pueden variar ligeramente seg\u00fan disponibilidad. Los tarros de colores tienen un di\u00e1metro de 5 cm por 2 cm de altura.\u2026","rel":"","context":"Entrada similar","block_context":{"text":"Entrada similar","link":""},"img":{"alt_text":"Tarros de colores","src":"https:\/\/i0.wp.com\/diverkion.com\/wp-content\/uploads\/2023\/03\/POTETS-COLORS.jpg?fit=500%2C500&ssl=1&resize=350%2C200","width":350,"height":200},"classes":[]},{"id":1726,"url":"https:\/\/diverkion.com\/ca\/producte\/diverballs\/","url_meta":{"origin":1777,"position":2},"title":"Diverballs","author":"diveradmin","date":"2727\/0505\/pmpmpmpm","format":false,"excerpt":"Pack de 6 unidades de pelotas sensoriales de pl\u00e1stico. Una de cada color y con diferente dise\u00f1o. Cada una presenta una forma y textura diferentes. Especialmente dise\u00f1adas para estimular la vista y el tacto de tu beb\u00e9. Adem\u00e1s al presionar la pelota suena, para as\u00ed estimular el o\u00eddo del beb\u00e9.\u2026","rel":"","context":"Entrada similar","block_context":{"text":"Entrada similar","link":""},"img":{"alt_text":"Diverballs","src":"https:\/\/i0.wp.com\/diverkion.com\/wp-content\/uploads\/2023\/10\/DIVERBALLS-2.jpg?fit=500%2C500&ssl=1&resize=350%2C200","width":350,"height":200},"classes":[]},{"id":1752,"url":"https:\/\/diverkion.com\/ca\/producte\/huevo-musical\/","url_meta":{"origin":1777,"position":3},"title":"Ou musical","author":"diveradmin","date":"1414\/0707\/pmpmpmpm","format":false,"excerpt":"Huevo musical de pl\u00e1stico de 5.5 cm de largo por 4 cm de di\u00e1metro. Lleno de bolitas que al moverlo le dar\u00e1n un sonido suave y agradable. Apto para que el beb\u00e9 lo coja y lo chupe. Ideal para que lo persiga gateando siguiendo su sonido. El huevo musical es\u2026","rel":"","context":"Entrada similar","block_context":{"text":"Entrada similar","link":""},"img":{"alt_text":"Huevo musical","src":"https:\/\/i0.wp.com\/diverkion.com\/wp-content\/uploads\/2022\/07\/OU-MUSICAL-6-COLORS.jpg?fit=500%2C500&ssl=1&resize=350%2C200","width":350,"height":200},"classes":[]},{"id":2241,"url":"https:\/\/diverkion.com\/ca\/producte\/divertubs\/","url_meta":{"origin":1777,"position":4},"title":"Divertubs","author":"diveradmin","date":"2828\/1010\/pmpmpmpm","format":false,"excerpt":"El pack Divertubs est\u00e1 compuesto por 7 tubos de colores con la capacidad de estirarse y contraerse. Pueden unirse entre ellos formando uno de muy largo. Realizan un sonido muy caracter\u00edstico en el momento de estirarlos, que gusta mucho a los m\u00e1s peques. Con ellos puedes realizar formas, letras, c\u00edrculos...\u2026","rel":"","context":"Entrada similar","block_context":{"text":"Entrada similar","link":""},"img":{"alt_text":"Divertubs","src":"https:\/\/i0.wp.com\/diverkion.com\/wp-content\/uploads\/2023\/10\/DIVERTUBS.jpg?fit=500%2C500&ssl=1&resize=350%2C200","width":350,"height":200},"classes":[]},{"id":1867,"url":"https:\/\/diverkion.com\/ca\/producte\/cadena-inox\/","url_meta":{"origin":1777,"position":5},"title":"Cadena INOX","author":"diveradmin","date":"2727\/1010\/pmpmpmpm","format":false,"excerpt":"Cadena de acero inoxidable de24 cm de largo. Tama\u00f1o peque\u00f1o ideal para las manitas del beb\u00e9. De muy f\u00e1cil agarre. Suficientemente corta como para evitar dar la vuelta entera al cuello del beb\u00e9. Le va a encantar arrastrarla por el suelo. Su temperatura fr\u00eda. su brillo caracter\u00edstico. Su sonido met\u00e1lico\u2026","rel":"","context":"Entrada similar","block_context":{"text":"Entrada similar","link":""},"img":{"alt_text":"Cadena met\u00e1lica","src":"https:\/\/i0.wp.com\/diverkion.com\/wp-content\/uploads\/2022\/10\/CADENA-METALL.jpg?fit=500%2C500&ssl=1&resize=350%2C200","width":350,"height":200},"classes":[]}],"jetpack_sharing_enabled":true,"_links":{"self":[{"href":"https:\/\/diverkion.com\/ca\/wp-json\/wp\/v2\/product\/1777","targetHints":{"allow":["GET"]}}],"collection":[{"href":"https:\/\/diverkion.com\/ca\/wp-json\/wp\/v2\/product"}],"about":[{"href":"https:\/\/diverkion.com\/ca\/wp-json\/wp\/v2\/types\/product"}],"replies":[{"embeddable":true,"href":"https:\/\/diverkion.com\/ca\/wp-json\/wp\/v2\/comments?post=1777"}],"wp:featuredmedia":[{"embeddable":true,"href":"https:\/\/diverkion.com\/ca\/wp-json\/wp\/v2\/media\/2238"}],"wp:attachment":[{"href":"https:\/\/diverkion.com\/ca\/wp-json\/wp\/v2\/media?parent=1777"}],"wp:term":[{"taxonomy":"product_brand","embeddable":true,"href":"https:\/\/diverkion.com\/ca\/wp-json\/wp\/v2\/product_brand?post=1777"},{"taxonomy":"product_cat","embeddable":true,"href":"https:\/\/diverkion.com\/ca\/wp-json\/wp\/v2\/product_cat?post=1777"},{"taxonomy":"product_tag","embeddable":true,"href":"https:\/\/diverkion.com\/ca\/wp-json\/wp\/v2\/product_tag?post=1777"}],"curies":[{"name":"wp","href":"https:\/\/api.w.org\/{rel}","templated":true}]}}