{"id":1763,"date":"2022-07-25T21:21:18","date_gmt":"2022-07-25T20:21:18","guid":{"rendered":"https:\/\/diverkion.com\/?post_type=product&#038;p=1763"},"modified":"2025-09-20T07:34:56","modified_gmt":"2025-09-20T06:34:56","slug":"anilla-metalica-7-5-cm-diametro","status":"publish","type":"product","link":"https:\/\/diverkion.com\/ca\/producte\/anilla-metalica-7-5-cm-diametro\/","title":{"rendered":"Anella met\u00e0l\u00b7lica 7.5 cm di\u00e0metre"},"content":{"rendered":"<p>Anella met\u00e0l\u00b7lica galvanitzada de 7.5 cm de di\u00e0metre.<\/p>\n<p>De secci\u00f3 circular. \u00c9s molt f\u00e0cil d'agafar per el nad\u00f3.<\/p>\n<p>Al ser met\u00e0l\u00b7lica, el nad\u00f3 experimentar\u00e0 al tacte un temperatura molt diferent de la que proporciona la t\u00edpica anella de fusta, igual que el seu so met\u00e0l\u00b7lic caracter\u00edstic.<\/p>\n<p>L'Anella met\u00e0l\u00b7lica \u00e9s una joguina molt simple, amb moltes possibilitats i que \u00e9s un complement perfecte per la panera dels tresors.<\/p>","protected":false},"excerpt":{"rendered":"<p>Anilla met\u00e1lica galvanizada de 7.5 cm de di\u00e1metro. De secci\u00f3n circular. Proporciona al beb\u00e9 un f\u00e1cil agarre. Al ser met\u00e1lica, el beb\u00e9 va a experimentar una temperatura muy diferente a la t\u00edpica anilla de madera, igual que su sonido es tambi\u00e9n muy caracter\u00edstico. La anilla met\u00e1lica es un juguete muy&hellip; <\/p>","protected":false},"featured_media":1762,"comment_status":"open","ping_status":"closed","template":"","meta":[],"product_brand":[],"product_cat":[27],"product_tag":[205,93],"class_list":{"0":"post-1763","1":"product","2":"type-product","3":"status-publish","4":"has-post-thumbnail","6":"product_cat-cestatesoros","7":"product_tag-anilla","8":"product_tag-metal","9":"pa_unidades-88","10":"pa_unidades-89","12":"first","13":"instock","14":"shipping-taxable","15":"purchasable","16":"product-type-simple"},"yoast_head":"<!-- This site is optimized with the Yoast SEO plugin v27.5 - https:\/\/yoast.com\/product\/yoast-seo-wordpress\/ -->\n<title>Anilla met\u00e1lica 7.5 cm di\u00e1metro - DIVERKION.COM<\/title>\n<meta name=\"description\" content=\"La anilla met\u00e1lica proporciona una temperatura muy diferente a la t\u00edpica anilla de madera, igual que su sonido es tambien muy caracter\u00edstico.\" \/>\n<meta name=\"robots\" content=\"index, follow, max-snippet:-1, max-image-preview:large, max-video-preview:-1\" \/>\n<link rel=\"canonical\" href=\"https:\/\/diverkion.com\/ca\/producte\/anilla-metalica-7-5-cm-diametro\/\" \/>\n<meta property=\"og:locale\" content=\"ca_ES\" \/>\n<meta property=\"og:type\" content=\"article\" \/>\n<meta property=\"og:title\" content=\"Anilla met\u00e1lica 7.5 cm di\u00e1metro - DIVERKION.COM\" \/>\n<meta property=\"og:description\" content=\"La anilla met\u00e1lica proporciona una temperatura muy diferente a la t\u00edpica anilla de madera, igual que su sonido es tambien muy caracter\u00edstico.\" \/>\n<meta property=\"og:url\" content=\"https:\/\/diverkion.com\/ca\/producte\/anilla-metalica-7-5-cm-diametro\/\" \/>\n<meta property=\"og:site_name\" content=\"DIVERKION.COM\" \/>\n<meta property=\"article:publisher\" content=\"https:\/\/www.facebook.com\/Diverkion-113642764558588\" \/>\n<meta property=\"article:modified_time\" content=\"2025-09-20T06:34:56+00:00\" \/>\n<meta property=\"og:image\" content=\"https:\/\/diverkion.com\/wp-content\/uploads\/2022\/07\/ANME-1.jpg\" \/>\n\t<meta property=\"og:image:width\" content=\"500\" \/>\n\t<meta property=\"og:image:height\" content=\"500\" \/>\n\t<meta property=\"og:image:type\" content=\"image\/jpeg\" \/>\n<meta name=\"twitter:card\" content=\"summary_large_image\" \/>\n<meta name=\"twitter:label1\" content=\"Temps estimat de lectura\" \/>\n\t<meta name=\"twitter:data1\" content=\"1 minut\" \/>\n<script type=\"application\/ld+json\" class=\"yoast-schema-graph\">{\"@context\":\"https:\\\/\\\/schema.org\",\"@graph\":[{\"@type\":\"WebPage\",\"@id\":\"https:\\\/\\\/diverkion.com\\\/producto\\\/anilla-metalica-7-5-cm-diametro\\\/\",\"url\":\"https:\\\/\\\/diverkion.com\\\/producto\\\/anilla-metalica-7-5-cm-diametro\\\/\",\"name\":\"Anilla met\u00e1lica 7.5 cm di\u00e1metro - DIVERKION.COM\",\"isPartOf\":{\"@id\":\"https:\\\/\\\/diverkion.com\\\/#website\"},\"primaryImageOfPage\":{\"@id\":\"https:\\\/\\\/diverkion.com\\\/producto\\\/anilla-metalica-7-5-cm-diametro\\\/#primaryimage\"},\"image\":{\"@id\":\"https:\\\/\\\/diverkion.com\\\/producto\\\/anilla-metalica-7-5-cm-diametro\\\/#primaryimage\"},\"thumbnailUrl\":\"https:\\\/\\\/i0.wp.com\\\/diverkion.com\\\/wp-content\\\/uploads\\\/2022\\\/07\\\/ANME-1.jpg?fit=500%2C500&ssl=1\",\"datePublished\":\"2022-07-25T20:21:18+00:00\",\"dateModified\":\"2025-09-20T06:34:56+00:00\",\"description\":\"La anilla met\u00e1lica proporciona una temperatura muy diferente a la t\u00edpica anilla de madera, igual que su sonido es tambien muy caracter\u00edstico.\",\"breadcrumb\":{\"@id\":\"https:\\\/\\\/diverkion.com\\\/producto\\\/anilla-metalica-7-5-cm-diametro\\\/#breadcrumb\"},\"inLanguage\":\"ca\",\"potentialAction\":[{\"@type\":\"ReadAction\",\"target\":[\"https:\\\/\\\/diverkion.com\\\/producto\\\/anilla-metalica-7-5-cm-diametro\\\/\"]}]},{\"@type\":\"ImageObject\",\"inLanguage\":\"ca\",\"@id\":\"https:\\\/\\\/diverkion.com\\\/producto\\\/anilla-metalica-7-5-cm-diametro\\\/#primaryimage\",\"url\":\"https:\\\/\\\/i0.wp.com\\\/diverkion.com\\\/wp-content\\\/uploads\\\/2022\\\/07\\\/ANME-1.jpg?fit=500%2C500&ssl=1\",\"contentUrl\":\"https:\\\/\\\/i0.wp.com\\\/diverkion.com\\\/wp-content\\\/uploads\\\/2022\\\/07\\\/ANME-1.jpg?fit=500%2C500&ssl=1\",\"width\":500,\"height\":500,\"caption\":\"Anilla met\u00e1lica\"},{\"@type\":\"BreadcrumbList\",\"@id\":\"https:\\\/\\\/diverkion.com\\\/producto\\\/anilla-metalica-7-5-cm-diametro\\\/#breadcrumb\",\"itemListElement\":[{\"@type\":\"ListItem\",\"position\":1,\"name\":\"Portada\",\"item\":\"https:\\\/\\\/diverkion.com\\\/\"},{\"@type\":\"ListItem\",\"position\":2,\"name\":\"Productos\",\"item\":\"https:\\\/\\\/diverkion.com\\\/productos\\\/\"},{\"@type\":\"ListItem\",\"position\":3,\"name\":\"Anilla met\u00e1lica 7.5 cm di\u00e1metro\"}]},{\"@type\":\"WebSite\",\"@id\":\"https:\\\/\\\/diverkion.com\\\/#website\",\"url\":\"https:\\\/\\\/diverkion.com\\\/\",\"name\":\"DIVERKION.COM\",\"description\":\"DIVERKION\",\"publisher\":{\"@id\":\"https:\\\/\\\/diverkion.com\\\/#organization\"},\"potentialAction\":[{\"@type\":\"SearchAction\",\"target\":{\"@type\":\"EntryPoint\",\"urlTemplate\":\"https:\\\/\\\/diverkion.com\\\/?s={search_term_string}\"},\"query-input\":{\"@type\":\"PropertyValueSpecification\",\"valueRequired\":true,\"valueName\":\"search_term_string\"}}],\"inLanguage\":\"ca\"},{\"@type\":\"Organization\",\"@id\":\"https:\\\/\\\/diverkion.com\\\/#organization\",\"name\":\"DIVERKION.COM\",\"url\":\"https:\\\/\\\/diverkion.com\\\/\",\"logo\":{\"@type\":\"ImageObject\",\"inLanguage\":\"ca\",\"@id\":\"https:\\\/\\\/diverkion.com\\\/#\\\/schema\\\/logo\\\/image\\\/\",\"url\":\"https:\\\/\\\/i0.wp.com\\\/diverkion.com\\\/wp-content\\\/uploads\\\/2022\\\/07\\\/LOGO-1-NOU.jpg?fit=1600%2C572&ssl=1\",\"contentUrl\":\"https:\\\/\\\/i0.wp.com\\\/diverkion.com\\\/wp-content\\\/uploads\\\/2022\\\/07\\\/LOGO-1-NOU.jpg?fit=1600%2C572&ssl=1\",\"width\":1600,\"height\":572,\"caption\":\"DIVERKION.COM\"},\"image\":{\"@id\":\"https:\\\/\\\/diverkion.com\\\/#\\\/schema\\\/logo\\\/image\\\/\"},\"sameAs\":[\"https:\\\/\\\/www.facebook.com\\\/Diverkion-113642764558588\",\"https:\\\/\\\/www.instagram.com\\\/diver_kion\\\/\"]}]}<\/script>\n<!-- \/ Yoast SEO plugin. -->","yoast_head_json":{"title":"Anilla met\u00e1lica 7.5 cm di\u00e1metro - DIVERKION.COM","description":"La anilla met\u00e1lica proporciona una temperatura muy diferente a la t\u00edpica anilla de madera, igual que su sonido es tambien muy caracter\u00edstico.","robots":{"index":"index","follow":"follow","max-snippet":"max-snippet:-1","max-image-preview":"max-image-preview:large","max-video-preview":"max-video-preview:-1"},"canonical":"https:\/\/diverkion.com\/ca\/producte\/anilla-metalica-7-5-cm-diametro\/","og_locale":"ca_ES","og_type":"article","og_title":"Anilla met\u00e1lica 7.5 cm di\u00e1metro - DIVERKION.COM","og_description":"La anilla met\u00e1lica proporciona una temperatura muy diferente a la t\u00edpica anilla de madera, igual que su sonido es tambien muy caracter\u00edstico.","og_url":"https:\/\/diverkion.com\/ca\/producte\/anilla-metalica-7-5-cm-diametro\/","og_site_name":"DIVERKION.COM","article_publisher":"https:\/\/www.facebook.com\/Diverkion-113642764558588","article_modified_time":"2025-09-20T06:34:56+00:00","og_image":[{"width":500,"height":500,"url":"https:\/\/diverkion.com\/wp-content\/uploads\/2022\/07\/ANME-1.jpg","type":"image\/jpeg"}],"twitter_card":"summary_large_image","twitter_misc":{"Temps estimat de lectura":"1 minut"},"schema":{"@context":"https:\/\/schema.org","@graph":[{"@type":"WebPage","@id":"https:\/\/diverkion.com\/producto\/anilla-metalica-7-5-cm-diametro\/","url":"https:\/\/diverkion.com\/producto\/anilla-metalica-7-5-cm-diametro\/","name":"Anilla met\u00e1lica 7.5 cm di\u00e1metro - DIVERKION.COM","isPartOf":{"@id":"https:\/\/diverkion.com\/#website"},"primaryImageOfPage":{"@id":"https:\/\/diverkion.com\/producto\/anilla-metalica-7-5-cm-diametro\/#primaryimage"},"image":{"@id":"https:\/\/diverkion.com\/producto\/anilla-metalica-7-5-cm-diametro\/#primaryimage"},"thumbnailUrl":"https:\/\/i0.wp.com\/diverkion.com\/wp-content\/uploads\/2022\/07\/ANME-1.jpg?fit=500%2C500&ssl=1","datePublished":"2022-07-25T20:21:18+00:00","dateModified":"2025-09-20T06:34:56+00:00","description":"La anilla met\u00e1lica proporciona una temperatura muy diferente a la t\u00edpica anilla de madera, igual que su sonido es tambien muy caracter\u00edstico.","breadcrumb":{"@id":"https:\/\/diverkion.com\/producto\/anilla-metalica-7-5-cm-diametro\/#breadcrumb"},"inLanguage":"ca","potentialAction":[{"@type":"ReadAction","target":["https:\/\/diverkion.com\/producto\/anilla-metalica-7-5-cm-diametro\/"]}]},{"@type":"ImageObject","inLanguage":"ca","@id":"https:\/\/diverkion.com\/producto\/anilla-metalica-7-5-cm-diametro\/#primaryimage","url":"https:\/\/i0.wp.com\/diverkion.com\/wp-content\/uploads\/2022\/07\/ANME-1.jpg?fit=500%2C500&ssl=1","contentUrl":"https:\/\/i0.wp.com\/diverkion.com\/wp-content\/uploads\/2022\/07\/ANME-1.jpg?fit=500%2C500&ssl=1","width":500,"height":500,"caption":"Anilla met\u00e1lica"},{"@type":"BreadcrumbList","@id":"https:\/\/diverkion.com\/producto\/anilla-metalica-7-5-cm-diametro\/#breadcrumb","itemListElement":[{"@type":"ListItem","position":1,"name":"Portada","item":"https:\/\/diverkion.com\/"},{"@type":"ListItem","position":2,"name":"Productos","item":"https:\/\/diverkion.com\/productos\/"},{"@type":"ListItem","position":3,"name":"Anilla met\u00e1lica 7.5 cm di\u00e1metro"}]},{"@type":"WebSite","@id":"https:\/\/diverkion.com\/#website","url":"https:\/\/diverkion.com\/","name":"DIVERKION.COM","description":"DIVERKION","publisher":{"@id":"https:\/\/diverkion.com\/#organization"},"potentialAction":[{"@type":"SearchAction","target":{"@type":"EntryPoint","urlTemplate":"https:\/\/diverkion.com\/?s={search_term_string}"},"query-input":{"@type":"PropertyValueSpecification","valueRequired":true,"valueName":"search_term_string"}}],"inLanguage":"ca"},{"@type":"Organization","@id":"https:\/\/diverkion.com\/#organization","name":"DIVERKION.COM","url":"https:\/\/diverkion.com\/","logo":{"@type":"ImageObject","inLanguage":"ca","@id":"https:\/\/diverkion.com\/#\/schema\/logo\/image\/","url":"https:\/\/i0.wp.com\/diverkion.com\/wp-content\/uploads\/2022\/07\/LOGO-1-NOU.jpg?fit=1600%2C572&ssl=1","contentUrl":"https:\/\/i0.wp.com\/diverkion.com\/wp-content\/uploads\/2022\/07\/LOGO-1-NOU.jpg?fit=1600%2C572&ssl=1","width":1600,"height":572,"caption":"DIVERKION.COM"},"image":{"@id":"https:\/\/diverkion.com\/#\/schema\/logo\/image\/"},"sameAs":["https:\/\/www.facebook.com\/Diverkion-113642764558588","https:\/\/www.instagram.com\/diver_kion\/"]}]}},"jetpack-related-posts":[{"id":1761,"url":"https:\/\/diverkion.com\/ca\/producte\/anilla-metalica\/","url_meta":{"origin":1763,"position":0},"title":"Anella met\u00e0l\u00b7lica 5 cm di\u00e0metre","author":"diveradmin","date":"2525\/0707\/pmpmpmpm","format":false,"excerpt":"Anilla met\u00e1lica galvanizada de 5 cm de di\u00e1metro. De secci\u00f3n circular. Proporciona al beb\u00e9 un f\u00e1cil agarre. Al ser met\u00e1lica, el beb\u00e9 va a experimentar una temperatura muy diferente a la t\u00edpica anilla de madera, igual que su sonido es tambi\u00e9n muy caracter\u00edstico. La anilla met\u00e1lica es un juguete muy\u2026","rel":"","context":"Entrada similar","block_context":{"text":"Entrada similar","link":""},"img":{"alt_text":"Anilla met\u00e1lica","src":"https:\/\/i0.wp.com\/diverkion.com\/wp-content\/uploads\/2022\/07\/ANME-1.jpg?fit=500%2C500&ssl=1&resize=350%2C200","width":350,"height":200},"classes":[]},{"id":1212,"url":"https:\/\/diverkion.com\/ca\/producte\/anilla-de-madera-de-7-cm\/","url_meta":{"origin":1763,"position":1},"title":"Anella de fusta de 7 cm de di\u00e0metre","author":"diveradmin","date":"2222\/0101\/pmpmpmpm","format":false,"excerpt":"Anilla de madera de 7 cm de di\u00e1metro exterior Elaborada con madera de haya La anilla de madera es un material muy simple, con muchas posibilidades y que es un complemento perfecto para la cesta de los tesoros.","rel":"","context":"Entrada similar","block_context":{"text":"Entrada similar","link":""},"img":{"alt_text":"anilla de madera","src":"https:\/\/i0.wp.com\/diverkion.com\/wp-content\/uploads\/2022\/01\/ANELLA-FUSTA-DK-SOBRE.jpg?fit=500%2C500&ssl=1&resize=350%2C200","width":350,"height":200},"classes":[]},{"id":49,"url":"https:\/\/diverkion.com\/ca\/producte\/flanera-metalica-6cm\/","url_meta":{"origin":1763,"position":2},"title":"Flanera met\u00e1lica brillante 6 cm","author":"diveradmin","date":"1717\/0101\/pmpmpmpm","format":false,"excerpt":"Flanera met\u00e1lica brillante de 6 cm de di\u00e1metro y 5 cm de altura. Es ideal para que el bebe pueda experimentar con su textura, forma, peso y tama\u00f1o. La flanera met\u00e1lica es un art\u00edculo muy simple, con muchas posibilidades y que es un complemento perfecto para la cesta de los\u2026","rel":"","context":"Entrada similar","block_context":{"text":"Entrada similar","link":""},"img":{"alt_text":"flanera met\u00e1lica","src":"https:\/\/i0.wp.com\/diverkion.com\/wp-content\/uploads\/2022\/01\/FLAME-1.jpg?fit=500%2C500&ssl=1&resize=350%2C200","width":350,"height":200},"classes":[]},{"id":1907,"url":"https:\/\/diverkion.com\/ca\/producte\/flanera-metalica-brillante-9cm\/","url_meta":{"origin":1763,"position":3},"title":"Flanera met\u00e1lica brillante 9 cm","author":"diveradmin","date":"1818\/1111\/pmpmpmpm","format":false,"excerpt":"Flanera met\u00e1lica brillante de 9 cm de di\u00e1metro y 6.5 cm de altura. Es ideal para que el bebe pueda experimentar con su textura, forma, peso y tama\u00f1o. La flanera met\u00e1lica es un art\u00edculo muy simple, con muchas posibilidades y que es un complemento perfecto para la cesta de los\u2026","rel":"","context":"Entrada similar","block_context":{"text":"Entrada similar","link":""},"img":{"alt_text":"flanera met\u00e1lica","src":"https:\/\/i0.wp.com\/diverkion.com\/wp-content\/uploads\/2022\/01\/FLAME-1.jpg?fit=500%2C500&ssl=1&resize=350%2C200","width":350,"height":200},"classes":[]},{"id":1987,"url":"https:\/\/diverkion.com\/ca\/producte\/mordedor-de-3-bolas\/","url_meta":{"origin":1763,"position":4},"title":"Mordedor de 3 bolas","author":"diveradmin","date":"0202\/0202\/pmpmpmpm","format":false,"excerpt":"El mordedor de 3 bolas est\u00e1 compuesto por una anilla de madera de haya de 3 cm de di\u00e1metro en un extremo de la tela el\u00e1stica color gris. Y por 3 bolas de madera de haya; una de 4 cm de di\u00e1metro, una de 3 y la \u00faltima de 2\u2026","rel":"","context":"Entrada similar","block_context":{"text":"Entrada similar","link":""},"img":{"alt_text":"MORDEDOR DE 3 BOLAS","src":"https:\/\/i0.wp.com\/diverkion.com\/wp-content\/uploads\/2023\/02\/BOLES234.jpg?fit=500%2C500&ssl=1&resize=350%2C200","width":350,"height":200},"classes":[]},{"id":1998,"url":"https:\/\/diverkion.com\/ca\/producte\/mordedor-de-5-bolas\/","url_meta":{"origin":1763,"position":5},"title":"Mordedor de 5 bolas","author":"diveradmin","date":"0202\/0202\/pmpmpmpm","format":false,"excerpt":"El mordedor de 5 bolas est\u00e1 compuesto por una anilla de madera de haya de 3 cm de di\u00e1metro en un extremo de la tela el\u00e1stica color gris. Y por 5 bolas de madera de haya; una de 4 cm de di\u00e1metro, dos de 3 y dos de 2 cm\u2026","rel":"","context":"Entrada similar","block_context":{"text":"Entrada similar","link":""},"img":{"alt_text":"Mordedor de 5 bolas","src":"https:\/\/i0.wp.com\/diverkion.com\/wp-content\/uploads\/2023\/02\/BOLES23432.jpg?fit=500%2C500&ssl=1&resize=350%2C200","width":350,"height":200},"classes":[]}],"jetpack_sharing_enabled":true,"_links":{"self":[{"href":"https:\/\/diverkion.com\/ca\/wp-json\/wp\/v2\/product\/1763","targetHints":{"allow":["GET"]}}],"collection":[{"href":"https:\/\/diverkion.com\/ca\/wp-json\/wp\/v2\/product"}],"about":[{"href":"https:\/\/diverkion.com\/ca\/wp-json\/wp\/v2\/types\/product"}],"replies":[{"embeddable":true,"href":"https:\/\/diverkion.com\/ca\/wp-json\/wp\/v2\/comments?post=1763"}],"wp:featuredmedia":[{"embeddable":true,"href":"https:\/\/diverkion.com\/ca\/wp-json\/wp\/v2\/media\/1762"}],"wp:attachment":[{"href":"https:\/\/diverkion.com\/ca\/wp-json\/wp\/v2\/media?parent=1763"}],"wp:term":[{"taxonomy":"product_brand","embeddable":true,"href":"https:\/\/diverkion.com\/ca\/wp-json\/wp\/v2\/product_brand?post=1763"},{"taxonomy":"product_cat","embeddable":true,"href":"https:\/\/diverkion.com\/ca\/wp-json\/wp\/v2\/product_cat?post=1763"},{"taxonomy":"product_tag","embeddable":true,"href":"https:\/\/diverkion.com\/ca\/wp-json\/wp\/v2\/product_tag?post=1763"}],"curies":[{"name":"wp","href":"https:\/\/api.w.org\/{rel}","templated":true}]}}