{"id":1752,"date":"2022-07-14T22:28:07","date_gmt":"2022-07-14T21:28:07","guid":{"rendered":"https:\/\/diverkion.com\/?post_type=product&#038;p=1752"},"modified":"2025-09-20T07:37:26","modified_gmt":"2025-09-20T06:37:26","slug":"huevo-musical","status":"publish","type":"product","link":"https:\/\/diverkion.com\/ca\/producte\/huevo-musical\/","title":{"rendered":"Ou musical"},"content":{"rendered":"<p>Ou musical de pl\u00e0stic de 5.5 cm de llargada per 4 cm de di\u00e0metre.<\/p>\n<p>Lleno de bolitas que al moverlo le dar\u00e1n un sonido suave y agradable.<\/p>\n<p>Apte per a que el nad\u00f3 l'agafi i el llepi i mossegui. Ideal per a que el persegueixi gatejant seguint el seu so.<\/p>\n<p>El huevo musical es un material muy simple, con muchas posibilidades y que es un complemento perfecto para la cesta de los tesoros.<\/p>","protected":false},"excerpt":{"rendered":"<p>Huevo musical de pl\u00e1stico de 5.5 cm de largo por 4 cm de di\u00e1metro. Lleno de bolitas que al moverlo le dar\u00e1n un sonido suave y agradable. Apto para que el beb\u00e9 lo coja y lo chupe. Ideal para que lo persiga gateando siguiendo su sonido. El huevo musical es&hellip; <\/p>","protected":false},"featured_media":2236,"comment_status":"open","ping_status":"closed","template":"","meta":[],"product_brand":[],"product_cat":[27],"product_tag":[106,103,95,96],"class_list":{"0":"post-1752","1":"product","2":"type-product","3":"status-publish","4":"has-post-thumbnail","6":"product_cat-cestatesoros","7":"product_tag-color","8":"product_tag-pelota","9":"product_tag-plastico","10":"product_tag-sensorial","12":"first","13":"instock","14":"shipping-taxable","15":"purchasable","16":"product-type-variable"},"yoast_head":"<!-- This site is optimized with the Yoast SEO plugin v27.4 - https:\/\/yoast.com\/product\/yoast-seo-wordpress\/ -->\n<title>Huevo musical - DIVERKION.COM<\/title>\n<meta name=\"description\" content=\"El huevo musical es un divertido y muy estimulante juguete imprescindible para cualquier cesta de los teseros.\" \/>\n<meta name=\"robots\" content=\"index, follow, max-snippet:-1, max-image-preview:large, max-video-preview:-1\" \/>\n<link rel=\"canonical\" href=\"https:\/\/diverkion.com\/ca\/producte\/huevo-musical\/\" \/>\n<meta property=\"og:locale\" content=\"ca_ES\" \/>\n<meta property=\"og:type\" content=\"article\" \/>\n<meta property=\"og:title\" content=\"Huevo musical - DIVERKION.COM\" \/>\n<meta property=\"og:description\" content=\"El huevo musical es un divertido y muy estimulante juguete imprescindible para cualquier cesta de los teseros.\" \/>\n<meta property=\"og:url\" content=\"https:\/\/diverkion.com\/ca\/producte\/huevo-musical\/\" \/>\n<meta property=\"og:site_name\" content=\"DIVERKION.COM\" \/>\n<meta property=\"article:publisher\" content=\"https:\/\/www.facebook.com\/Diverkion-113642764558588\" \/>\n<meta property=\"article:modified_time\" content=\"2025-09-20T06:37:26+00:00\" \/>\n<meta property=\"og:image\" content=\"https:\/\/diverkion.com\/wp-content\/uploads\/2022\/07\/OU-MUSICAL-6-COLORS.jpg\" \/>\n\t<meta property=\"og:image:width\" content=\"500\" \/>\n\t<meta property=\"og:image:height\" content=\"500\" \/>\n\t<meta property=\"og:image:type\" content=\"image\/jpeg\" \/>\n<meta name=\"twitter:card\" content=\"summary_large_image\" \/>\n<meta name=\"twitter:label1\" content=\"Temps estimat de lectura\" \/>\n\t<meta name=\"twitter:data1\" content=\"1 minut\" \/>\n<script type=\"application\/ld+json\" class=\"yoast-schema-graph\">{\"@context\":\"https:\\\/\\\/schema.org\",\"@graph\":[{\"@type\":\"WebPage\",\"@id\":\"https:\\\/\\\/diverkion.com\\\/producto\\\/huevo-musical\\\/\",\"url\":\"https:\\\/\\\/diverkion.com\\\/producto\\\/huevo-musical\\\/\",\"name\":\"Huevo musical - DIVERKION.COM\",\"isPartOf\":{\"@id\":\"https:\\\/\\\/diverkion.com\\\/#website\"},\"primaryImageOfPage\":{\"@id\":\"https:\\\/\\\/diverkion.com\\\/producto\\\/huevo-musical\\\/#primaryimage\"},\"image\":{\"@id\":\"https:\\\/\\\/diverkion.com\\\/producto\\\/huevo-musical\\\/#primaryimage\"},\"thumbnailUrl\":\"https:\\\/\\\/i0.wp.com\\\/diverkion.com\\\/wp-content\\\/uploads\\\/2022\\\/07\\\/OU-MUSICAL-6-COLORS.jpg?fit=500%2C500&ssl=1\",\"datePublished\":\"2022-07-14T21:28:07+00:00\",\"dateModified\":\"2025-09-20T06:37:26+00:00\",\"description\":\"El huevo musical es un divertido y muy estimulante juguete imprescindible para cualquier cesta de los teseros.\",\"breadcrumb\":{\"@id\":\"https:\\\/\\\/diverkion.com\\\/producto\\\/huevo-musical\\\/#breadcrumb\"},\"inLanguage\":\"ca\",\"potentialAction\":[{\"@type\":\"ReadAction\",\"target\":[\"https:\\\/\\\/diverkion.com\\\/producto\\\/huevo-musical\\\/\"]}]},{\"@type\":\"ImageObject\",\"inLanguage\":\"ca\",\"@id\":\"https:\\\/\\\/diverkion.com\\\/producto\\\/huevo-musical\\\/#primaryimage\",\"url\":\"https:\\\/\\\/i0.wp.com\\\/diverkion.com\\\/wp-content\\\/uploads\\\/2022\\\/07\\\/OU-MUSICAL-6-COLORS.jpg?fit=500%2C500&ssl=1\",\"contentUrl\":\"https:\\\/\\\/i0.wp.com\\\/diverkion.com\\\/wp-content\\\/uploads\\\/2022\\\/07\\\/OU-MUSICAL-6-COLORS.jpg?fit=500%2C500&ssl=1\",\"width\":500,\"height\":500,\"caption\":\"Huevo musical\"},{\"@type\":\"BreadcrumbList\",\"@id\":\"https:\\\/\\\/diverkion.com\\\/producto\\\/huevo-musical\\\/#breadcrumb\",\"itemListElement\":[{\"@type\":\"ListItem\",\"position\":1,\"name\":\"Portada\",\"item\":\"https:\\\/\\\/diverkion.com\\\/\"},{\"@type\":\"ListItem\",\"position\":2,\"name\":\"Productos\",\"item\":\"https:\\\/\\\/diverkion.com\\\/productos\\\/\"},{\"@type\":\"ListItem\",\"position\":3,\"name\":\"Huevo musical\"}]},{\"@type\":\"WebSite\",\"@id\":\"https:\\\/\\\/diverkion.com\\\/#website\",\"url\":\"https:\\\/\\\/diverkion.com\\\/\",\"name\":\"DIVERKION.COM\",\"description\":\"DIVERKION\",\"publisher\":{\"@id\":\"https:\\\/\\\/diverkion.com\\\/#organization\"},\"potentialAction\":[{\"@type\":\"SearchAction\",\"target\":{\"@type\":\"EntryPoint\",\"urlTemplate\":\"https:\\\/\\\/diverkion.com\\\/?s={search_term_string}\"},\"query-input\":{\"@type\":\"PropertyValueSpecification\",\"valueRequired\":true,\"valueName\":\"search_term_string\"}}],\"inLanguage\":\"ca\"},{\"@type\":\"Organization\",\"@id\":\"https:\\\/\\\/diverkion.com\\\/#organization\",\"name\":\"DIVERKION.COM\",\"url\":\"https:\\\/\\\/diverkion.com\\\/\",\"logo\":{\"@type\":\"ImageObject\",\"inLanguage\":\"ca\",\"@id\":\"https:\\\/\\\/diverkion.com\\\/#\\\/schema\\\/logo\\\/image\\\/\",\"url\":\"https:\\\/\\\/i0.wp.com\\\/diverkion.com\\\/wp-content\\\/uploads\\\/2022\\\/07\\\/LOGO-1-NOU.jpg?fit=1600%2C572&ssl=1\",\"contentUrl\":\"https:\\\/\\\/i0.wp.com\\\/diverkion.com\\\/wp-content\\\/uploads\\\/2022\\\/07\\\/LOGO-1-NOU.jpg?fit=1600%2C572&ssl=1\",\"width\":1600,\"height\":572,\"caption\":\"DIVERKION.COM\"},\"image\":{\"@id\":\"https:\\\/\\\/diverkion.com\\\/#\\\/schema\\\/logo\\\/image\\\/\"},\"sameAs\":[\"https:\\\/\\\/www.facebook.com\\\/Diverkion-113642764558588\",\"https:\\\/\\\/www.instagram.com\\\/diver_kion\\\/\"]}]}<\/script>\n<!-- \/ Yoast SEO plugin. -->","yoast_head_json":{"title":"Huevo musical - DIVERKION.COM","description":"El huevo musical es un divertido y muy estimulante juguete imprescindible para cualquier cesta de los teseros.","robots":{"index":"index","follow":"follow","max-snippet":"max-snippet:-1","max-image-preview":"max-image-preview:large","max-video-preview":"max-video-preview:-1"},"canonical":"https:\/\/diverkion.com\/ca\/producte\/huevo-musical\/","og_locale":"ca_ES","og_type":"article","og_title":"Huevo musical - DIVERKION.COM","og_description":"El huevo musical es un divertido y muy estimulante juguete imprescindible para cualquier cesta de los teseros.","og_url":"https:\/\/diverkion.com\/ca\/producte\/huevo-musical\/","og_site_name":"DIVERKION.COM","article_publisher":"https:\/\/www.facebook.com\/Diverkion-113642764558588","article_modified_time":"2025-09-20T06:37:26+00:00","og_image":[{"width":500,"height":500,"url":"https:\/\/diverkion.com\/wp-content\/uploads\/2022\/07\/OU-MUSICAL-6-COLORS.jpg","type":"image\/jpeg"}],"twitter_card":"summary_large_image","twitter_misc":{"Temps estimat de lectura":"1 minut"},"schema":{"@context":"https:\/\/schema.org","@graph":[{"@type":"WebPage","@id":"https:\/\/diverkion.com\/producto\/huevo-musical\/","url":"https:\/\/diverkion.com\/producto\/huevo-musical\/","name":"Huevo musical - DIVERKION.COM","isPartOf":{"@id":"https:\/\/diverkion.com\/#website"},"primaryImageOfPage":{"@id":"https:\/\/diverkion.com\/producto\/huevo-musical\/#primaryimage"},"image":{"@id":"https:\/\/diverkion.com\/producto\/huevo-musical\/#primaryimage"},"thumbnailUrl":"https:\/\/i0.wp.com\/diverkion.com\/wp-content\/uploads\/2022\/07\/OU-MUSICAL-6-COLORS.jpg?fit=500%2C500&ssl=1","datePublished":"2022-07-14T21:28:07+00:00","dateModified":"2025-09-20T06:37:26+00:00","description":"El huevo musical es un divertido y muy estimulante juguete imprescindible para cualquier cesta de los teseros.","breadcrumb":{"@id":"https:\/\/diverkion.com\/producto\/huevo-musical\/#breadcrumb"},"inLanguage":"ca","potentialAction":[{"@type":"ReadAction","target":["https:\/\/diverkion.com\/producto\/huevo-musical\/"]}]},{"@type":"ImageObject","inLanguage":"ca","@id":"https:\/\/diverkion.com\/producto\/huevo-musical\/#primaryimage","url":"https:\/\/i0.wp.com\/diverkion.com\/wp-content\/uploads\/2022\/07\/OU-MUSICAL-6-COLORS.jpg?fit=500%2C500&ssl=1","contentUrl":"https:\/\/i0.wp.com\/diverkion.com\/wp-content\/uploads\/2022\/07\/OU-MUSICAL-6-COLORS.jpg?fit=500%2C500&ssl=1","width":500,"height":500,"caption":"Huevo musical"},{"@type":"BreadcrumbList","@id":"https:\/\/diverkion.com\/producto\/huevo-musical\/#breadcrumb","itemListElement":[{"@type":"ListItem","position":1,"name":"Portada","item":"https:\/\/diverkion.com\/"},{"@type":"ListItem","position":2,"name":"Productos","item":"https:\/\/diverkion.com\/productos\/"},{"@type":"ListItem","position":3,"name":"Huevo musical"}]},{"@type":"WebSite","@id":"https:\/\/diverkion.com\/#website","url":"https:\/\/diverkion.com\/","name":"DIVERKION.COM","description":"DIVERKION","publisher":{"@id":"https:\/\/diverkion.com\/#organization"},"potentialAction":[{"@type":"SearchAction","target":{"@type":"EntryPoint","urlTemplate":"https:\/\/diverkion.com\/?s={search_term_string}"},"query-input":{"@type":"PropertyValueSpecification","valueRequired":true,"valueName":"search_term_string"}}],"inLanguage":"ca"},{"@type":"Organization","@id":"https:\/\/diverkion.com\/#organization","name":"DIVERKION.COM","url":"https:\/\/diverkion.com\/","logo":{"@type":"ImageObject","inLanguage":"ca","@id":"https:\/\/diverkion.com\/#\/schema\/logo\/image\/","url":"https:\/\/i0.wp.com\/diverkion.com\/wp-content\/uploads\/2022\/07\/LOGO-1-NOU.jpg?fit=1600%2C572&ssl=1","contentUrl":"https:\/\/i0.wp.com\/diverkion.com\/wp-content\/uploads\/2022\/07\/LOGO-1-NOU.jpg?fit=1600%2C572&ssl=1","width":1600,"height":572,"caption":"DIVERKION.COM"},"image":{"@id":"https:\/\/diverkion.com\/#\/schema\/logo\/image\/"},"sameAs":["https:\/\/www.facebook.com\/Diverkion-113642764558588","https:\/\/www.instagram.com\/diver_kion\/"]}]}},"jetpack-related-posts":[{"id":1863,"url":"https:\/\/diverkion.com\/ca\/producte\/huevo-de-madera\/","url_meta":{"origin":1752,"position":0},"title":"Huevo de madera","author":"diveradmin","date":"2727\/1010\/pmpmpmpm","format":false,"excerpt":"Huevo de madera de haya de 6 cm de largo por 4 cm de ancho. Tama\u00f1o peque\u00f1o ideal para las manitas del beb\u00e9. De muy f\u00e1cil agarre. Suficientemente grande para que no puedan met\u00e9rselo entero en la boca. El huevo de madera es un juguete muy simple, con muchas posibilidades\u2026","rel":"","context":"Entrada similar","block_context":{"text":"Entrada similar","link":""},"img":{"alt_text":"Huevo de madera","src":"https:\/\/i0.wp.com\/diverkion.com\/wp-content\/uploads\/2022\/10\/OU-FUSTA.jpg?fit=500%2C500&ssl=1&resize=350%2C200","width":350,"height":200},"classes":[]},{"id":3910,"url":"https:\/\/diverkion.com\/ca\/producte\/huevos-de-pascua-de-madera-para-colorear\/","url_meta":{"origin":1752,"position":1},"title":"Huevos de pascua de madera para colorear","author":"diveradmin","date":"2323\/0202\/pmpmpmpm","format":false,"excerpt":"Descubre este pack creativo de huevos de Pascua de madera para colorear, dise\u00f1ado para disfrutar de una actividad manual divertida, creativa y llena de color. Adem\u00e1s, es ideal tanto para ni\u00f1os y ni\u00f1as como para adultos que disfrutan de las manualidades y la decoraci\u00f3n de Pascua. De este modo, pintar,\u2026","rel":"","context":"Entrada similar","block_context":{"text":"Entrada similar","link":""},"img":{"alt_text":"Huevos de pascua de madera para colorear","src":"https:\/\/i0.wp.com\/diverkion.com\/wp-content\/uploads\/2026\/02\/CM-HUEVOS-PASCUA.jpg?fit=500%2C500&ssl=1&resize=350%2C200","width":350,"height":200},"classes":[]},{"id":1763,"url":"https:\/\/diverkion.com\/ca\/producte\/anilla-metalica-7-5-cm-diametro\/","url_meta":{"origin":1752,"position":2},"title":"Anella met\u00e0l\u00b7lica 7.5 cm di\u00e0metre","author":"diveradmin","date":"2525\/0707\/pmpmpmpm","format":false,"excerpt":"Anilla met\u00e1lica galvanizada de 7.5 cm de di\u00e1metro. De secci\u00f3n circular. Proporciona al beb\u00e9 un f\u00e1cil agarre. Al ser met\u00e1lica, el beb\u00e9 va a experimentar una temperatura muy diferente a la t\u00edpica anilla de madera, igual que su sonido es tambi\u00e9n muy caracter\u00edstico. La anilla met\u00e1lica es un juguete muy\u2026","rel":"","context":"Entrada similar","block_context":{"text":"Entrada similar","link":""},"img":{"alt_text":"Anilla met\u00e1lica","src":"https:\/\/i0.wp.com\/diverkion.com\/wp-content\/uploads\/2022\/07\/ANME-1.jpg?fit=500%2C500&ssl=1&resize=350%2C200","width":350,"height":200},"classes":[]},{"id":1761,"url":"https:\/\/diverkion.com\/ca\/producte\/anilla-metalica\/","url_meta":{"origin":1752,"position":3},"title":"Anella met\u00e0l\u00b7lica 5 cm di\u00e0metre","author":"diveradmin","date":"2525\/0707\/pmpmpmpm","format":false,"excerpt":"Anilla met\u00e1lica galvanizada de 5 cm de di\u00e1metro. De secci\u00f3n circular. Proporciona al beb\u00e9 un f\u00e1cil agarre. Al ser met\u00e1lica, el beb\u00e9 va a experimentar una temperatura muy diferente a la t\u00edpica anilla de madera, igual que su sonido es tambi\u00e9n muy caracter\u00edstico. La anilla met\u00e1lica es un juguete muy\u2026","rel":"","context":"Entrada similar","block_context":{"text":"Entrada similar","link":""},"img":{"alt_text":"Anilla met\u00e1lica","src":"https:\/\/i0.wp.com\/diverkion.com\/wp-content\/uploads\/2022\/07\/ANME-1.jpg?fit=500%2C500&ssl=1&resize=350%2C200","width":350,"height":200},"classes":[]},{"id":2241,"url":"https:\/\/diverkion.com\/ca\/producte\/divertubs\/","url_meta":{"origin":1752,"position":4},"title":"Divertubs","author":"diveradmin","date":"2828\/1010\/pmpmpmpm","format":false,"excerpt":"El pack Divertubs est\u00e1 compuesto por 7 tubos de colores con la capacidad de estirarse y contraerse. Pueden unirse entre ellos formando uno de muy largo. Realizan un sonido muy caracter\u00edstico en el momento de estirarlos, que gusta mucho a los m\u00e1s peques. Con ellos puedes realizar formas, letras, c\u00edrculos...\u2026","rel":"","context":"Entrada similar","block_context":{"text":"Entrada similar","link":""},"img":{"alt_text":"Divertubs","src":"https:\/\/i0.wp.com\/diverkion.com\/wp-content\/uploads\/2023\/10\/DIVERTUBS.jpg?fit=500%2C500&ssl=1&resize=350%2C200","width":350,"height":200},"classes":[]},{"id":1867,"url":"https:\/\/diverkion.com\/ca\/producte\/cadena-inox\/","url_meta":{"origin":1752,"position":5},"title":"Cadena INOX","author":"diveradmin","date":"2727\/1010\/pmpmpmpm","format":false,"excerpt":"Cadena de acero inoxidable de24 cm de largo. Tama\u00f1o peque\u00f1o ideal para las manitas del beb\u00e9. De muy f\u00e1cil agarre. Suficientemente corta como para evitar dar la vuelta entera al cuello del beb\u00e9. Le va a encantar arrastrarla por el suelo. Su temperatura fr\u00eda. su brillo caracter\u00edstico. Su sonido met\u00e1lico\u2026","rel":"","context":"Entrada similar","block_context":{"text":"Entrada similar","link":""},"img":{"alt_text":"Cadena met\u00e1lica","src":"https:\/\/i0.wp.com\/diverkion.com\/wp-content\/uploads\/2022\/10\/CADENA-METALL.jpg?fit=500%2C500&ssl=1&resize=350%2C200","width":350,"height":200},"classes":[]}],"jetpack_sharing_enabled":true,"_links":{"self":[{"href":"https:\/\/diverkion.com\/ca\/wp-json\/wp\/v2\/product\/1752","targetHints":{"allow":["GET"]}}],"collection":[{"href":"https:\/\/diverkion.com\/ca\/wp-json\/wp\/v2\/product"}],"about":[{"href":"https:\/\/diverkion.com\/ca\/wp-json\/wp\/v2\/types\/product"}],"replies":[{"embeddable":true,"href":"https:\/\/diverkion.com\/ca\/wp-json\/wp\/v2\/comments?post=1752"}],"wp:featuredmedia":[{"embeddable":true,"href":"https:\/\/diverkion.com\/ca\/wp-json\/wp\/v2\/media\/2236"}],"wp:attachment":[{"href":"https:\/\/diverkion.com\/ca\/wp-json\/wp\/v2\/media?parent=1752"}],"wp:term":[{"taxonomy":"product_brand","embeddable":true,"href":"https:\/\/diverkion.com\/ca\/wp-json\/wp\/v2\/product_brand?post=1752"},{"taxonomy":"product_cat","embeddable":true,"href":"https:\/\/diverkion.com\/ca\/wp-json\/wp\/v2\/product_cat?post=1752"},{"taxonomy":"product_tag","embeddable":true,"href":"https:\/\/diverkion.com\/ca\/wp-json\/wp\/v2\/product_tag?post=1752"}],"curies":[{"name":"wp","href":"https:\/\/api.w.org\/{rel}","templated":true}]}}