{"id":1699,"date":"2022-04-29T21:04:13","date_gmt":"2022-04-29T20:04:13","guid":{"rendered":"https:\/\/diverkion.com\/?post_type=product&#038;p=1699"},"modified":"2024-11-26T23:31:23","modified_gmt":"2024-11-26T22:31:23","slug":"llaves-de-colores","status":"publish","type":"product","link":"https:\/\/diverkion.com\/ca\/producte\/llaves-de-colores\/","title":{"rendered":"Claus de colors"},"content":{"rendered":"<p>El metall d'aquestes claus de colors \u00e9s un dels materials imprescindibles de tota panera dels tresors.<\/p>\n<p>I molt millor si a m\u00e9s a m\u00e9s, brilla, fa soroll i t\u00e9 diferents colors?<\/p>\n<p>Les claus de colors s\u00f3n un joc molt simple amb moltes possibilitats i que esdev\u00e9 un complement perfecte per la panera dels tresors.<\/p>","protected":false},"excerpt":{"rendered":"<p>El metal de estas llaves de colores es uno de los materiales imprescindibles en toda cesta de los tesoros. Y mucho mejor si adem\u00e1s, brilla, hace ruido y tiene diferentes colores? Las llaves de colores son un juguete muy simple con muchas posibilidades y que son un complemento perfecto para&hellip; <\/p>","protected":false},"featured_media":3152,"comment_status":"open","ping_status":"closed","template":"","meta":[],"product_brand":[],"product_cat":[27],"product_tag":[106,93],"class_list":{"0":"post-1699","1":"product","2":"type-product","3":"status-publish","4":"has-post-thumbnail","6":"product_cat-cestatesoros","7":"product_tag-color","8":"product_tag-metal","10":"first","11":"instock","12":"shipping-taxable","13":"purchasable","14":"product-type-simple"},"yoast_head":"<!-- This site is optimized with the Yoast SEO plugin v27.4 - https:\/\/yoast.com\/product\/yoast-seo-wordpress\/ -->\n<title>Llaves de colores - DIVERKION.COM<\/title>\n<meta name=\"description\" content=\"Las llaves de colores aportan brillo, ruido y colores, es por eso que son un complemento perfecto para tu cesta de los tesoros.\" \/>\n<meta name=\"robots\" content=\"index, follow, max-snippet:-1, max-image-preview:large, max-video-preview:-1\" \/>\n<link rel=\"canonical\" href=\"https:\/\/diverkion.com\/ca\/producte\/llaves-de-colores\/\" \/>\n<meta property=\"og:locale\" content=\"ca_ES\" \/>\n<meta property=\"og:type\" content=\"article\" \/>\n<meta property=\"og:title\" content=\"Llaves de colores - DIVERKION.COM\" \/>\n<meta property=\"og:description\" content=\"Las llaves de colores aportan brillo, ruido y colores, es por eso que son un complemento perfecto para tu cesta de los tesoros.\" \/>\n<meta property=\"og:url\" content=\"https:\/\/diverkion.com\/ca\/producte\/llaves-de-colores\/\" \/>\n<meta property=\"og:site_name\" content=\"DIVERKION.COM\" \/>\n<meta property=\"article:publisher\" content=\"https:\/\/www.facebook.com\/Diverkion-113642764558588\" \/>\n<meta property=\"article:modified_time\" content=\"2024-11-26T22:31:23+00:00\" \/>\n<meta property=\"og:image\" content=\"https:\/\/diverkion.com\/wp-content\/uploads\/2022\/04\/LLAVES-DE-COLORES.jpg\" \/>\n\t<meta property=\"og:image:width\" content=\"500\" \/>\n\t<meta property=\"og:image:height\" content=\"500\" \/>\n\t<meta property=\"og:image:type\" content=\"image\/jpeg\" \/>\n<meta name=\"twitter:card\" content=\"summary_large_image\" \/>\n<meta name=\"twitter:label1\" content=\"Temps estimat de lectura\" \/>\n\t<meta name=\"twitter:data1\" content=\"1 minut\" \/>\n<script type=\"application\/ld+json\" class=\"yoast-schema-graph\">{\"@context\":\"https:\\\/\\\/schema.org\",\"@graph\":[{\"@type\":\"WebPage\",\"@id\":\"https:\\\/\\\/diverkion.com\\\/producto\\\/llaves-de-colores\\\/\",\"url\":\"https:\\\/\\\/diverkion.com\\\/producto\\\/llaves-de-colores\\\/\",\"name\":\"Llaves de colores - DIVERKION.COM\",\"isPartOf\":{\"@id\":\"https:\\\/\\\/diverkion.com\\\/#website\"},\"primaryImageOfPage\":{\"@id\":\"https:\\\/\\\/diverkion.com\\\/producto\\\/llaves-de-colores\\\/#primaryimage\"},\"image\":{\"@id\":\"https:\\\/\\\/diverkion.com\\\/producto\\\/llaves-de-colores\\\/#primaryimage\"},\"thumbnailUrl\":\"https:\\\/\\\/i0.wp.com\\\/diverkion.com\\\/wp-content\\\/uploads\\\/2022\\\/04\\\/LLAVES-DE-COLORES.jpg?fit=500%2C500&ssl=1\",\"datePublished\":\"2022-04-29T20:04:13+00:00\",\"dateModified\":\"2024-11-26T22:31:23+00:00\",\"description\":\"Las llaves de colores aportan brillo, ruido y colores, es por eso que son un complemento perfecto para tu cesta de los tesoros.\",\"breadcrumb\":{\"@id\":\"https:\\\/\\\/diverkion.com\\\/producto\\\/llaves-de-colores\\\/#breadcrumb\"},\"inLanguage\":\"ca\",\"potentialAction\":[{\"@type\":\"ReadAction\",\"target\":[\"https:\\\/\\\/diverkion.com\\\/producto\\\/llaves-de-colores\\\/\"]}]},{\"@type\":\"ImageObject\",\"inLanguage\":\"ca\",\"@id\":\"https:\\\/\\\/diverkion.com\\\/producto\\\/llaves-de-colores\\\/#primaryimage\",\"url\":\"https:\\\/\\\/i0.wp.com\\\/diverkion.com\\\/wp-content\\\/uploads\\\/2022\\\/04\\\/LLAVES-DE-COLORES.jpg?fit=500%2C500&ssl=1\",\"contentUrl\":\"https:\\\/\\\/i0.wp.com\\\/diverkion.com\\\/wp-content\\\/uploads\\\/2022\\\/04\\\/LLAVES-DE-COLORES.jpg?fit=500%2C500&ssl=1\",\"width\":500,\"height\":500,\"caption\":\"LLAVES DE COLORES\"},{\"@type\":\"BreadcrumbList\",\"@id\":\"https:\\\/\\\/diverkion.com\\\/producto\\\/llaves-de-colores\\\/#breadcrumb\",\"itemListElement\":[{\"@type\":\"ListItem\",\"position\":1,\"name\":\"Portada\",\"item\":\"https:\\\/\\\/diverkion.com\\\/\"},{\"@type\":\"ListItem\",\"position\":2,\"name\":\"Productos\",\"item\":\"https:\\\/\\\/diverkion.com\\\/productos\\\/\"},{\"@type\":\"ListItem\",\"position\":3,\"name\":\"Llaves de colores\"}]},{\"@type\":\"WebSite\",\"@id\":\"https:\\\/\\\/diverkion.com\\\/#website\",\"url\":\"https:\\\/\\\/diverkion.com\\\/\",\"name\":\"DIVERKION.COM\",\"description\":\"DIVERKION\",\"publisher\":{\"@id\":\"https:\\\/\\\/diverkion.com\\\/#organization\"},\"potentialAction\":[{\"@type\":\"SearchAction\",\"target\":{\"@type\":\"EntryPoint\",\"urlTemplate\":\"https:\\\/\\\/diverkion.com\\\/?s={search_term_string}\"},\"query-input\":{\"@type\":\"PropertyValueSpecification\",\"valueRequired\":true,\"valueName\":\"search_term_string\"}}],\"inLanguage\":\"ca\"},{\"@type\":\"Organization\",\"@id\":\"https:\\\/\\\/diverkion.com\\\/#organization\",\"name\":\"DIVERKION.COM\",\"url\":\"https:\\\/\\\/diverkion.com\\\/\",\"logo\":{\"@type\":\"ImageObject\",\"inLanguage\":\"ca\",\"@id\":\"https:\\\/\\\/diverkion.com\\\/#\\\/schema\\\/logo\\\/image\\\/\",\"url\":\"https:\\\/\\\/i0.wp.com\\\/diverkion.com\\\/wp-content\\\/uploads\\\/2022\\\/07\\\/LOGO-1-NOU.jpg?fit=1600%2C572&ssl=1\",\"contentUrl\":\"https:\\\/\\\/i0.wp.com\\\/diverkion.com\\\/wp-content\\\/uploads\\\/2022\\\/07\\\/LOGO-1-NOU.jpg?fit=1600%2C572&ssl=1\",\"width\":1600,\"height\":572,\"caption\":\"DIVERKION.COM\"},\"image\":{\"@id\":\"https:\\\/\\\/diverkion.com\\\/#\\\/schema\\\/logo\\\/image\\\/\"},\"sameAs\":[\"https:\\\/\\\/www.facebook.com\\\/Diverkion-113642764558588\",\"https:\\\/\\\/www.instagram.com\\\/diver_kion\\\/\"]}]}<\/script>\n<!-- \/ Yoast SEO plugin. -->","yoast_head_json":{"title":"Llaves de colores - DIVERKION.COM","description":"Las llaves de colores aportan brillo, ruido y colores, es por eso que son un complemento perfecto para tu cesta de los tesoros.","robots":{"index":"index","follow":"follow","max-snippet":"max-snippet:-1","max-image-preview":"max-image-preview:large","max-video-preview":"max-video-preview:-1"},"canonical":"https:\/\/diverkion.com\/ca\/producte\/llaves-de-colores\/","og_locale":"ca_ES","og_type":"article","og_title":"Llaves de colores - DIVERKION.COM","og_description":"Las llaves de colores aportan brillo, ruido y colores, es por eso que son un complemento perfecto para tu cesta de los tesoros.","og_url":"https:\/\/diverkion.com\/ca\/producte\/llaves-de-colores\/","og_site_name":"DIVERKION.COM","article_publisher":"https:\/\/www.facebook.com\/Diverkion-113642764558588","article_modified_time":"2024-11-26T22:31:23+00:00","og_image":[{"width":500,"height":500,"url":"https:\/\/diverkion.com\/wp-content\/uploads\/2022\/04\/LLAVES-DE-COLORES.jpg","type":"image\/jpeg"}],"twitter_card":"summary_large_image","twitter_misc":{"Temps estimat de lectura":"1 minut"},"schema":{"@context":"https:\/\/schema.org","@graph":[{"@type":"WebPage","@id":"https:\/\/diverkion.com\/producto\/llaves-de-colores\/","url":"https:\/\/diverkion.com\/producto\/llaves-de-colores\/","name":"Llaves de colores - DIVERKION.COM","isPartOf":{"@id":"https:\/\/diverkion.com\/#website"},"primaryImageOfPage":{"@id":"https:\/\/diverkion.com\/producto\/llaves-de-colores\/#primaryimage"},"image":{"@id":"https:\/\/diverkion.com\/producto\/llaves-de-colores\/#primaryimage"},"thumbnailUrl":"https:\/\/i0.wp.com\/diverkion.com\/wp-content\/uploads\/2022\/04\/LLAVES-DE-COLORES.jpg?fit=500%2C500&ssl=1","datePublished":"2022-04-29T20:04:13+00:00","dateModified":"2024-11-26T22:31:23+00:00","description":"Las llaves de colores aportan brillo, ruido y colores, es por eso que son un complemento perfecto para tu cesta de los tesoros.","breadcrumb":{"@id":"https:\/\/diverkion.com\/producto\/llaves-de-colores\/#breadcrumb"},"inLanguage":"ca","potentialAction":[{"@type":"ReadAction","target":["https:\/\/diverkion.com\/producto\/llaves-de-colores\/"]}]},{"@type":"ImageObject","inLanguage":"ca","@id":"https:\/\/diverkion.com\/producto\/llaves-de-colores\/#primaryimage","url":"https:\/\/i0.wp.com\/diverkion.com\/wp-content\/uploads\/2022\/04\/LLAVES-DE-COLORES.jpg?fit=500%2C500&ssl=1","contentUrl":"https:\/\/i0.wp.com\/diverkion.com\/wp-content\/uploads\/2022\/04\/LLAVES-DE-COLORES.jpg?fit=500%2C500&ssl=1","width":500,"height":500,"caption":"LLAVES DE COLORES"},{"@type":"BreadcrumbList","@id":"https:\/\/diverkion.com\/producto\/llaves-de-colores\/#breadcrumb","itemListElement":[{"@type":"ListItem","position":1,"name":"Portada","item":"https:\/\/diverkion.com\/"},{"@type":"ListItem","position":2,"name":"Productos","item":"https:\/\/diverkion.com\/productos\/"},{"@type":"ListItem","position":3,"name":"Llaves de colores"}]},{"@type":"WebSite","@id":"https:\/\/diverkion.com\/#website","url":"https:\/\/diverkion.com\/","name":"DIVERKION.COM","description":"DIVERKION","publisher":{"@id":"https:\/\/diverkion.com\/#organization"},"potentialAction":[{"@type":"SearchAction","target":{"@type":"EntryPoint","urlTemplate":"https:\/\/diverkion.com\/?s={search_term_string}"},"query-input":{"@type":"PropertyValueSpecification","valueRequired":true,"valueName":"search_term_string"}}],"inLanguage":"ca"},{"@type":"Organization","@id":"https:\/\/diverkion.com\/#organization","name":"DIVERKION.COM","url":"https:\/\/diverkion.com\/","logo":{"@type":"ImageObject","inLanguage":"ca","@id":"https:\/\/diverkion.com\/#\/schema\/logo\/image\/","url":"https:\/\/i0.wp.com\/diverkion.com\/wp-content\/uploads\/2022\/07\/LOGO-1-NOU.jpg?fit=1600%2C572&ssl=1","contentUrl":"https:\/\/i0.wp.com\/diverkion.com\/wp-content\/uploads\/2022\/07\/LOGO-1-NOU.jpg?fit=1600%2C572&ssl=1","width":1600,"height":572,"caption":"DIVERKION.COM"},"image":{"@id":"https:\/\/diverkion.com\/#\/schema\/logo\/image\/"},"sameAs":["https:\/\/www.facebook.com\/Diverkion-113642764558588","https:\/\/www.instagram.com\/diver_kion\/"]}]}},"jetpack-related-posts":[{"id":3746,"url":"https:\/\/diverkion.com\/ca\/producte\/cesta-de-los-tesoros-natura\/","url_meta":{"origin":1699,"position":0},"title":"Cesta de los tesoros NATURA","author":"diveradmin","date":"2020\/0909\/pmpmpmpm","format":false,"excerpt":"La infancia est\u00e1 llena de momentos m\u00e1gicos, y uno de los m\u00e1s importantes es cuando los beb\u00e9s empiezan a descubrir el mundo que les rodea. Todo lo quieren tocar, morder, agitar o golpear para entender c\u00f3mo funciona. Con esta idea naci\u00f3 la Cesta de los Tesoros, una propuesta educativa inspirada\u2026","rel":"","context":"Entrada similar","block_context":{"text":"Entrada similar","link":""},"img":{"alt_text":"Cesta de los tesoros NATURA","src":"https:\/\/i0.wp.com\/diverkion.com\/wp-content\/uploads\/2025\/09\/DIVERCESTA-NATURA.jpg?fit=500%2C500&ssl=1&resize=350%2C200","width":350,"height":200},"classes":[]},{"id":3795,"url":"https:\/\/diverkion.com\/ca\/producte\/cesta-de-los-tesoros-crear\/","url_meta":{"origin":1699,"position":1},"title":"Cesta de los tesoros CREAR","author":"diveradmin","date":"2121\/0909\/amamamam","format":false,"excerpt":"Cuando los beb\u00e9s comienzan a explorar, todo se convierte en un descubrimiento: el tacto de un tejido, el sonido de un objeto met\u00e1lico, la temperatura de la madera al contacto con sus manos. Cada peque\u00f1a experiencia es un aprendizaje, y la cesta de los tesoros CREAR\u00a0est\u00e1 dise\u00f1ada para ofrecer precisamente\u2026","rel":"","context":"Entrada similar","block_context":{"text":"Entrada similar","link":""},"img":{"alt_text":"Cesta de los tesoros CREAR","src":"https:\/\/i0.wp.com\/diverkion.com\/wp-content\/uploads\/2025\/09\/DIVERCESTA-CREAR.jpg?fit=500%2C500&ssl=1&resize=350%2C200","width":350,"height":200},"classes":[]},{"id":3783,"url":"https:\/\/diverkion.com\/ca\/producte\/cesta-de-los-tesoros-tocar\/","url_meta":{"origin":1699,"position":2},"title":"Cesta de los tesoros TOCAR","author":"diveradmin","date":"2121\/0909\/amamamam","format":false,"excerpt":"Cuando los beb\u00e9s comienzan a explorar, todo se convierte en un descubrimiento: el tacto de un tejido, el sonido de un objeto met\u00e1lico, la temperatura de la madera al contacto con sus manos. Cada peque\u00f1a experiencia es un aprendizaje, y la cesta de los tesoros TOCAR\u00a0est\u00e1 dise\u00f1ada para ofrecer precisamente\u2026","rel":"","context":"Entrada similar","block_context":{"text":"Entrada similar","link":""},"img":{"alt_text":"cesta de los tesoros TOCAR","src":"https:\/\/i0.wp.com\/diverkion.com\/wp-content\/uploads\/2025\/09\/DIVERCESTA-TOCAR.jpg?fit=500%2C500&ssl=1&resize=350%2C200","width":350,"height":200},"classes":[]},{"id":3771,"url":"https:\/\/diverkion.com\/ca\/producte\/cesta-de-los-tesoros-sentir\/","url_meta":{"origin":1699,"position":3},"title":"Cesta de los tesoros SENTIR","author":"diveradmin","date":"2121\/0909\/amamamam","format":false,"excerpt":"Cuando los beb\u00e9s comienzan a explorar, todo se convierte en un descubrimiento: el tacto de un tejido, el sonido de un objeto met\u00e1lico, la temperatura de la madera al contacto con sus manos. Cada peque\u00f1a experiencia es un aprendizaje, y la cesta de los tesoros SENTIR\u00a0est\u00e1 dise\u00f1ada para ofrecer precisamente\u2026","rel":"","context":"Entrada similar","block_context":{"text":"Entrada similar","link":""},"img":{"alt_text":"Cesta de los tesoros SENTIR","src":"https:\/\/i0.wp.com\/diverkion.com\/wp-content\/uploads\/2025\/09\/DIVERCESTA-SENTIR.jpg?fit=500%2C500&ssl=1&resize=350%2C200","width":350,"height":200},"classes":[]},{"id":3759,"url":"https:\/\/diverkion.com\/ca\/producte\/cesta-de-los-tesoros-mirar\/","url_meta":{"origin":1699,"position":4},"title":"Cesta de los tesoros MIRAR","author":"diveradmin","date":"2121\/0909\/amamamam","format":false,"excerpt":"Cuando los beb\u00e9s comienzan a explorar, todo se convierte en un descubrimiento: el tacto de un tejido, el sonido de un objeto met\u00e1lico, la temperatura de la madera al contacto con sus manos. Cada peque\u00f1a experiencia es un aprendizaje, y la cesta de los tesoros MIRAR est\u00e1 dise\u00f1ada para ofrecer\u2026","rel":"","context":"Entrada similar","block_context":{"text":"Entrada similar","link":""},"img":{"alt_text":"cesta de los tesoros MIRAR","src":"https:\/\/i0.wp.com\/diverkion.com\/wp-content\/uploads\/2025\/09\/DIVERCESTA-MIRAR.jpg?fit=500%2C500&ssl=1&resize=350%2C200","width":350,"height":200},"classes":[]},{"id":3153,"url":"https:\/\/diverkion.com\/ca\/producte\/cesta-de-cuerda-de-algodon\/","url_meta":{"origin":1699,"position":5},"title":"Cesta de cuerda de algod\u00f3n","author":"diveradmin","date":"2626\/1111\/pmpmpmpm","format":false,"excerpt":"Cesta elaborada de cuerda de algod\u00f3n Mide unos 23 cm de di\u00e1metro por 8 cm de alto. Disponible en varios colores diferentes","rel":"","context":"Entrada similar","block_context":{"text":"Entrada similar","link":""},"img":{"alt_text":"Cesta de cuerda de algod\u00f3n","src":"https:\/\/i0.wp.com\/diverkion.com\/wp-content\/uploads\/2024\/11\/PANERA-CORDA-COTO-4-COLORS.jpg?fit=500%2C500&ssl=1&resize=350%2C200","width":350,"height":200},"classes":[]}],"jetpack_sharing_enabled":true,"_links":{"self":[{"href":"https:\/\/diverkion.com\/ca\/wp-json\/wp\/v2\/product\/1699","targetHints":{"allow":["GET"]}}],"collection":[{"href":"https:\/\/diverkion.com\/ca\/wp-json\/wp\/v2\/product"}],"about":[{"href":"https:\/\/diverkion.com\/ca\/wp-json\/wp\/v2\/types\/product"}],"replies":[{"embeddable":true,"href":"https:\/\/diverkion.com\/ca\/wp-json\/wp\/v2\/comments?post=1699"}],"wp:featuredmedia":[{"embeddable":true,"href":"https:\/\/diverkion.com\/ca\/wp-json\/wp\/v2\/media\/3152"}],"wp:attachment":[{"href":"https:\/\/diverkion.com\/ca\/wp-json\/wp\/v2\/media?parent=1699"}],"wp:term":[{"taxonomy":"product_brand","embeddable":true,"href":"https:\/\/diverkion.com\/ca\/wp-json\/wp\/v2\/product_brand?post=1699"},{"taxonomy":"product_cat","embeddable":true,"href":"https:\/\/diverkion.com\/ca\/wp-json\/wp\/v2\/product_cat?post=1699"},{"taxonomy":"product_tag","embeddable":true,"href":"https:\/\/diverkion.com\/ca\/wp-json\/wp\/v2\/product_tag?post=1699"}],"curies":[{"name":"wp","href":"https:\/\/api.w.org\/{rel}","templated":true}]}}