{"id":1678,"date":"2022-04-15T14:37:08","date_gmt":"2022-04-15T13:37:08","guid":{"rendered":"https:\/\/diverkion.com\/?post_type=product&#038;p=1678"},"modified":"2025-09-20T07:52:57","modified_gmt":"2025-09-20T06:52:57","slug":"anilla-de-madera-con-cintas-de-colores","status":"publish","type":"product","link":"https:\/\/diverkion.com\/ca\/producte\/anilla-de-madera-con-cintas-de-colores\/","title":{"rendered":"Anella de fusta amb cintes de colors"},"content":{"rendered":"<p>Anella de fusta amb cintes de diferents colors. Tamb\u00e9 coneguda com cinta de vent Waldorf.<\/p>\n<p>F\u00e0cil d'agafar i perfecte per mossegar, les diferents cintes de colors proporcionen al nad\u00f3 estones llargues d'estimulaci\u00f3 i diversi\u00f3.<\/p>\n<p>Anella elaborada amb fusta de faig i les cintes de poliester.<\/p>\n<p>Disponible en 4 modalitats:<\/p>\n<ul>\n<li>6 colors diferents<\/li>\n<li>3 colors c\u00e0lids<\/li>\n<li>3 colors freds<\/li>\n<li>6 colors pastel<\/li>\n<\/ul>\n<p>Aquesta anella de fusta amb cintes de colors \u00e9s un material molt senzill, amb moltes possibilitats i que esdev\u00e9 un complement perfecte per la panera dels tresors.<\/p>","protected":false},"excerpt":{"rendered":"<p>Anilla de madera con cintas de diferentes colores. Tambi\u00e9n conocida como cinta de viento Waldorf. De f\u00e1cil agarre, perfecta para morder, y las diferentes cintas de colores le proporcionaran a tu beb\u00e9 un buen rato de estimulaci\u00f3n y diversi\u00f3n. Anilla elaborada con madera de haya y las cintas de poliester.&hellip; <\/p>","protected":false},"featured_media":2228,"comment_status":"open","ping_status":"closed","template":"","meta":[],"product_brand":[],"product_cat":[27],"product_tag":[205,106,92,94,96,193],"class_list":{"0":"post-1678","1":"product","2":"type-product","3":"status-publish","4":"has-post-thumbnail","6":"product_cat-cestatesoros","7":"product_tag-anilla","8":"product_tag-color","9":"product_tag-madera","10":"product_tag-ropa","11":"product_tag-sensorial","12":"product_tag-waldorf","14":"first","15":"instock","16":"shipping-taxable","17":"purchasable","18":"product-type-variable"},"yoast_head":"<!-- This site is optimized with the Yoast SEO plugin v27.4 - https:\/\/yoast.com\/product\/yoast-seo-wordpress\/ -->\n<title>Anilla de madera con cintas de colores - DIVERKION.COM<\/title>\n<meta name=\"description\" content=\"La anilla de madera con cintas de colores es de f\u00e1cil agarre, perfecta para morder y proporciona un buen rato de estimulaci\u00f3n y diversi\u00f3n.\" \/>\n<meta name=\"robots\" content=\"index, follow, max-snippet:-1, max-image-preview:large, max-video-preview:-1\" \/>\n<link rel=\"canonical\" href=\"https:\/\/diverkion.com\/ca\/producte\/anilla-de-madera-con-cintas-de-colores\/\" \/>\n<meta property=\"og:locale\" content=\"ca_ES\" \/>\n<meta property=\"og:type\" content=\"article\" \/>\n<meta property=\"og:title\" content=\"Anilla de madera con cintas de colores - DIVERKION.COM\" \/>\n<meta property=\"og:description\" content=\"La anilla de madera con cintas de colores es de f\u00e1cil agarre, perfecta para morder y proporciona un buen rato de estimulaci\u00f3n y diversi\u00f3n.\" \/>\n<meta property=\"og:url\" content=\"https:\/\/diverkion.com\/ca\/producte\/anilla-de-madera-con-cintas-de-colores\/\" \/>\n<meta property=\"og:site_name\" content=\"DIVERKION.COM\" \/>\n<meta property=\"article:publisher\" content=\"https:\/\/www.facebook.com\/Diverkion-113642764558588\" \/>\n<meta property=\"article:modified_time\" content=\"2025-09-20T06:52:57+00:00\" \/>\n<meta property=\"og:image\" content=\"https:\/\/diverkion.com\/wp-content\/uploads\/2022\/04\/ANELLA-CINTES-COLORS-3.jpg\" \/>\n\t<meta property=\"og:image:width\" content=\"500\" \/>\n\t<meta property=\"og:image:height\" content=\"500\" \/>\n\t<meta property=\"og:image:type\" content=\"image\/jpeg\" \/>\n<meta name=\"twitter:card\" content=\"summary_large_image\" \/>\n<meta name=\"twitter:label1\" content=\"Temps estimat de lectura\" \/>\n\t<meta name=\"twitter:data1\" content=\"1 minut\" \/>\n<script type=\"application\/ld+json\" class=\"yoast-schema-graph\">{\"@context\":\"https:\\\/\\\/schema.org\",\"@graph\":[{\"@type\":\"WebPage\",\"@id\":\"https:\\\/\\\/diverkion.com\\\/producto\\\/anilla-de-madera-con-cintas-de-colores\\\/\",\"url\":\"https:\\\/\\\/diverkion.com\\\/producto\\\/anilla-de-madera-con-cintas-de-colores\\\/\",\"name\":\"Anilla de madera con cintas de colores - DIVERKION.COM\",\"isPartOf\":{\"@id\":\"https:\\\/\\\/diverkion.com\\\/#website\"},\"primaryImageOfPage\":{\"@id\":\"https:\\\/\\\/diverkion.com\\\/producto\\\/anilla-de-madera-con-cintas-de-colores\\\/#primaryimage\"},\"image\":{\"@id\":\"https:\\\/\\\/diverkion.com\\\/producto\\\/anilla-de-madera-con-cintas-de-colores\\\/#primaryimage\"},\"thumbnailUrl\":\"https:\\\/\\\/i0.wp.com\\\/diverkion.com\\\/wp-content\\\/uploads\\\/2022\\\/04\\\/ANELLA-CINTES-COLORS-3.jpg?fit=500%2C500&ssl=1\",\"datePublished\":\"2022-04-15T13:37:08+00:00\",\"dateModified\":\"2025-09-20T06:52:57+00:00\",\"description\":\"La anilla de madera con cintas de colores es de f\u00e1cil agarre, perfecta para morder y proporciona un buen rato de estimulaci\u00f3n y diversi\u00f3n.\",\"breadcrumb\":{\"@id\":\"https:\\\/\\\/diverkion.com\\\/producto\\\/anilla-de-madera-con-cintas-de-colores\\\/#breadcrumb\"},\"inLanguage\":\"ca\",\"potentialAction\":[{\"@type\":\"ReadAction\",\"target\":[\"https:\\\/\\\/diverkion.com\\\/producto\\\/anilla-de-madera-con-cintas-de-colores\\\/\"]}]},{\"@type\":\"ImageObject\",\"inLanguage\":\"ca\",\"@id\":\"https:\\\/\\\/diverkion.com\\\/producto\\\/anilla-de-madera-con-cintas-de-colores\\\/#primaryimage\",\"url\":\"https:\\\/\\\/i0.wp.com\\\/diverkion.com\\\/wp-content\\\/uploads\\\/2022\\\/04\\\/ANELLA-CINTES-COLORS-3.jpg?fit=500%2C500&ssl=1\",\"contentUrl\":\"https:\\\/\\\/i0.wp.com\\\/diverkion.com\\\/wp-content\\\/uploads\\\/2022\\\/04\\\/ANELLA-CINTES-COLORS-3.jpg?fit=500%2C500&ssl=1\",\"width\":500,\"height\":500,\"caption\":\"Anilla de madera con cintas de colores\"},{\"@type\":\"BreadcrumbList\",\"@id\":\"https:\\\/\\\/diverkion.com\\\/producto\\\/anilla-de-madera-con-cintas-de-colores\\\/#breadcrumb\",\"itemListElement\":[{\"@type\":\"ListItem\",\"position\":1,\"name\":\"Portada\",\"item\":\"https:\\\/\\\/diverkion.com\\\/\"},{\"@type\":\"ListItem\",\"position\":2,\"name\":\"Productos\",\"item\":\"https:\\\/\\\/diverkion.com\\\/productos\\\/\"},{\"@type\":\"ListItem\",\"position\":3,\"name\":\"Anilla de madera con cintas de colores\"}]},{\"@type\":\"WebSite\",\"@id\":\"https:\\\/\\\/diverkion.com\\\/#website\",\"url\":\"https:\\\/\\\/diverkion.com\\\/\",\"name\":\"DIVERKION.COM\",\"description\":\"DIVERKION\",\"publisher\":{\"@id\":\"https:\\\/\\\/diverkion.com\\\/#organization\"},\"potentialAction\":[{\"@type\":\"SearchAction\",\"target\":{\"@type\":\"EntryPoint\",\"urlTemplate\":\"https:\\\/\\\/diverkion.com\\\/?s={search_term_string}\"},\"query-input\":{\"@type\":\"PropertyValueSpecification\",\"valueRequired\":true,\"valueName\":\"search_term_string\"}}],\"inLanguage\":\"ca\"},{\"@type\":\"Organization\",\"@id\":\"https:\\\/\\\/diverkion.com\\\/#organization\",\"name\":\"DIVERKION.COM\",\"url\":\"https:\\\/\\\/diverkion.com\\\/\",\"logo\":{\"@type\":\"ImageObject\",\"inLanguage\":\"ca\",\"@id\":\"https:\\\/\\\/diverkion.com\\\/#\\\/schema\\\/logo\\\/image\\\/\",\"url\":\"https:\\\/\\\/i0.wp.com\\\/diverkion.com\\\/wp-content\\\/uploads\\\/2022\\\/07\\\/LOGO-1-NOU.jpg?fit=1600%2C572&ssl=1\",\"contentUrl\":\"https:\\\/\\\/i0.wp.com\\\/diverkion.com\\\/wp-content\\\/uploads\\\/2022\\\/07\\\/LOGO-1-NOU.jpg?fit=1600%2C572&ssl=1\",\"width\":1600,\"height\":572,\"caption\":\"DIVERKION.COM\"},\"image\":{\"@id\":\"https:\\\/\\\/diverkion.com\\\/#\\\/schema\\\/logo\\\/image\\\/\"},\"sameAs\":[\"https:\\\/\\\/www.facebook.com\\\/Diverkion-113642764558588\",\"https:\\\/\\\/www.instagram.com\\\/diver_kion\\\/\"]}]}<\/script>\n<!-- \/ Yoast SEO plugin. -->","yoast_head_json":{"title":"Anilla de madera con cintas de colores - DIVERKION.COM","description":"La anilla de madera con cintas de colores es de f\u00e1cil agarre, perfecta para morder y proporciona un buen rato de estimulaci\u00f3n y diversi\u00f3n.","robots":{"index":"index","follow":"follow","max-snippet":"max-snippet:-1","max-image-preview":"max-image-preview:large","max-video-preview":"max-video-preview:-1"},"canonical":"https:\/\/diverkion.com\/ca\/producte\/anilla-de-madera-con-cintas-de-colores\/","og_locale":"ca_ES","og_type":"article","og_title":"Anilla de madera con cintas de colores - DIVERKION.COM","og_description":"La anilla de madera con cintas de colores es de f\u00e1cil agarre, perfecta para morder y proporciona un buen rato de estimulaci\u00f3n y diversi\u00f3n.","og_url":"https:\/\/diverkion.com\/ca\/producte\/anilla-de-madera-con-cintas-de-colores\/","og_site_name":"DIVERKION.COM","article_publisher":"https:\/\/www.facebook.com\/Diverkion-113642764558588","article_modified_time":"2025-09-20T06:52:57+00:00","og_image":[{"width":500,"height":500,"url":"https:\/\/diverkion.com\/wp-content\/uploads\/2022\/04\/ANELLA-CINTES-COLORS-3.jpg","type":"image\/jpeg"}],"twitter_card":"summary_large_image","twitter_misc":{"Temps estimat de lectura":"1 minut"},"schema":{"@context":"https:\/\/schema.org","@graph":[{"@type":"WebPage","@id":"https:\/\/diverkion.com\/producto\/anilla-de-madera-con-cintas-de-colores\/","url":"https:\/\/diverkion.com\/producto\/anilla-de-madera-con-cintas-de-colores\/","name":"Anilla de madera con cintas de colores - DIVERKION.COM","isPartOf":{"@id":"https:\/\/diverkion.com\/#website"},"primaryImageOfPage":{"@id":"https:\/\/diverkion.com\/producto\/anilla-de-madera-con-cintas-de-colores\/#primaryimage"},"image":{"@id":"https:\/\/diverkion.com\/producto\/anilla-de-madera-con-cintas-de-colores\/#primaryimage"},"thumbnailUrl":"https:\/\/i0.wp.com\/diverkion.com\/wp-content\/uploads\/2022\/04\/ANELLA-CINTES-COLORS-3.jpg?fit=500%2C500&ssl=1","datePublished":"2022-04-15T13:37:08+00:00","dateModified":"2025-09-20T06:52:57+00:00","description":"La anilla de madera con cintas de colores es de f\u00e1cil agarre, perfecta para morder y proporciona un buen rato de estimulaci\u00f3n y diversi\u00f3n.","breadcrumb":{"@id":"https:\/\/diverkion.com\/producto\/anilla-de-madera-con-cintas-de-colores\/#breadcrumb"},"inLanguage":"ca","potentialAction":[{"@type":"ReadAction","target":["https:\/\/diverkion.com\/producto\/anilla-de-madera-con-cintas-de-colores\/"]}]},{"@type":"ImageObject","inLanguage":"ca","@id":"https:\/\/diverkion.com\/producto\/anilla-de-madera-con-cintas-de-colores\/#primaryimage","url":"https:\/\/i0.wp.com\/diverkion.com\/wp-content\/uploads\/2022\/04\/ANELLA-CINTES-COLORS-3.jpg?fit=500%2C500&ssl=1","contentUrl":"https:\/\/i0.wp.com\/diverkion.com\/wp-content\/uploads\/2022\/04\/ANELLA-CINTES-COLORS-3.jpg?fit=500%2C500&ssl=1","width":500,"height":500,"caption":"Anilla de madera con cintas de colores"},{"@type":"BreadcrumbList","@id":"https:\/\/diverkion.com\/producto\/anilla-de-madera-con-cintas-de-colores\/#breadcrumb","itemListElement":[{"@type":"ListItem","position":1,"name":"Portada","item":"https:\/\/diverkion.com\/"},{"@type":"ListItem","position":2,"name":"Productos","item":"https:\/\/diverkion.com\/productos\/"},{"@type":"ListItem","position":3,"name":"Anilla de madera con cintas de colores"}]},{"@type":"WebSite","@id":"https:\/\/diverkion.com\/#website","url":"https:\/\/diverkion.com\/","name":"DIVERKION.COM","description":"DIVERKION","publisher":{"@id":"https:\/\/diverkion.com\/#organization"},"potentialAction":[{"@type":"SearchAction","target":{"@type":"EntryPoint","urlTemplate":"https:\/\/diverkion.com\/?s={search_term_string}"},"query-input":{"@type":"PropertyValueSpecification","valueRequired":true,"valueName":"search_term_string"}}],"inLanguage":"ca"},{"@type":"Organization","@id":"https:\/\/diverkion.com\/#organization","name":"DIVERKION.COM","url":"https:\/\/diverkion.com\/","logo":{"@type":"ImageObject","inLanguage":"ca","@id":"https:\/\/diverkion.com\/#\/schema\/logo\/image\/","url":"https:\/\/i0.wp.com\/diverkion.com\/wp-content\/uploads\/2022\/07\/LOGO-1-NOU.jpg?fit=1600%2C572&ssl=1","contentUrl":"https:\/\/i0.wp.com\/diverkion.com\/wp-content\/uploads\/2022\/07\/LOGO-1-NOU.jpg?fit=1600%2C572&ssl=1","width":1600,"height":572,"caption":"DIVERKION.COM"},"image":{"@id":"https:\/\/diverkion.com\/#\/schema\/logo\/image\/"},"sameAs":["https:\/\/www.facebook.com\/Diverkion-113642764558588","https:\/\/www.instagram.com\/diver_kion\/"]}]}},"jetpack-related-posts":[{"id":1680,"url":"https:\/\/diverkion.com\/ca\/producte\/anilla-de-madera-con-trapillo-de-color\/","url_meta":{"origin":1678,"position":0},"title":"Anella de fusta amb trapillo de color","author":"diveradmin","date":"1515\/0404\/pmpmpmpm","format":false,"excerpt":"Anilla de madera con trapillo de color alrededor de parte de su per\u00edmetro. Los colores disponibles son: blanco, amarillo, naranja, rojo, verde, azul, lila y rosa. De f\u00e1cil agarre, proporciona diferentes texturas al igual que distinta dureza, sabor y textura al morder. Esta anilla de madera con trapillo de color\u2026","rel":"","context":"Entrada similar","block_context":{"text":"Entrada similar","link":""},"img":{"alt_text":"anilla de madera con trapillo de color","src":"https:\/\/i0.wp.com\/diverkion.com\/wp-content\/uploads\/2022\/04\/ANEPILLO-TOTS-COLORS.jpg?fit=500%2C500&ssl=1&resize=350%2C200","width":350,"height":200},"classes":[]},{"id":1346,"url":"https:\/\/diverkion.com\/ca\/producte\/sonajero-madera-con-anillas-de-colores\/","url_meta":{"origin":1678,"position":1},"title":"Sonall de fusta amb anelles de colors","author":"diveradmin","date":"1515\/0202\/pmpmpmpm","format":false,"excerpt":"El sonajero de madera con anillas de colores es un material af\u00edn a la metodolog\u00eda Montessori. Tiene m\u00faltiples funciones que se pueden utilizar des de los primeros meses del beb\u00e9. \u00a0Su forma invita a agarrarlo, moverlo, chuparlo y los anillos de colores nos permiten hacer sonido al moverlos. Este sonajero\u2026","rel":"","context":"Entrada similar","block_context":{"text":"Entrada similar","link":""},"img":{"alt_text":"Sonajero de madera con anillas de colores","src":"https:\/\/i0.wp.com\/diverkion.com\/wp-content\/uploads\/2022\/02\/SOANCO-1.jpg?fit=500%2C500&ssl=1&resize=350%2C200","width":350,"height":200},"classes":[]},{"id":1987,"url":"https:\/\/diverkion.com\/ca\/producte\/mordedor-de-3-bolas\/","url_meta":{"origin":1678,"position":2},"title":"Mordedor de 3 bolas","author":"diveradmin","date":"0202\/0202\/pmpmpmpm","format":false,"excerpt":"El mordedor de 3 bolas est\u00e1 compuesto por una anilla de madera de haya de 3 cm de di\u00e1metro en un extremo de la tela el\u00e1stica color gris. Y por 3 bolas de madera de haya; una de 4 cm de di\u00e1metro, una de 3 y la \u00faltima de 2\u2026","rel":"","context":"Entrada similar","block_context":{"text":"Entrada similar","link":""},"img":{"alt_text":"MORDEDOR DE 3 BOLAS","src":"https:\/\/i0.wp.com\/diverkion.com\/wp-content\/uploads\/2023\/02\/BOLES234.jpg?fit=500%2C500&ssl=1&resize=350%2C200","width":350,"height":200},"classes":[]},{"id":1998,"url":"https:\/\/diverkion.com\/ca\/producte\/mordedor-de-5-bolas\/","url_meta":{"origin":1678,"position":3},"title":"Mordedor de 5 bolas","author":"diveradmin","date":"0202\/0202\/pmpmpmpm","format":false,"excerpt":"El mordedor de 5 bolas est\u00e1 compuesto por una anilla de madera de haya de 3 cm de di\u00e1metro en un extremo de la tela el\u00e1stica color gris. Y por 5 bolas de madera de haya; una de 4 cm de di\u00e1metro, dos de 3 y dos de 2 cm\u2026","rel":"","context":"Entrada similar","block_context":{"text":"Entrada similar","link":""},"img":{"alt_text":"Mordedor de 5 bolas","src":"https:\/\/i0.wp.com\/diverkion.com\/wp-content\/uploads\/2023\/02\/BOLES23432.jpg?fit=500%2C500&ssl=1&resize=350%2C200","width":350,"height":200},"classes":[]},{"id":1212,"url":"https:\/\/diverkion.com\/ca\/producte\/anilla-de-madera-de-7-cm\/","url_meta":{"origin":1678,"position":4},"title":"Anella de fusta de 7 cm de di\u00e0metre","author":"diveradmin","date":"2222\/0101\/pmpmpmpm","format":false,"excerpt":"Anilla de madera de 7 cm de di\u00e1metro exterior Elaborada con madera de haya La anilla de madera es un material muy simple, con muchas posibilidades y que es un complemento perfecto para la cesta de los tesoros.","rel":"","context":"Entrada similar","block_context":{"text":"Entrada similar","link":""},"img":{"alt_text":"anilla de madera","src":"https:\/\/i0.wp.com\/diverkion.com\/wp-content\/uploads\/2022\/01\/ANELLA-FUSTA-DK-SOBRE.jpg?fit=500%2C500&ssl=1&resize=350%2C200","width":350,"height":200},"classes":[]},{"id":2016,"url":"https:\/\/diverkion.com\/ca\/producte\/saquitos-sensoriales\/","url_meta":{"origin":1678,"position":5},"title":"Saquets sensorials","author":"diveradmin","date":"1111\/0202\/pmpmpmpm","format":false,"excerpt":"4 saquitos de diferente color con tela de algod\u00f3n certificada oeko-tex. Rellenos de diferentes materiales: bolas de madera dados acr\u00edlicos anillas met\u00e1licas piedras Cada material aporta un peso, ruido y tacto caracter\u00edsticos Podr\u00e1s adivinar qu\u00e9 material hay en cada saquito? \u00a0 Los saquitos sensoriales est\u00e1n cerrados con doble costura para\u2026","rel":"","context":"Entrada similar","block_context":{"text":"Entrada similar","link":""},"img":{"alt_text":"saquitos sensoriales","src":"https:\/\/i0.wp.com\/diverkion.com\/wp-content\/uploads\/2023\/02\/SAQUETS-SENSORIALS.jpg?fit=500%2C500&ssl=1&resize=350%2C200","width":350,"height":200},"classes":[]}],"jetpack_sharing_enabled":true,"_links":{"self":[{"href":"https:\/\/diverkion.com\/ca\/wp-json\/wp\/v2\/product\/1678","targetHints":{"allow":["GET"]}}],"collection":[{"href":"https:\/\/diverkion.com\/ca\/wp-json\/wp\/v2\/product"}],"about":[{"href":"https:\/\/diverkion.com\/ca\/wp-json\/wp\/v2\/types\/product"}],"replies":[{"embeddable":true,"href":"https:\/\/diverkion.com\/ca\/wp-json\/wp\/v2\/comments?post=1678"}],"wp:featuredmedia":[{"embeddable":true,"href":"https:\/\/diverkion.com\/ca\/wp-json\/wp\/v2\/media\/2228"}],"wp:attachment":[{"href":"https:\/\/diverkion.com\/ca\/wp-json\/wp\/v2\/media?parent=1678"}],"wp:term":[{"taxonomy":"product_brand","embeddable":true,"href":"https:\/\/diverkion.com\/ca\/wp-json\/wp\/v2\/product_brand?post=1678"},{"taxonomy":"product_cat","embeddable":true,"href":"https:\/\/diverkion.com\/ca\/wp-json\/wp\/v2\/product_cat?post=1678"},{"taxonomy":"product_tag","embeddable":true,"href":"https:\/\/diverkion.com\/ca\/wp-json\/wp\/v2\/product_tag?post=1678"}],"curies":[{"name":"wp","href":"https:\/\/api.w.org\/{rel}","templated":true}]}}