{"id":1630,"date":"2022-03-02T16:20:00","date_gmt":"2022-03-02T15:20:00","guid":{"rendered":"https:\/\/diverkion.com\/?post_type=product&#038;p=1630"},"modified":"2023-05-03T21:40:04","modified_gmt":"2023-05-03T20:40:04","slug":"panuelo-pikler","status":"publish","type":"product","link":"https:\/\/diverkion.com\/ca\/producte\/panuelo-pikler\/","title":{"rendered":"Mocador Pikler"},"content":{"rendered":"<p>El mocador Pikler \u00e9s un mocador de tela que pot ser negre o vermell amb topets blancs, ja que aquests s\u00f3n els primers colors que perceben els nadons.<\/p>\n<p>Aix\u00f2 proporciona contrasts per captar i estimular la vista i atenci\u00f3 del nad\u00f3.<\/p>\n<p>Aquest article \u00e9s considerat per Emmi Pikler, precursora de la pedagogia del moviment lliure, com la primera joguina d'un nad\u00f3. Es pot presentar a partir dels 3-4 mesos quan comencem a deixar el nad\u00f3 a terra i interactua amb altres objectes.<\/p>\n<p>El mocador es col\u00b7loca a l'abast del nad\u00f3 en forma de muntanya per tal de facilitar que el vegi i el pugui agafar tot sol.<\/p>\n<p>La seva textura permet que sigui una joguina molt f\u00e0cil i segura de manipular pel nad\u00f3 per tal que el pugui agafar, mirar, tirar, xuclar, etc. Els topets blancs, gr\u00e0cies al contrast de colors i formes, tenen com a objectiu l'estimulaci\u00f3 visual.<\/p>\n<p>El mocador Pikler \u00e9s un article molt simple, amb moltes possibilitats i que esdev\u00e9 un complement perfecte per la panera dels tresors.<\/p>","protected":false},"excerpt":{"rendered":"<p>El pa\u00f1uelo Pikler es un pa\u00f1uelo de tela que puede ser negro o rojo con topos blancos, ya que estos son los primeros colores que perciben los beb\u00e9s. Esto proporciona contrastes para captar y estimular la vista y atenci\u00f3n del beb\u00e9. Este art\u00edculo es considerado por Emmi Pikler, precursora de&hellip; <\/p>","protected":false},"featured_media":2075,"comment_status":"open","ping_status":"closed","template":"","meta":[],"product_brand":[],"product_cat":[27],"product_tag":[213,106,210,187,94,96],"class_list":{"0":"post-1630","1":"product","2":"type-product","3":"status-publish","4":"has-post-thumbnail","6":"product_cat-cestatesoros","7":"product_tag-algodon","8":"product_tag-color","9":"product_tag-oekotex","10":"product_tag-pikler","11":"product_tag-ropa","12":"product_tag-sensorial","14":"first","15":"instock","16":"shipping-taxable","17":"purchasable","18":"product-type-variable"},"yoast_head":"<!-- This site is optimized with the Yoast SEO plugin v27.4 - https:\/\/yoast.com\/product\/yoast-seo-wordpress\/ -->\n<title>Pa\u00f1uelo Pikler - DIVERKION.COM<\/title>\n<meta name=\"description\" content=\"El pa\u00f1uelo Pikler proporciona contrastes para estimular la vista y atenci\u00f3n del beb\u00e9 y se coloca al alcance del beb\u00e9 en forma de monta\u00f1a as\u00ed se facilitar que lo vea y lo pueda alcanzar por s\u00ed mismo.\" \/>\n<meta name=\"robots\" content=\"index, follow, max-snippet:-1, max-image-preview:large, max-video-preview:-1\" \/>\n<link rel=\"canonical\" href=\"https:\/\/diverkion.com\/ca\/producte\/panuelo-pikler\/\" \/>\n<meta property=\"og:locale\" content=\"ca_ES\" \/>\n<meta property=\"og:type\" content=\"article\" \/>\n<meta property=\"og:title\" content=\"Pa\u00f1uelo Pikler - DIVERKION.COM\" \/>\n<meta property=\"og:description\" content=\"El pa\u00f1uelo Pikler proporciona contrastes para estimular la vista y atenci\u00f3n del beb\u00e9 y se coloca al alcance del beb\u00e9 en forma de monta\u00f1a as\u00ed se facilitar que lo vea y lo pueda alcanzar por s\u00ed mismo.\" \/>\n<meta property=\"og:url\" content=\"https:\/\/diverkion.com\/ca\/producte\/panuelo-pikler\/\" \/>\n<meta property=\"og:site_name\" content=\"DIVERKION.COM\" \/>\n<meta property=\"article:publisher\" content=\"https:\/\/www.facebook.com\/Diverkion-113642764558588\" \/>\n<meta property=\"article:modified_time\" content=\"2023-05-03T20:40:04+00:00\" \/>\n<meta property=\"og:image\" content=\"https:\/\/diverkion.com\/wp-content\/uploads\/2022\/03\/MOPI-2-COLORS.jpg\" \/>\n\t<meta property=\"og:image:width\" content=\"500\" \/>\n\t<meta property=\"og:image:height\" content=\"500\" \/>\n\t<meta property=\"og:image:type\" content=\"image\/jpeg\" \/>\n<meta name=\"twitter:card\" content=\"summary_large_image\" \/>\n<meta name=\"twitter:label1\" content=\"Temps estimat de lectura\" \/>\n\t<meta name=\"twitter:data1\" content=\"1 minut\" \/>\n<script type=\"application\/ld+json\" class=\"yoast-schema-graph\">{\"@context\":\"https:\\\/\\\/schema.org\",\"@graph\":[{\"@type\":\"WebPage\",\"@id\":\"https:\\\/\\\/diverkion.com\\\/producto\\\/panuelo-pikler\\\/\",\"url\":\"https:\\\/\\\/diverkion.com\\\/producto\\\/panuelo-pikler\\\/\",\"name\":\"Pa\u00f1uelo Pikler - DIVERKION.COM\",\"isPartOf\":{\"@id\":\"https:\\\/\\\/diverkion.com\\\/#website\"},\"primaryImageOfPage\":{\"@id\":\"https:\\\/\\\/diverkion.com\\\/producto\\\/panuelo-pikler\\\/#primaryimage\"},\"image\":{\"@id\":\"https:\\\/\\\/diverkion.com\\\/producto\\\/panuelo-pikler\\\/#primaryimage\"},\"thumbnailUrl\":\"https:\\\/\\\/i0.wp.com\\\/diverkion.com\\\/wp-content\\\/uploads\\\/2022\\\/03\\\/MOPI-2-COLORS.jpg?fit=500%2C500&ssl=1\",\"datePublished\":\"2022-03-02T15:20:00+00:00\",\"dateModified\":\"2023-05-03T20:40:04+00:00\",\"description\":\"El pa\u00f1uelo Pikler proporciona contrastes para estimular la vista y atenci\u00f3n del beb\u00e9 y se coloca al alcance del beb\u00e9 en forma de monta\u00f1a as\u00ed se facilitar que lo vea y lo pueda alcanzar por s\u00ed mismo.\",\"breadcrumb\":{\"@id\":\"https:\\\/\\\/diverkion.com\\\/producto\\\/panuelo-pikler\\\/#breadcrumb\"},\"inLanguage\":\"ca\",\"potentialAction\":[{\"@type\":\"ReadAction\",\"target\":[\"https:\\\/\\\/diverkion.com\\\/producto\\\/panuelo-pikler\\\/\"]}]},{\"@type\":\"ImageObject\",\"inLanguage\":\"ca\",\"@id\":\"https:\\\/\\\/diverkion.com\\\/producto\\\/panuelo-pikler\\\/#primaryimage\",\"url\":\"https:\\\/\\\/i0.wp.com\\\/diverkion.com\\\/wp-content\\\/uploads\\\/2022\\\/03\\\/MOPI-2-COLORS.jpg?fit=500%2C500&ssl=1\",\"contentUrl\":\"https:\\\/\\\/i0.wp.com\\\/diverkion.com\\\/wp-content\\\/uploads\\\/2022\\\/03\\\/MOPI-2-COLORS.jpg?fit=500%2C500&ssl=1\",\"width\":500,\"height\":500,\"caption\":\"Pa\u00f1uelo pikler\"},{\"@type\":\"BreadcrumbList\",\"@id\":\"https:\\\/\\\/diverkion.com\\\/producto\\\/panuelo-pikler\\\/#breadcrumb\",\"itemListElement\":[{\"@type\":\"ListItem\",\"position\":1,\"name\":\"Portada\",\"item\":\"https:\\\/\\\/diverkion.com\\\/\"},{\"@type\":\"ListItem\",\"position\":2,\"name\":\"Productos\",\"item\":\"https:\\\/\\\/diverkion.com\\\/productos\\\/\"},{\"@type\":\"ListItem\",\"position\":3,\"name\":\"Pa\u00f1uelo Pikler\"}]},{\"@type\":\"WebSite\",\"@id\":\"https:\\\/\\\/diverkion.com\\\/#website\",\"url\":\"https:\\\/\\\/diverkion.com\\\/\",\"name\":\"DIVERKION.COM\",\"description\":\"DIVERKION\",\"publisher\":{\"@id\":\"https:\\\/\\\/diverkion.com\\\/#organization\"},\"potentialAction\":[{\"@type\":\"SearchAction\",\"target\":{\"@type\":\"EntryPoint\",\"urlTemplate\":\"https:\\\/\\\/diverkion.com\\\/?s={search_term_string}\"},\"query-input\":{\"@type\":\"PropertyValueSpecification\",\"valueRequired\":true,\"valueName\":\"search_term_string\"}}],\"inLanguage\":\"ca\"},{\"@type\":\"Organization\",\"@id\":\"https:\\\/\\\/diverkion.com\\\/#organization\",\"name\":\"DIVERKION.COM\",\"url\":\"https:\\\/\\\/diverkion.com\\\/\",\"logo\":{\"@type\":\"ImageObject\",\"inLanguage\":\"ca\",\"@id\":\"https:\\\/\\\/diverkion.com\\\/#\\\/schema\\\/logo\\\/image\\\/\",\"url\":\"https:\\\/\\\/i0.wp.com\\\/diverkion.com\\\/wp-content\\\/uploads\\\/2022\\\/07\\\/LOGO-1-NOU.jpg?fit=1600%2C572&ssl=1\",\"contentUrl\":\"https:\\\/\\\/i0.wp.com\\\/diverkion.com\\\/wp-content\\\/uploads\\\/2022\\\/07\\\/LOGO-1-NOU.jpg?fit=1600%2C572&ssl=1\",\"width\":1600,\"height\":572,\"caption\":\"DIVERKION.COM\"},\"image\":{\"@id\":\"https:\\\/\\\/diverkion.com\\\/#\\\/schema\\\/logo\\\/image\\\/\"},\"sameAs\":[\"https:\\\/\\\/www.facebook.com\\\/Diverkion-113642764558588\",\"https:\\\/\\\/www.instagram.com\\\/diver_kion\\\/\"]}]}<\/script>\n<!-- \/ Yoast SEO plugin. -->","yoast_head_json":{"title":"Pa\u00f1uelo Pikler - DIVERKION.COM","description":"El pa\u00f1uelo Pikler proporciona contrastes para estimular la vista y atenci\u00f3n del beb\u00e9 y se coloca al alcance del beb\u00e9 en forma de monta\u00f1a as\u00ed se facilitar que lo vea y lo pueda alcanzar por s\u00ed mismo.","robots":{"index":"index","follow":"follow","max-snippet":"max-snippet:-1","max-image-preview":"max-image-preview:large","max-video-preview":"max-video-preview:-1"},"canonical":"https:\/\/diverkion.com\/ca\/producte\/panuelo-pikler\/","og_locale":"ca_ES","og_type":"article","og_title":"Pa\u00f1uelo Pikler - DIVERKION.COM","og_description":"El pa\u00f1uelo Pikler proporciona contrastes para estimular la vista y atenci\u00f3n del beb\u00e9 y se coloca al alcance del beb\u00e9 en forma de monta\u00f1a as\u00ed se facilitar que lo vea y lo pueda alcanzar por s\u00ed mismo.","og_url":"https:\/\/diverkion.com\/ca\/producte\/panuelo-pikler\/","og_site_name":"DIVERKION.COM","article_publisher":"https:\/\/www.facebook.com\/Diverkion-113642764558588","article_modified_time":"2023-05-03T20:40:04+00:00","og_image":[{"width":500,"height":500,"url":"https:\/\/diverkion.com\/wp-content\/uploads\/2022\/03\/MOPI-2-COLORS.jpg","type":"image\/jpeg"}],"twitter_card":"summary_large_image","twitter_misc":{"Temps estimat de lectura":"1 minut"},"schema":{"@context":"https:\/\/schema.org","@graph":[{"@type":"WebPage","@id":"https:\/\/diverkion.com\/producto\/panuelo-pikler\/","url":"https:\/\/diverkion.com\/producto\/panuelo-pikler\/","name":"Pa\u00f1uelo Pikler - DIVERKION.COM","isPartOf":{"@id":"https:\/\/diverkion.com\/#website"},"primaryImageOfPage":{"@id":"https:\/\/diverkion.com\/producto\/panuelo-pikler\/#primaryimage"},"image":{"@id":"https:\/\/diverkion.com\/producto\/panuelo-pikler\/#primaryimage"},"thumbnailUrl":"https:\/\/i0.wp.com\/diverkion.com\/wp-content\/uploads\/2022\/03\/MOPI-2-COLORS.jpg?fit=500%2C500&ssl=1","datePublished":"2022-03-02T15:20:00+00:00","dateModified":"2023-05-03T20:40:04+00:00","description":"El pa\u00f1uelo Pikler proporciona contrastes para estimular la vista y atenci\u00f3n del beb\u00e9 y se coloca al alcance del beb\u00e9 en forma de monta\u00f1a as\u00ed se facilitar que lo vea y lo pueda alcanzar por s\u00ed mismo.","breadcrumb":{"@id":"https:\/\/diverkion.com\/producto\/panuelo-pikler\/#breadcrumb"},"inLanguage":"ca","potentialAction":[{"@type":"ReadAction","target":["https:\/\/diverkion.com\/producto\/panuelo-pikler\/"]}]},{"@type":"ImageObject","inLanguage":"ca","@id":"https:\/\/diverkion.com\/producto\/panuelo-pikler\/#primaryimage","url":"https:\/\/i0.wp.com\/diverkion.com\/wp-content\/uploads\/2022\/03\/MOPI-2-COLORS.jpg?fit=500%2C500&ssl=1","contentUrl":"https:\/\/i0.wp.com\/diverkion.com\/wp-content\/uploads\/2022\/03\/MOPI-2-COLORS.jpg?fit=500%2C500&ssl=1","width":500,"height":500,"caption":"Pa\u00f1uelo pikler"},{"@type":"BreadcrumbList","@id":"https:\/\/diverkion.com\/producto\/panuelo-pikler\/#breadcrumb","itemListElement":[{"@type":"ListItem","position":1,"name":"Portada","item":"https:\/\/diverkion.com\/"},{"@type":"ListItem","position":2,"name":"Productos","item":"https:\/\/diverkion.com\/productos\/"},{"@type":"ListItem","position":3,"name":"Pa\u00f1uelo Pikler"}]},{"@type":"WebSite","@id":"https:\/\/diverkion.com\/#website","url":"https:\/\/diverkion.com\/","name":"DIVERKION.COM","description":"DIVERKION","publisher":{"@id":"https:\/\/diverkion.com\/#organization"},"potentialAction":[{"@type":"SearchAction","target":{"@type":"EntryPoint","urlTemplate":"https:\/\/diverkion.com\/?s={search_term_string}"},"query-input":{"@type":"PropertyValueSpecification","valueRequired":true,"valueName":"search_term_string"}}],"inLanguage":"ca"},{"@type":"Organization","@id":"https:\/\/diverkion.com\/#organization","name":"DIVERKION.COM","url":"https:\/\/diverkion.com\/","logo":{"@type":"ImageObject","inLanguage":"ca","@id":"https:\/\/diverkion.com\/#\/schema\/logo\/image\/","url":"https:\/\/i0.wp.com\/diverkion.com\/wp-content\/uploads\/2022\/07\/LOGO-1-NOU.jpg?fit=1600%2C572&ssl=1","contentUrl":"https:\/\/i0.wp.com\/diverkion.com\/wp-content\/uploads\/2022\/07\/LOGO-1-NOU.jpg?fit=1600%2C572&ssl=1","width":1600,"height":572,"caption":"DIVERKION.COM"},"image":{"@id":"https:\/\/diverkion.com\/#\/schema\/logo\/image\/"},"sameAs":["https:\/\/www.facebook.com\/Diverkion-113642764558588","https:\/\/www.instagram.com\/diver_kion\/"]}]}},"jetpack-related-posts":[{"id":1794,"url":"https:\/\/diverkion.com\/ca\/producte\/pelota-pikler-2\/","url_meta":{"origin":1630,"position":0},"title":"Pilota Pikler 7 cm","author":"diveradmin","date":"0909\/0909\/amamamam","format":false,"excerpt":"Uno de los juguetes por excelencia para beb\u00e9s. La pelota Pikler. Inspirada en el trabajo de Emmi Pikler sobre el desarrollo psicomotriz de los beb\u00e9s. Ideal para ellos al ser de f\u00e1cil agarre, ligera y con muchas posibilidades. Con ella tu beb\u00e9 podr\u00e1 trabajar la capacidad de pasar un objeto\u2026","rel":"","context":"Entrada similar","block_context":{"text":"Entrada similar","link":""},"img":{"alt_text":"Pelota Pikler","src":"https:\/\/i0.wp.com\/diverkion.com\/wp-content\/uploads\/2022\/09\/PILOTA-PIKLER.jpg?fit=500%2C500&ssl=1&resize=350%2C200","width":350,"height":200},"classes":[]},{"id":1792,"url":"https:\/\/diverkion.com\/ca\/producte\/pelota-pikler\/","url_meta":{"origin":1630,"position":1},"title":"Pilota Pikler 10 cm","author":"diveradmin","date":"0909\/0909\/amamamam","format":false,"excerpt":"Uno de los juguetes por excelencia para beb\u00e9s. La pelota Pikler. Inspirada en el trabajo de Emmi Pikler sobre el desarrollo psicomotriz de los beb\u00e9s. Ideal para ellos al ser de f\u00e1cil agarre, ligera y con muchas posibilidades. Con ella tu beb\u00e9 podr\u00e1 trabajar la capacidad de pasar un objeto\u2026","rel":"","context":"Entrada similar","block_context":{"text":"Entrada similar","link":""},"img":{"alt_text":"Pelota Pikler","src":"https:\/\/i0.wp.com\/diverkion.com\/wp-content\/uploads\/2022\/09\/PILOTA-PIKLER.jpg?fit=500%2C500&ssl=1&resize=350%2C200","width":350,"height":200},"classes":[]},{"id":3795,"url":"https:\/\/diverkion.com\/ca\/producte\/cesta-de-los-tesoros-crear\/","url_meta":{"origin":1630,"position":2},"title":"Cesta de los tesoros CREAR","author":"diveradmin","date":"2121\/0909\/amamamam","format":false,"excerpt":"Cuando los beb\u00e9s comienzan a explorar, todo se convierte en un descubrimiento: el tacto de un tejido, el sonido de un objeto met\u00e1lico, la temperatura de la madera al contacto con sus manos. Cada peque\u00f1a experiencia es un aprendizaje, y la cesta de los tesoros CREAR\u00a0est\u00e1 dise\u00f1ada para ofrecer precisamente\u2026","rel":"","context":"Entrada similar","block_context":{"text":"Entrada similar","link":""},"img":{"alt_text":"Cesta de los tesoros CREAR","src":"https:\/\/i0.wp.com\/diverkion.com\/wp-content\/uploads\/2025\/09\/DIVERCESTA-CREAR.jpg?fit=500%2C500&ssl=1&resize=350%2C200","width":350,"height":200},"classes":[]},{"id":3783,"url":"https:\/\/diverkion.com\/ca\/producte\/cesta-de-los-tesoros-tocar\/","url_meta":{"origin":1630,"position":3},"title":"Cesta de los tesoros TOCAR","author":"diveradmin","date":"2121\/0909\/amamamam","format":false,"excerpt":"Cuando los beb\u00e9s comienzan a explorar, todo se convierte en un descubrimiento: el tacto de un tejido, el sonido de un objeto met\u00e1lico, la temperatura de la madera al contacto con sus manos. Cada peque\u00f1a experiencia es un aprendizaje, y la cesta de los tesoros TOCAR\u00a0est\u00e1 dise\u00f1ada para ofrecer precisamente\u2026","rel":"","context":"Entrada similar","block_context":{"text":"Entrada similar","link":""},"img":{"alt_text":"cesta de los tesoros TOCAR","src":"https:\/\/i0.wp.com\/diverkion.com\/wp-content\/uploads\/2025\/09\/DIVERCESTA-TOCAR.jpg?fit=500%2C500&ssl=1&resize=350%2C200","width":350,"height":200},"classes":[]},{"id":3771,"url":"https:\/\/diverkion.com\/ca\/producte\/cesta-de-los-tesoros-sentir\/","url_meta":{"origin":1630,"position":4},"title":"Cesta de los tesoros SENTIR","author":"diveradmin","date":"2121\/0909\/amamamam","format":false,"excerpt":"Cuando los beb\u00e9s comienzan a explorar, todo se convierte en un descubrimiento: el tacto de un tejido, el sonido de un objeto met\u00e1lico, la temperatura de la madera al contacto con sus manos. Cada peque\u00f1a experiencia es un aprendizaje, y la cesta de los tesoros SENTIR\u00a0est\u00e1 dise\u00f1ada para ofrecer precisamente\u2026","rel":"","context":"Entrada similar","block_context":{"text":"Entrada similar","link":""},"img":{"alt_text":"Cesta de los tesoros SENTIR","src":"https:\/\/i0.wp.com\/diverkion.com\/wp-content\/uploads\/2025\/09\/DIVERCESTA-SENTIR.jpg?fit=500%2C500&ssl=1&resize=350%2C200","width":350,"height":200},"classes":[]},{"id":3759,"url":"https:\/\/diverkion.com\/ca\/producte\/cesta-de-los-tesoros-mirar\/","url_meta":{"origin":1630,"position":5},"title":"Cesta de los tesoros MIRAR","author":"diveradmin","date":"2121\/0909\/amamamam","format":false,"excerpt":"Cuando los beb\u00e9s comienzan a explorar, todo se convierte en un descubrimiento: el tacto de un tejido, el sonido de un objeto met\u00e1lico, la temperatura de la madera al contacto con sus manos. Cada peque\u00f1a experiencia es un aprendizaje, y la cesta de los tesoros MIRAR est\u00e1 dise\u00f1ada para ofrecer\u2026","rel":"","context":"Entrada similar","block_context":{"text":"Entrada similar","link":""},"img":{"alt_text":"cesta de los tesoros MIRAR","src":"https:\/\/i0.wp.com\/diverkion.com\/wp-content\/uploads\/2025\/09\/DIVERCESTA-MIRAR.jpg?fit=500%2C500&ssl=1&resize=350%2C200","width":350,"height":200},"classes":[]}],"jetpack_sharing_enabled":true,"_links":{"self":[{"href":"https:\/\/diverkion.com\/ca\/wp-json\/wp\/v2\/product\/1630","targetHints":{"allow":["GET"]}}],"collection":[{"href":"https:\/\/diverkion.com\/ca\/wp-json\/wp\/v2\/product"}],"about":[{"href":"https:\/\/diverkion.com\/ca\/wp-json\/wp\/v2\/types\/product"}],"replies":[{"embeddable":true,"href":"https:\/\/diverkion.com\/ca\/wp-json\/wp\/v2\/comments?post=1630"}],"wp:featuredmedia":[{"embeddable":true,"href":"https:\/\/diverkion.com\/ca\/wp-json\/wp\/v2\/media\/2075"}],"wp:attachment":[{"href":"https:\/\/diverkion.com\/ca\/wp-json\/wp\/v2\/media?parent=1630"}],"wp:term":[{"taxonomy":"product_brand","embeddable":true,"href":"https:\/\/diverkion.com\/ca\/wp-json\/wp\/v2\/product_brand?post=1630"},{"taxonomy":"product_cat","embeddable":true,"href":"https:\/\/diverkion.com\/ca\/wp-json\/wp\/v2\/product_cat?post=1630"},{"taxonomy":"product_tag","embeddable":true,"href":"https:\/\/diverkion.com\/ca\/wp-json\/wp\/v2\/product_tag?post=1630"}],"curies":[{"name":"wp","href":"https:\/\/api.w.org\/{rel}","templated":true}]}}