{"id":1323,"date":"2022-02-08T22:30:03","date_gmt":"2022-02-08T21:30:03","guid":{"rendered":"https:\/\/diverkion.com\/?post_type=product&#038;p=1323"},"modified":"2025-09-20T08:03:07","modified_gmt":"2025-09-20T07:03:07","slug":"sonajero-de-mimbre","status":"publish","type":"product","link":"https:\/\/diverkion.com\/ca\/producte\/sonajero-de-mimbre\/","title":{"rendered":"Sonall de jonc"},"content":{"rendered":"<p>El sonajero de junco, inspirado en el trabajo de Emmi Pikler, nos propone una opci\u00f3n de juego muy interesante por sus cualidades; <strong>lleuger, amb f\u00e0cil subjecci\u00f3, amb textura i so suau i alhora estimulant.<\/strong>.<\/p>\n<p>El sonall \u00e9s un gran company per al desenvolupament de les habilitats i sentits del nad\u00f3, des dels primers mesos. Gr\u00e0cies a les seves qualitats <strong>ens permet estimular una gran varietat de sentits com l'o\u00efda, el tacte, el gust i les seves capacitats com la motricitat fina o causa-efecte.<\/strong>.<\/p>\n<p>El sonajero de junco es un material muy simple, con muchas posibilidades y que es un complemento perfecto para la cesta de los tesoros.<\/p>","protected":false},"excerpt":{"rendered":"<p>El sonajero de junco, inspirado en el trabajo de Emmi Pikler, nos propone una opci\u00f3n de juego muy interesante por sus cualidades; ligero, con f\u00e1cil agarre, con textura y sonido suave y a la vez estimulante. El sonajero es un gran compa\u00f1ero para el desarrollo de las habilidades y sentidos&hellip; <\/p>","protected":false},"featured_media":1324,"comment_status":"open","ping_status":"closed","template":"","meta":[],"product_brand":[],"product_cat":[27],"product_tag":[92,96],"class_list":{"0":"post-1323","1":"product","2":"type-product","3":"status-publish","4":"has-post-thumbnail","6":"product_cat-cestatesoros","7":"product_tag-madera","8":"product_tag-sensorial","10":"first","11":"instock","12":"shipping-taxable","13":"purchasable","14":"product-type-simple"},"yoast_head":"<!-- This site is optimized with the Yoast SEO plugin v27.4 - https:\/\/yoast.com\/product\/yoast-seo-wordpress\/ -->\n<title>Sonajero de junco - DIVERKION.COM<\/title>\n<meta name=\"description\" content=\"El sonajero de mimbre nos propone una opci\u00f3n de juego muy interesante por sus cualidades; ligero, con f\u00e1cil agarre, con textura y sonido suave y a la vez estimulante. Gracias a sus cualidades nos permite estimular una gran variedad de sentidos a nuestro beb\u00e9.\" \/>\n<meta name=\"robots\" content=\"index, follow, max-snippet:-1, max-image-preview:large, max-video-preview:-1\" \/>\n<link rel=\"canonical\" href=\"https:\/\/diverkion.com\/ca\/producte\/sonajero-de-mimbre\/\" \/>\n<meta property=\"og:locale\" content=\"ca_ES\" \/>\n<meta property=\"og:type\" content=\"article\" \/>\n<meta property=\"og:title\" content=\"Sonajero de junco - DIVERKION.COM\" \/>\n<meta property=\"og:description\" content=\"El sonajero de mimbre nos propone una opci\u00f3n de juego muy interesante por sus cualidades; ligero, con f\u00e1cil agarre, con textura y sonido suave y a la vez estimulante. Gracias a sus cualidades nos permite estimular una gran variedad de sentidos a nuestro beb\u00e9.\" \/>\n<meta property=\"og:url\" content=\"https:\/\/diverkion.com\/ca\/producte\/sonajero-de-mimbre\/\" \/>\n<meta property=\"og:site_name\" content=\"DIVERKION.COM\" \/>\n<meta property=\"article:publisher\" content=\"https:\/\/www.facebook.com\/Diverkion-113642764558588\" \/>\n<meta property=\"article:modified_time\" content=\"2025-09-20T07:03:07+00:00\" \/>\n<meta property=\"og:image\" content=\"https:\/\/diverkion.com\/wp-content\/uploads\/2022\/02\/SOVI-1.jpg\" \/>\n\t<meta property=\"og:image:width\" content=\"500\" \/>\n\t<meta property=\"og:image:height\" content=\"500\" \/>\n\t<meta property=\"og:image:type\" content=\"image\/jpeg\" \/>\n<meta name=\"twitter:card\" content=\"summary_large_image\" \/>\n<meta name=\"twitter:label1\" content=\"Temps estimat de lectura\" \/>\n\t<meta name=\"twitter:data1\" content=\"1 minut\" \/>\n<script type=\"application\/ld+json\" class=\"yoast-schema-graph\">{\"@context\":\"https:\\\/\\\/schema.org\",\"@graph\":[{\"@type\":\"WebPage\",\"@id\":\"https:\\\/\\\/diverkion.com\\\/producto\\\/sonajero-de-mimbre\\\/\",\"url\":\"https:\\\/\\\/diverkion.com\\\/producto\\\/sonajero-de-mimbre\\\/\",\"name\":\"Sonajero de junco - DIVERKION.COM\",\"isPartOf\":{\"@id\":\"https:\\\/\\\/diverkion.com\\\/#website\"},\"primaryImageOfPage\":{\"@id\":\"https:\\\/\\\/diverkion.com\\\/producto\\\/sonajero-de-mimbre\\\/#primaryimage\"},\"image\":{\"@id\":\"https:\\\/\\\/diverkion.com\\\/producto\\\/sonajero-de-mimbre\\\/#primaryimage\"},\"thumbnailUrl\":\"https:\\\/\\\/i0.wp.com\\\/diverkion.com\\\/wp-content\\\/uploads\\\/2022\\\/02\\\/SOVI-1.jpg?fit=500%2C500&ssl=1\",\"datePublished\":\"2022-02-08T21:30:03+00:00\",\"dateModified\":\"2025-09-20T07:03:07+00:00\",\"description\":\"El sonajero de mimbre nos propone una opci\u00f3n de juego muy interesante por sus cualidades; ligero, con f\u00e1cil agarre, con textura y sonido suave y a la vez estimulante. Gracias a sus cualidades nos permite estimular una gran variedad de sentidos a nuestro beb\u00e9.\",\"breadcrumb\":{\"@id\":\"https:\\\/\\\/diverkion.com\\\/producto\\\/sonajero-de-mimbre\\\/#breadcrumb\"},\"inLanguage\":\"ca\",\"potentialAction\":[{\"@type\":\"ReadAction\",\"target\":[\"https:\\\/\\\/diverkion.com\\\/producto\\\/sonajero-de-mimbre\\\/\"]}]},{\"@type\":\"ImageObject\",\"inLanguage\":\"ca\",\"@id\":\"https:\\\/\\\/diverkion.com\\\/producto\\\/sonajero-de-mimbre\\\/#primaryimage\",\"url\":\"https:\\\/\\\/i0.wp.com\\\/diverkion.com\\\/wp-content\\\/uploads\\\/2022\\\/02\\\/SOVI-1.jpg?fit=500%2C500&ssl=1\",\"contentUrl\":\"https:\\\/\\\/i0.wp.com\\\/diverkion.com\\\/wp-content\\\/uploads\\\/2022\\\/02\\\/SOVI-1.jpg?fit=500%2C500&ssl=1\",\"width\":500,\"height\":500,\"caption\":\"sonajero de mimbre\"},{\"@type\":\"BreadcrumbList\",\"@id\":\"https:\\\/\\\/diverkion.com\\\/producto\\\/sonajero-de-mimbre\\\/#breadcrumb\",\"itemListElement\":[{\"@type\":\"ListItem\",\"position\":1,\"name\":\"Portada\",\"item\":\"https:\\\/\\\/diverkion.com\\\/\"},{\"@type\":\"ListItem\",\"position\":2,\"name\":\"Productos\",\"item\":\"https:\\\/\\\/diverkion.com\\\/productos\\\/\"},{\"@type\":\"ListItem\",\"position\":3,\"name\":\"Sonajero de junco\"}]},{\"@type\":\"WebSite\",\"@id\":\"https:\\\/\\\/diverkion.com\\\/#website\",\"url\":\"https:\\\/\\\/diverkion.com\\\/\",\"name\":\"DIVERKION.COM\",\"description\":\"DIVERKION\",\"publisher\":{\"@id\":\"https:\\\/\\\/diverkion.com\\\/#organization\"},\"potentialAction\":[{\"@type\":\"SearchAction\",\"target\":{\"@type\":\"EntryPoint\",\"urlTemplate\":\"https:\\\/\\\/diverkion.com\\\/?s={search_term_string}\"},\"query-input\":{\"@type\":\"PropertyValueSpecification\",\"valueRequired\":true,\"valueName\":\"search_term_string\"}}],\"inLanguage\":\"ca\"},{\"@type\":\"Organization\",\"@id\":\"https:\\\/\\\/diverkion.com\\\/#organization\",\"name\":\"DIVERKION.COM\",\"url\":\"https:\\\/\\\/diverkion.com\\\/\",\"logo\":{\"@type\":\"ImageObject\",\"inLanguage\":\"ca\",\"@id\":\"https:\\\/\\\/diverkion.com\\\/#\\\/schema\\\/logo\\\/image\\\/\",\"url\":\"https:\\\/\\\/i0.wp.com\\\/diverkion.com\\\/wp-content\\\/uploads\\\/2022\\\/07\\\/LOGO-1-NOU.jpg?fit=1600%2C572&ssl=1\",\"contentUrl\":\"https:\\\/\\\/i0.wp.com\\\/diverkion.com\\\/wp-content\\\/uploads\\\/2022\\\/07\\\/LOGO-1-NOU.jpg?fit=1600%2C572&ssl=1\",\"width\":1600,\"height\":572,\"caption\":\"DIVERKION.COM\"},\"image\":{\"@id\":\"https:\\\/\\\/diverkion.com\\\/#\\\/schema\\\/logo\\\/image\\\/\"},\"sameAs\":[\"https:\\\/\\\/www.facebook.com\\\/Diverkion-113642764558588\",\"https:\\\/\\\/www.instagram.com\\\/diver_kion\\\/\"]}]}<\/script>\n<!-- \/ Yoast SEO plugin. -->","yoast_head_json":{"title":"Sonajero de junco - DIVERKION.COM","description":"El sonajero de mimbre nos propone una opci\u00f3n de juego muy interesante por sus cualidades; ligero, con f\u00e1cil agarre, con textura y sonido suave y a la vez estimulante. Gracias a sus cualidades nos permite estimular una gran variedad de sentidos a nuestro beb\u00e9.","robots":{"index":"index","follow":"follow","max-snippet":"max-snippet:-1","max-image-preview":"max-image-preview:large","max-video-preview":"max-video-preview:-1"},"canonical":"https:\/\/diverkion.com\/ca\/producte\/sonajero-de-mimbre\/","og_locale":"ca_ES","og_type":"article","og_title":"Sonajero de junco - DIVERKION.COM","og_description":"El sonajero de mimbre nos propone una opci\u00f3n de juego muy interesante por sus cualidades; ligero, con f\u00e1cil agarre, con textura y sonido suave y a la vez estimulante. Gracias a sus cualidades nos permite estimular una gran variedad de sentidos a nuestro beb\u00e9.","og_url":"https:\/\/diverkion.com\/ca\/producte\/sonajero-de-mimbre\/","og_site_name":"DIVERKION.COM","article_publisher":"https:\/\/www.facebook.com\/Diverkion-113642764558588","article_modified_time":"2025-09-20T07:03:07+00:00","og_image":[{"width":500,"height":500,"url":"https:\/\/diverkion.com\/wp-content\/uploads\/2022\/02\/SOVI-1.jpg","type":"image\/jpeg"}],"twitter_card":"summary_large_image","twitter_misc":{"Temps estimat de lectura":"1 minut"},"schema":{"@context":"https:\/\/schema.org","@graph":[{"@type":"WebPage","@id":"https:\/\/diverkion.com\/producto\/sonajero-de-mimbre\/","url":"https:\/\/diverkion.com\/producto\/sonajero-de-mimbre\/","name":"Sonajero de junco - DIVERKION.COM","isPartOf":{"@id":"https:\/\/diverkion.com\/#website"},"primaryImageOfPage":{"@id":"https:\/\/diverkion.com\/producto\/sonajero-de-mimbre\/#primaryimage"},"image":{"@id":"https:\/\/diverkion.com\/producto\/sonajero-de-mimbre\/#primaryimage"},"thumbnailUrl":"https:\/\/i0.wp.com\/diverkion.com\/wp-content\/uploads\/2022\/02\/SOVI-1.jpg?fit=500%2C500&ssl=1","datePublished":"2022-02-08T21:30:03+00:00","dateModified":"2025-09-20T07:03:07+00:00","description":"El sonajero de mimbre nos propone una opci\u00f3n de juego muy interesante por sus cualidades; ligero, con f\u00e1cil agarre, con textura y sonido suave y a la vez estimulante. Gracias a sus cualidades nos permite estimular una gran variedad de sentidos a nuestro beb\u00e9.","breadcrumb":{"@id":"https:\/\/diverkion.com\/producto\/sonajero-de-mimbre\/#breadcrumb"},"inLanguage":"ca","potentialAction":[{"@type":"ReadAction","target":["https:\/\/diverkion.com\/producto\/sonajero-de-mimbre\/"]}]},{"@type":"ImageObject","inLanguage":"ca","@id":"https:\/\/diverkion.com\/producto\/sonajero-de-mimbre\/#primaryimage","url":"https:\/\/i0.wp.com\/diverkion.com\/wp-content\/uploads\/2022\/02\/SOVI-1.jpg?fit=500%2C500&ssl=1","contentUrl":"https:\/\/i0.wp.com\/diverkion.com\/wp-content\/uploads\/2022\/02\/SOVI-1.jpg?fit=500%2C500&ssl=1","width":500,"height":500,"caption":"sonajero de mimbre"},{"@type":"BreadcrumbList","@id":"https:\/\/diverkion.com\/producto\/sonajero-de-mimbre\/#breadcrumb","itemListElement":[{"@type":"ListItem","position":1,"name":"Portada","item":"https:\/\/diverkion.com\/"},{"@type":"ListItem","position":2,"name":"Productos","item":"https:\/\/diverkion.com\/productos\/"},{"@type":"ListItem","position":3,"name":"Sonajero de junco"}]},{"@type":"WebSite","@id":"https:\/\/diverkion.com\/#website","url":"https:\/\/diverkion.com\/","name":"DIVERKION.COM","description":"DIVERKION","publisher":{"@id":"https:\/\/diverkion.com\/#organization"},"potentialAction":[{"@type":"SearchAction","target":{"@type":"EntryPoint","urlTemplate":"https:\/\/diverkion.com\/?s={search_term_string}"},"query-input":{"@type":"PropertyValueSpecification","valueRequired":true,"valueName":"search_term_string"}}],"inLanguage":"ca"},{"@type":"Organization","@id":"https:\/\/diverkion.com\/#organization","name":"DIVERKION.COM","url":"https:\/\/diverkion.com\/","logo":{"@type":"ImageObject","inLanguage":"ca","@id":"https:\/\/diverkion.com\/#\/schema\/logo\/image\/","url":"https:\/\/i0.wp.com\/diverkion.com\/wp-content\/uploads\/2022\/07\/LOGO-1-NOU.jpg?fit=1600%2C572&ssl=1","contentUrl":"https:\/\/i0.wp.com\/diverkion.com\/wp-content\/uploads\/2022\/07\/LOGO-1-NOU.jpg?fit=1600%2C572&ssl=1","width":1600,"height":572,"caption":"DIVERKION.COM"},"image":{"@id":"https:\/\/diverkion.com\/#\/schema\/logo\/image\/"},"sameAs":["https:\/\/www.facebook.com\/Diverkion-113642764558588","https:\/\/www.instagram.com\/diver_kion\/"]}]}},"jetpack-related-posts":[{"id":2224,"url":"https:\/\/diverkion.com\/ca\/producte\/platillo-de-junco\/","url_meta":{"origin":1323,"position":0},"title":"Platet de jonc","author":"diveradmin","date":"2828\/1010\/pmpmpmpm","format":false,"excerpt":"El platillo de junco, nos propone una opci\u00f3n de juego muy interesante por sus cualidades; ligero, con f\u00e1cil agarre, con gran textura y a la vez estimulante. El platillo es un gran compa\u00f1ero para el desarrollo de las habilidades y sentidos del beb\u00e9, des de los primeros meses. Gracias a\u2026","rel":"","context":"Entrada similar","block_context":{"text":"Entrada similar","link":""},"img":{"alt_text":"platillo de junco","src":"https:\/\/i0.wp.com\/diverkion.com\/wp-content\/uploads\/2023\/10\/PLATET-JONC-SOBRE.jpg?fit=500%2C500&ssl=1&resize=350%2C200","width":350,"height":200},"classes":[]},{"id":1346,"url":"https:\/\/diverkion.com\/ca\/producte\/sonajero-madera-con-anillas-de-colores\/","url_meta":{"origin":1323,"position":1},"title":"Sonall de fusta amb anelles de colors","author":"diveradmin","date":"1515\/0202\/pmpmpmpm","format":false,"excerpt":"El sonajero de madera con anillas de colores es un material af\u00edn a la metodolog\u00eda Montessori. Tiene m\u00faltiples funciones que se pueden utilizar des de los primeros meses del beb\u00e9. \u00a0Su forma invita a agarrarlo, moverlo, chuparlo y los anillos de colores nos permiten hacer sonido al moverlos. Este sonajero\u2026","rel":"","context":"Entrada similar","block_context":{"text":"Entrada similar","link":""},"img":{"alt_text":"Sonajero de madera con anillas de colores","src":"https:\/\/i0.wp.com\/diverkion.com\/wp-content\/uploads\/2022\/02\/SOANCO-1.jpg?fit=500%2C500&ssl=1&resize=350%2C200","width":350,"height":200},"classes":[]},{"id":1276,"url":"https:\/\/diverkion.com\/ca\/producte\/rodari-de-madera\/","url_meta":{"origin":1323,"position":2},"title":"Rodari de fusta amb cascabell","author":"diveradmin","date":"3030\/0101\/pmpmpmpm","format":false,"excerpt":"El Rodari de madera es un juguete de inspiraci\u00f3n Waldorf, con un dise\u00f1o y est\u00e9tica cuidadas y con muchas posibilidades que lo convierten en un juguete muy duradero; des de los primeros meses del beb\u00e9, hasta que se desplaza libremente. El rodari est\u00e1 pensado para trabajar el desarrollo motor y\u2026","rel":"","context":"Entrada similar","block_context":{"text":"Entrada similar","link":""},"img":{"alt_text":"Rodari de madera","src":"https:\/\/i0.wp.com\/diverkion.com\/wp-content\/uploads\/2022\/01\/ROFU-1.jpg?fit=500%2C500&ssl=1&resize=350%2C200","width":350,"height":200},"classes":[]},{"id":3771,"url":"https:\/\/diverkion.com\/ca\/producte\/cesta-de-los-tesoros-sentir\/","url_meta":{"origin":1323,"position":3},"title":"Cesta de los tesoros SENTIR","author":"diveradmin","date":"2121\/0909\/amamamam","format":false,"excerpt":"Cuando los beb\u00e9s comienzan a explorar, todo se convierte en un descubrimiento: el tacto de un tejido, el sonido de un objeto met\u00e1lico, la temperatura de la madera al contacto con sus manos. Cada peque\u00f1a experiencia es un aprendizaje, y la cesta de los tesoros SENTIR\u00a0est\u00e1 dise\u00f1ada para ofrecer precisamente\u2026","rel":"","context":"Entrada similar","block_context":{"text":"Entrada similar","link":""},"img":{"alt_text":"Cesta de los tesoros SENTIR","src":"https:\/\/i0.wp.com\/diverkion.com\/wp-content\/uploads\/2025\/09\/DIVERCESTA-SENTIR.jpg?fit=500%2C500&ssl=1&resize=350%2C200","width":350,"height":200},"classes":[]},{"id":2328,"url":"https:\/\/diverkion.com\/ca\/producte\/espejito-de-seguridad\/","url_meta":{"origin":1323,"position":4},"title":"Espejito de seguridad","author":"diveradmin","date":"1111\/1212\/pmpmpmpm","format":false,"excerpt":"Espejo irrompible con estructura de madera. Va a proporcionar gran cantidad de est\u00edmulos y diversi\u00f3n a tu beb\u00e9. Sus medidas son 15 x 15 x 1 cm. Reflexi\u00f3n perfecta sin distorsi\u00f3n. El espejito de seguridad es un art\u00edculo muy simple con muchas posibilidades y que es un complemento perfecto para\u2026","rel":"","context":"Entrada similar","block_context":{"text":"Entrada similar","link":""},"img":{"alt_text":"espejito de seguridad","src":"https:\/\/i0.wp.com\/diverkion.com\/wp-content\/uploads\/2022\/03\/MIRALLET-DE-CARA.jpg?fit=500%2C500&ssl=1&resize=350%2C200","width":350,"height":200},"classes":[]},{"id":1726,"url":"https:\/\/diverkion.com\/ca\/producte\/diverballs\/","url_meta":{"origin":1323,"position":5},"title":"Diverballs","author":"diveradmin","date":"2727\/0505\/pmpmpmpm","format":false,"excerpt":"Pack de 6 unidades de pelotas sensoriales de pl\u00e1stico. Una de cada color y con diferente dise\u00f1o. Cada una presenta una forma y textura diferentes. Especialmente dise\u00f1adas para estimular la vista y el tacto de tu beb\u00e9. Adem\u00e1s al presionar la pelota suena, para as\u00ed estimular el o\u00eddo del beb\u00e9.\u2026","rel":"","context":"Entrada similar","block_context":{"text":"Entrada similar","link":""},"img":{"alt_text":"Diverballs","src":"https:\/\/i0.wp.com\/diverkion.com\/wp-content\/uploads\/2023\/10\/DIVERBALLS-2.jpg?fit=500%2C500&ssl=1&resize=350%2C200","width":350,"height":200},"classes":[]}],"jetpack_sharing_enabled":true,"_links":{"self":[{"href":"https:\/\/diverkion.com\/ca\/wp-json\/wp\/v2\/product\/1323","targetHints":{"allow":["GET"]}}],"collection":[{"href":"https:\/\/diverkion.com\/ca\/wp-json\/wp\/v2\/product"}],"about":[{"href":"https:\/\/diverkion.com\/ca\/wp-json\/wp\/v2\/types\/product"}],"replies":[{"embeddable":true,"href":"https:\/\/diverkion.com\/ca\/wp-json\/wp\/v2\/comments?post=1323"}],"wp:featuredmedia":[{"embeddable":true,"href":"https:\/\/diverkion.com\/ca\/wp-json\/wp\/v2\/media\/1324"}],"wp:attachment":[{"href":"https:\/\/diverkion.com\/ca\/wp-json\/wp\/v2\/media?parent=1323"}],"wp:term":[{"taxonomy":"product_brand","embeddable":true,"href":"https:\/\/diverkion.com\/ca\/wp-json\/wp\/v2\/product_brand?post=1323"},{"taxonomy":"product_cat","embeddable":true,"href":"https:\/\/diverkion.com\/ca\/wp-json\/wp\/v2\/product_cat?post=1323"},{"taxonomy":"product_tag","embeddable":true,"href":"https:\/\/diverkion.com\/ca\/wp-json\/wp\/v2\/product_tag?post=1323"}],"curies":[{"name":"wp","href":"https:\/\/api.w.org\/{rel}","templated":true}]}}