{"id":18,"date":"2022-01-05T21:52:15","date_gmt":"2022-01-05T21:52:15","guid":{"rendered":"https:\/\/diverkion.com\/?page_id=18"},"modified":"2022-03-22T22:35:32","modified_gmt":"2022-03-22T21:35:32","slug":"contacto","status":"publish","type":"page","link":"https:\/\/diverkion.com\/ca\/contacto\/","title":{"rendered":"Contacte"},"content":{"rendered":"<p>Pots posar-te en contacte amb nosaltres mitjan\u00e7ant el seg\u00fcent formulari, o b\u00e9 al correu electr\u00f2nic diverkion@gmail.com o per missatge directe al nostre compte d'Instagram @diver_kion<\/p>\n<p>Moltes gr\u00e0cies.<\/p>\n<p>\u00a0<\/p>\n\n<div class=\"wp-block-jetpack-contact-form\"><a href=\"https:\/\/diverkion.com\/ca\/contacto\/\" target=\"_blank\" rel=\"noopener noreferrer\">Envia un formulari.<\/a><\/div>","protected":false},"excerpt":{"rendered":"<p>Puedes ponerte en contacto con nosotros mediante el siguiente formulario, o bien en el correo electr\u00f3nico diverkion@gmail.com o por mensaje directo en nuestra cuenta de Instagram @diver_kion Muchas gracias. \u00a0<\/p>","protected":false},"author":1,"featured_media":0,"parent":0,"menu_order":0,"comment_status":"closed","ping_status":"closed","template":"","meta":{"footnotes":""},"class_list":["post-18","page","type-page","status-publish","hentry"],"yoast_head":"<!-- This site is optimized with the Yoast SEO plugin v27.3 - https:\/\/yoast.com\/product\/yoast-seo-wordpress\/ -->\n<title>Contacto - DIVERKION.COM<\/title>\n<meta name=\"robots\" content=\"index, follow, max-snippet:-1, max-image-preview:large, max-video-preview:-1\" \/>\n<link rel=\"canonical\" href=\"https:\/\/diverkion.com\/ca\/contacto\/\" \/>\n<meta property=\"og:locale\" content=\"ca_ES\" \/>\n<meta property=\"og:type\" content=\"article\" \/>\n<meta property=\"og:title\" content=\"Contacto - DIVERKION.COM\" \/>\n<meta property=\"og:description\" content=\"Puedes ponerte en contacto con nosotros mediante el siguiente formulario, o bien en el correo electr\u00f3nico diverkion@gmail.com o por mensaje directo en nuestra cuenta de Instagram @diver_kion Muchas gracias. \u00a0\" \/>\n<meta property=\"og:url\" content=\"https:\/\/diverkion.com\/ca\/contacto\/\" \/>\n<meta property=\"og:site_name\" content=\"DIVERKION.COM\" \/>\n<meta property=\"article:publisher\" content=\"https:\/\/www.facebook.com\/Diverkion-113642764558588\" \/>\n<meta property=\"article:modified_time\" content=\"2022-03-22T21:35:32+00:00\" \/>\n<meta property=\"og:image\" content=\"https:\/\/i0.wp.com\/diverkion.com\/wp-content\/uploads\/2022\/01\/cropped-ICONE-WEB-1.jpg?fit=512%2C512&ssl=1\" \/>\n\t<meta property=\"og:image:width\" content=\"512\" \/>\n\t<meta property=\"og:image:height\" content=\"512\" \/>\n\t<meta property=\"og:image:type\" content=\"image\/jpeg\" \/>\n<meta name=\"twitter:card\" content=\"summary_large_image\" \/>\n<meta name=\"twitter:label1\" content=\"Temps estimat de lectura\" \/>\n\t<meta name=\"twitter:data1\" content=\"1 minut\" \/>\n<script type=\"application\/ld+json\" class=\"yoast-schema-graph\">{\"@context\":\"https:\\\/\\\/schema.org\",\"@graph\":[{\"@type\":\"WebPage\",\"@id\":\"https:\\\/\\\/diverkion.com\\\/contacto\\\/\",\"url\":\"https:\\\/\\\/diverkion.com\\\/contacto\\\/\",\"name\":\"Contacto - DIVERKION.COM\",\"isPartOf\":{\"@id\":\"https:\\\/\\\/diverkion.com\\\/#website\"},\"datePublished\":\"2022-01-05T21:52:15+00:00\",\"dateModified\":\"2022-03-22T21:35:32+00:00\",\"breadcrumb\":{\"@id\":\"https:\\\/\\\/diverkion.com\\\/contacto\\\/#breadcrumb\"},\"inLanguage\":\"ca\",\"potentialAction\":[{\"@type\":\"ReadAction\",\"target\":[\"https:\\\/\\\/diverkion.com\\\/contacto\\\/\"]}]},{\"@type\":\"BreadcrumbList\",\"@id\":\"https:\\\/\\\/diverkion.com\\\/contacto\\\/#breadcrumb\",\"itemListElement\":[{\"@type\":\"ListItem\",\"position\":1,\"name\":\"Portada\",\"item\":\"https:\\\/\\\/diverkion.com\\\/\"},{\"@type\":\"ListItem\",\"position\":2,\"name\":\"Contacto\"}]},{\"@type\":\"WebSite\",\"@id\":\"https:\\\/\\\/diverkion.com\\\/#website\",\"url\":\"https:\\\/\\\/diverkion.com\\\/\",\"name\":\"DIVERKION.COM\",\"description\":\"DIVERKION\",\"publisher\":{\"@id\":\"https:\\\/\\\/diverkion.com\\\/#organization\"},\"potentialAction\":[{\"@type\":\"SearchAction\",\"target\":{\"@type\":\"EntryPoint\",\"urlTemplate\":\"https:\\\/\\\/diverkion.com\\\/?s={search_term_string}\"},\"query-input\":{\"@type\":\"PropertyValueSpecification\",\"valueRequired\":true,\"valueName\":\"search_term_string\"}}],\"inLanguage\":\"ca\"},{\"@type\":\"Organization\",\"@id\":\"https:\\\/\\\/diverkion.com\\\/#organization\",\"name\":\"DIVERKION.COM\",\"url\":\"https:\\\/\\\/diverkion.com\\\/\",\"logo\":{\"@type\":\"ImageObject\",\"inLanguage\":\"ca\",\"@id\":\"https:\\\/\\\/diverkion.com\\\/#\\\/schema\\\/logo\\\/image\\\/\",\"url\":\"https:\\\/\\\/i0.wp.com\\\/diverkion.com\\\/wp-content\\\/uploads\\\/2022\\\/07\\\/LOGO-1-NOU.jpg?fit=1600%2C572&ssl=1\",\"contentUrl\":\"https:\\\/\\\/i0.wp.com\\\/diverkion.com\\\/wp-content\\\/uploads\\\/2022\\\/07\\\/LOGO-1-NOU.jpg?fit=1600%2C572&ssl=1\",\"width\":1600,\"height\":572,\"caption\":\"DIVERKION.COM\"},\"image\":{\"@id\":\"https:\\\/\\\/diverkion.com\\\/#\\\/schema\\\/logo\\\/image\\\/\"},\"sameAs\":[\"https:\\\/\\\/www.facebook.com\\\/Diverkion-113642764558588\",\"https:\\\/\\\/www.instagram.com\\\/diver_kion\\\/\"]}]}<\/script>\n<!-- \/ Yoast SEO plugin. -->","yoast_head_json":{"title":"Contacto - DIVERKION.COM","robots":{"index":"index","follow":"follow","max-snippet":"max-snippet:-1","max-image-preview":"max-image-preview:large","max-video-preview":"max-video-preview:-1"},"canonical":"https:\/\/diverkion.com\/ca\/contacto\/","og_locale":"ca_ES","og_type":"article","og_title":"Contacto - DIVERKION.COM","og_description":"Puedes ponerte en contacto con nosotros mediante el siguiente formulario, o bien en el correo electr\u00f3nico diverkion@gmail.com o por mensaje directo en nuestra cuenta de Instagram @diver_kion Muchas gracias. \u00a0","og_url":"https:\/\/diverkion.com\/ca\/contacto\/","og_site_name":"DIVERKION.COM","article_publisher":"https:\/\/www.facebook.com\/Diverkion-113642764558588","article_modified_time":"2022-03-22T21:35:32+00:00","og_image":[{"width":512,"height":512,"url":"https:\/\/i0.wp.com\/diverkion.com\/wp-content\/uploads\/2022\/01\/cropped-ICONE-WEB-1.jpg?fit=512%2C512&ssl=1","type":"image\/jpeg"}],"twitter_card":"summary_large_image","twitter_misc":{"Temps estimat de lectura":"1 minut"},"schema":{"@context":"https:\/\/schema.org","@graph":[{"@type":"WebPage","@id":"https:\/\/diverkion.com\/contacto\/","url":"https:\/\/diverkion.com\/contacto\/","name":"Contacto - DIVERKION.COM","isPartOf":{"@id":"https:\/\/diverkion.com\/#website"},"datePublished":"2022-01-05T21:52:15+00:00","dateModified":"2022-03-22T21:35:32+00:00","breadcrumb":{"@id":"https:\/\/diverkion.com\/contacto\/#breadcrumb"},"inLanguage":"ca","potentialAction":[{"@type":"ReadAction","target":["https:\/\/diverkion.com\/contacto\/"]}]},{"@type":"BreadcrumbList","@id":"https:\/\/diverkion.com\/contacto\/#breadcrumb","itemListElement":[{"@type":"ListItem","position":1,"name":"Portada","item":"https:\/\/diverkion.com\/"},{"@type":"ListItem","position":2,"name":"Contacto"}]},{"@type":"WebSite","@id":"https:\/\/diverkion.com\/#website","url":"https:\/\/diverkion.com\/","name":"DIVERKION.COM","description":"DIVERKION","publisher":{"@id":"https:\/\/diverkion.com\/#organization"},"potentialAction":[{"@type":"SearchAction","target":{"@type":"EntryPoint","urlTemplate":"https:\/\/diverkion.com\/?s={search_term_string}"},"query-input":{"@type":"PropertyValueSpecification","valueRequired":true,"valueName":"search_term_string"}}],"inLanguage":"ca"},{"@type":"Organization","@id":"https:\/\/diverkion.com\/#organization","name":"DIVERKION.COM","url":"https:\/\/diverkion.com\/","logo":{"@type":"ImageObject","inLanguage":"ca","@id":"https:\/\/diverkion.com\/#\/schema\/logo\/image\/","url":"https:\/\/i0.wp.com\/diverkion.com\/wp-content\/uploads\/2022\/07\/LOGO-1-NOU.jpg?fit=1600%2C572&ssl=1","contentUrl":"https:\/\/i0.wp.com\/diverkion.com\/wp-content\/uploads\/2022\/07\/LOGO-1-NOU.jpg?fit=1600%2C572&ssl=1","width":1600,"height":572,"caption":"DIVERKION.COM"},"image":{"@id":"https:\/\/diverkion.com\/#\/schema\/logo\/image\/"},"sameAs":["https:\/\/www.facebook.com\/Diverkion-113642764558588","https:\/\/www.instagram.com\/diver_kion\/"]}]}},"jetpack-related-posts":[{"id":1376,"url":"https:\/\/diverkion.com\/ca\/cesta-de-los-tesoros\/","url_meta":{"origin":18,"position":0},"title":"Crea tu cesta","author":"diveradmin","date":"1717\/0202\/pmpmpmpm","format":false,"excerpt":"Ind\u00edcanos qu\u00e9 productos te interesar\u00eda que contenga tu cesta de los tesoros ideal y te haremos presupuesto a medida.A partir de 20 art\u00edculos, obtienes un 10% de descuento sobre el que ser\u00eda su valor de venta habitual en web.Al finalizar este formulario no se realiza directamente el pago. Nosotros nos\u2026","rel":"","context":"Entrada similar","block_context":{"text":"Entrada similar","link":""},"img":{"alt_text":"CREA TU CESTA IDEAL","src":"https:\/\/i0.wp.com\/diverkion.com\/wp-content\/uploads\/2022\/10\/CREA-TU-CESTA-IDEAL.jpg?resize=350%2C200&ssl=1","width":350,"height":200,"srcset":"https:\/\/i0.wp.com\/diverkion.com\/wp-content\/uploads\/2022\/10\/CREA-TU-CESTA-IDEAL.jpg?resize=350%2C200&ssl=1 1x, https:\/\/i0.wp.com\/diverkion.com\/wp-content\/uploads\/2022\/10\/CREA-TU-CESTA-IDEAL.jpg?resize=525%2C300&ssl=1 1.5x, https:\/\/i0.wp.com\/diverkion.com\/wp-content\/uploads\/2022\/10\/CREA-TU-CESTA-IDEAL.jpg?resize=700%2C400&ssl=1 2x"},"classes":[]}],"jetpack_sharing_enabled":true,"_links":{"self":[{"href":"https:\/\/diverkion.com\/ca\/wp-json\/wp\/v2\/pages\/18","targetHints":{"allow":["GET"]}}],"collection":[{"href":"https:\/\/diverkion.com\/ca\/wp-json\/wp\/v2\/pages"}],"about":[{"href":"https:\/\/diverkion.com\/ca\/wp-json\/wp\/v2\/types\/page"}],"author":[{"embeddable":true,"href":"https:\/\/diverkion.com\/ca\/wp-json\/wp\/v2\/users\/1"}],"replies":[{"embeddable":true,"href":"https:\/\/diverkion.com\/ca\/wp-json\/wp\/v2\/comments?post=18"}],"version-history":[{"count":4,"href":"https:\/\/diverkion.com\/ca\/wp-json\/wp\/v2\/pages\/18\/revisions"}],"predecessor-version":[{"id":1674,"href":"https:\/\/diverkion.com\/ca\/wp-json\/wp\/v2\/pages\/18\/revisions\/1674"}],"wp:attachment":[{"href":"https:\/\/diverkion.com\/ca\/wp-json\/wp\/v2\/media?parent=18"}],"curies":[{"name":"wp","href":"https:\/\/api.w.org\/{rel}","templated":true}]}}